{"id":78760,"date":"2025-06-19T20:37:59","date_gmt":"2025-06-19T20:37:59","guid":{"rendered":"https:\/\/www.tekkiesstore.cz\/product\/pop-mart-labubu-the-monsters-x-one-piece-series-sealed-case-12-blind-boxes\/"},"modified":"2026-05-05T00:38:15","modified_gmt":"2026-05-05T00:38:15","slug":"pop-mart-labubu-the-monsters-x-one-piece-series-sealed-case-12-blind-boxes","status":"publish","type":"product","link":"https:\/\/zaloha.tekkiesstore.cz\/sk\/produkt\/pop-mart-labubu-the-monsters-x-one-piece-series-sealed-case-12-blind-boxes\/","title":{"rendered":"POP MART LABUBU THE MONSTERS X ONE PIECE SERIES SEALED CASE (12 BLIND BOXES)"},"content":{"rendered":"<p><strong>Labubu \u2013 origin\u00e1lne prekvapiv\u00e9 balenia pln\u00e9 prekvapen\u00ed<\/strong><\/p>\n<p>Objavte svet magick\u00fdch fig\u00farok Labubu od Pop Mart \u2013 100 % origin\u00e1lnych, ofici\u00e1lne distribuovan\u00fdch a pln\u00fdch jedine\u010dn\u00e9ho \u0161armu! Sme \u0161pecialisti na zberate\u013esk\u00e9 fig\u00farky a prin\u00e1\u0161ame v\u00e1m nielen v\u00fdber najob\u013e\u00fabenej\u0161\u00edch mot\u00edvov, ale aj mo\u017enos\u0165 za\u017ei\u0165 vzru\u0161enie a rados\u0165 z ne\u010dakan\u00e9ho \u2013 s neotvorenou slepou krabi\u010dkou.<\/p>\n<p><strong>Blind box \u2013 skryt\u00e9 prekvapenie vo vn\u00fatri<\/strong><\/p>\n<p>Ka\u017ed\u00fd blind box obsahuje jednu n\u00e1hodn\u00fa fig\u00farku z konkr\u00e9tnej s\u00e9rie. Box je zape\u010daten\u00fd, nikdy neotvoren\u00fd \u2013 len vy zist\u00edte, \u010do je vo vn\u00fatri! A to je na tom to magick\u00e9 \u2013 \u010dist\u00e1 rados\u0165 z prekvapenia, ktor\u00e9 \u010dak\u00e1 len na v\u00e1s. Ve\u013ekos\u0165 jednej fig\u00farky je 15 cm.<\/p>\n<p>Upozornenie: Blind boxy nie je mo\u017en\u00e9 vr\u00e1ti\u0165 \u2013 box je neotvoren\u00fd a zost\u00e1va zape\u010daten\u00fd a\u017e do momentu otvorenia.<\/p>\n","protected":false},"excerpt":{"rendered":"<p>Labubu \u2013 origin\u00e1lne prekvapiv\u00e9 balenia pln\u00e9 prekvapen\u00ed Objavte svet magick\u00fdch fig\u00farok Labubu od Pop Mart \u2013 100 % origin\u00e1lnych, ofici\u00e1lne distribuovan\u00fdch a pln\u00fdch jedine\u010dn\u00e9ho \u0161armu! Sme \u0161pecialisti na zberate\u013esk\u00e9 fig\u00farky a prin\u00e1\u0161ame v\u00e1m nielen v\u00fdber najob\u013e\u00fabenej\u0161\u00edch mot\u00edvov, ale aj mo\u017enos\u0165 za\u017ei\u0165 vzru\u0161enie a rados\u0165 z ne\u010dakan\u00e9ho \u2013 s neotvorenou slepou krabi\u010dkou. Blind box \u2013 skryt\u00e9 [&hellip;]<\/p>\n","protected":false},"featured_media":77959,"template":"","meta":{"_acf_changed":false},"product_brand":[],"product_cat":[449],"product_tag":[],"woo-feed-brand":[],"class_list":{"0":"post-78760","1":"product","2":"type-product","3":"status-publish","4":"has-post-thumbnail","6":"product_cat-labubu","8":"first","9":"instock","10":"shipping-taxable","11":"purchasable","12":"product-type-simple"},"acf":[],"yoast_head":"<!-- This site is optimized with the Yoast SEO plugin v26.6 - https:\/\/yoast.com\/wordpress\/plugins\/seo\/ -->\n<title>POP MART LABUBU THE MONSTERS X ONE PIECE SERIES SEALED CASE (12 BLIND BOXES) | Tekkies Store<\/title>\n<meta name=\"robots\" content=\"noindex, follow, max-snippet:-1, max-image-preview:large, max-video-preview:-1\" \/>\n<meta property=\"og:locale\" content=\"sk_SK\" \/>\n<meta property=\"og:type\" content=\"article\" \/>\n<meta property=\"og:title\" content=\"POP MART LABUBU THE MONSTERS X ONE PIECE SERIES SEALED CASE (12 BLIND BOXES) | Tekkies Store\" \/>\n<meta property=\"og:description\" content=\"Labubu \u2013 origin\u00e1lne prekvapiv\u00e9 balenia pln\u00e9 prekvapen\u00ed Objavte svet magick\u00fdch fig\u00farok Labubu od Pop Mart \u2013 100 % origin\u00e1lnych, ofici\u00e1lne distribuovan\u00fdch a pln\u00fdch jedine\u010dn\u00e9ho \u0161armu! Sme \u0161pecialisti na zberate\u013esk\u00e9 fig\u00farky a prin\u00e1\u0161ame v\u00e1m nielen v\u00fdber najob\u013e\u00fabenej\u0161\u00edch mot\u00edvov, ale aj mo\u017enos\u0165 za\u017ei\u0165 vzru\u0161enie a rados\u0165 z ne\u010dakan\u00e9ho \u2013 s neotvorenou slepou krabi\u010dkou. Blind box \u2013 skryt\u00e9 [&hellip;]\" \/>\n<meta property=\"og:url\" content=\"https:\/\/zaloha.tekkiesstore.cz\/sk\/produkt\/pop-mart-labubu-the-monsters-x-one-piece-series-sealed-case-12-blind-boxes\/\" \/>\n<meta property=\"og:site_name\" content=\"Tekkies Store\" \/>\n<meta property=\"article:publisher\" content=\"https:\/\/www.facebook.com\/profile.php?id=100090575808845\" \/>\n<meta property=\"article:modified_time\" content=\"2026-05-05T00:38:15+00:00\" \/>\n<meta property=\"og:image\" content=\"https:\/\/zaloha.tekkiesstore.cz\/wp-content\/uploads\/2025\/06\/Pop-Mart-Labubu-The-Monsters-x-One-Piece-Series-Sealed-Case-12-Blind-Boxes.webp\" \/>\n\t<meta property=\"og:image:width\" content=\"1000\" \/>\n\t<meta property=\"og:image:height\" content=\"600\" \/>\n\t<meta property=\"og:image:type\" content=\"image\/webp\" \/>\n<meta name=\"twitter:card\" content=\"summary_large_image\" \/>\n<meta name=\"twitter:label1\" content=\"Predpokladan\u00fd \u010das \u010d\u00edtania\" \/>\n\t<meta name=\"twitter:data1\" content=\"1 min\u00fata\" \/>\n<script type=\"application\/ld+json\" class=\"yoast-schema-graph\">{\"@context\":\"https:\/\/schema.org\",\"@graph\":[{\"@type\":\"WebPage\",\"@id\":\"https:\/\/zaloha.tekkiesstore.cz\/sk\/produkt\/pop-mart-labubu-the-monsters-x-one-piece-series-sealed-case-12-blind-boxes\/\",\"url\":\"https:\/\/zaloha.tekkiesstore.cz\/sk\/produkt\/pop-mart-labubu-the-monsters-x-one-piece-series-sealed-case-12-blind-boxes\/\",\"name\":\"POP MART LABUBU THE MONSTERS X ONE PIECE SERIES SEALED CASE (12 BLIND BOXES) | Tekkies Store\",\"isPartOf\":{\"@id\":\"https:\/\/zaloha.tekkiesstore.cz\/#website\"},\"primaryImageOfPage\":{\"@id\":\"https:\/\/zaloha.tekkiesstore.cz\/sk\/produkt\/pop-mart-labubu-the-monsters-x-one-piece-series-sealed-case-12-blind-boxes\/#primaryimage\"},\"image\":{\"@id\":\"https:\/\/zaloha.tekkiesstore.cz\/sk\/produkt\/pop-mart-labubu-the-monsters-x-one-piece-series-sealed-case-12-blind-boxes\/#primaryimage\"},\"thumbnailUrl\":\"https:\/\/zaloha.tekkiesstore.cz\/wp-content\/uploads\/2025\/06\/Pop-Mart-Labubu-The-Monsters-x-One-Piece-Series-Sealed-Case-12-Blind-Boxes.webp\",\"datePublished\":\"2025-06-19T20:37:59+00:00\",\"dateModified\":\"2026-05-05T00:38:15+00:00\",\"breadcrumb\":{\"@id\":\"https:\/\/zaloha.tekkiesstore.cz\/sk\/produkt\/pop-mart-labubu-the-monsters-x-one-piece-series-sealed-case-12-blind-boxes\/#breadcrumb\"},\"inLanguage\":\"sk-SK\",\"potentialAction\":[{\"@type\":\"ReadAction\",\"target\":[\"https:\/\/zaloha.tekkiesstore.cz\/sk\/produkt\/pop-mart-labubu-the-monsters-x-one-piece-series-sealed-case-12-blind-boxes\/\"]}]},{\"@type\":\"ImageObject\",\"inLanguage\":\"sk-SK\",\"@id\":\"https:\/\/zaloha.tekkiesstore.cz\/sk\/produkt\/pop-mart-labubu-the-monsters-x-one-piece-series-sealed-case-12-blind-boxes\/#primaryimage\",\"url\":\"https:\/\/zaloha.tekkiesstore.cz\/wp-content\/uploads\/2025\/06\/Pop-Mart-Labubu-The-Monsters-x-One-Piece-Series-Sealed-Case-12-Blind-Boxes.webp\",\"contentUrl\":\"https:\/\/zaloha.tekkiesstore.cz\/wp-content\/uploads\/2025\/06\/Pop-Mart-Labubu-The-Monsters-x-One-Piece-Series-Sealed-Case-12-Blind-Boxes.webp\",\"width\":1000,\"height\":600},{\"@type\":\"BreadcrumbList\",\"@id\":\"https:\/\/zaloha.tekkiesstore.cz\/sk\/produkt\/pop-mart-labubu-the-monsters-x-one-piece-series-sealed-case-12-blind-boxes\/#breadcrumb\",\"itemListElement\":[{\"@type\":\"ListItem\",\"position\":1,\"name\":\"Home\",\"item\":\"https:\/\/zaloha.tekkiesstore.cz\/\"},{\"@type\":\"ListItem\",\"position\":2,\"name\":\"Produkty\",\"item\":\"https:\/\/zaloha.tekkiesstore.cz\/shop\/\"},{\"@type\":\"ListItem\",\"position\":3,\"name\":\"POP MART LABUBU THE MONSTERS X ONE PIECE SERIES SEALED CASE (12 BLIND BOXES)\"}]},{\"@type\":\"WebSite\",\"@id\":\"https:\/\/zaloha.tekkiesstore.cz\/#website\",\"url\":\"https:\/\/zaloha.tekkiesstore.cz\/\",\"name\":\"Tekkies Store\",\"description\":\"Zna\u010dkov\u00e9 tenisky &amp; oble\u010den\u00ed\",\"publisher\":{\"@id\":\"https:\/\/zaloha.tekkiesstore.cz\/#organization\"},\"potentialAction\":[{\"@type\":\"SearchAction\",\"target\":{\"@type\":\"EntryPoint\",\"urlTemplate\":\"https:\/\/zaloha.tekkiesstore.cz\/?s={search_term_string}\"},\"query-input\":{\"@type\":\"PropertyValueSpecification\",\"valueRequired\":true,\"valueName\":\"search_term_string\"}}],\"inLanguage\":\"sk-SK\"},{\"@type\":\"Organization\",\"@id\":\"https:\/\/zaloha.tekkiesstore.cz\/#organization\",\"name\":\"Tekkies Store\",\"url\":\"https:\/\/zaloha.tekkiesstore.cz\/\",\"logo\":{\"@type\":\"ImageObject\",\"inLanguage\":\"sk-SK\",\"@id\":\"https:\/\/zaloha.tekkiesstore.cz\/#\/schema\/logo\/image\/\",\"url\":\"https:\/\/www.tekkiesstore.cz\/wp-content\/uploads\/2023\/11\/logo.png\",\"contentUrl\":\"https:\/\/www.tekkiesstore.cz\/wp-content\/uploads\/2023\/11\/logo.png\",\"width\":165,\"height\":58,\"caption\":\"Tekkies Store\"},\"image\":{\"@id\":\"https:\/\/zaloha.tekkiesstore.cz\/#\/schema\/logo\/image\/\"},\"sameAs\":[\"https:\/\/www.facebook.com\/profile.php?id=100090575808845\"]}]}<\/script>\n<!-- \/ Yoast SEO plugin. -->","yoast_head_json":{"title":"POP MART LABUBU THE MONSTERS X ONE PIECE SERIES SEALED CASE (12 BLIND BOXES) | Tekkies Store","robots":{"index":"noindex","follow":"follow","max-snippet":"max-snippet:-1","max-image-preview":"max-image-preview:large","max-video-preview":"max-video-preview:-1"},"og_locale":"sk_SK","og_type":"article","og_title":"POP MART LABUBU THE MONSTERS X ONE PIECE SERIES SEALED CASE (12 BLIND BOXES) | Tekkies Store","og_description":"Labubu \u2013 origin\u00e1lne prekvapiv\u00e9 balenia pln\u00e9 prekvapen\u00ed Objavte svet magick\u00fdch fig\u00farok Labubu od Pop Mart \u2013 100 % origin\u00e1lnych, ofici\u00e1lne distribuovan\u00fdch a pln\u00fdch jedine\u010dn\u00e9ho \u0161armu! Sme \u0161pecialisti na zberate\u013esk\u00e9 fig\u00farky a prin\u00e1\u0161ame v\u00e1m nielen v\u00fdber najob\u013e\u00fabenej\u0161\u00edch mot\u00edvov, ale aj mo\u017enos\u0165 za\u017ei\u0165 vzru\u0161enie a rados\u0165 z ne\u010dakan\u00e9ho \u2013 s neotvorenou slepou krabi\u010dkou. Blind box \u2013 skryt\u00e9 [&hellip;]","og_url":"https:\/\/zaloha.tekkiesstore.cz\/sk\/produkt\/pop-mart-labubu-the-monsters-x-one-piece-series-sealed-case-12-blind-boxes\/","og_site_name":"Tekkies Store","article_publisher":"https:\/\/www.facebook.com\/profile.php?id=100090575808845","article_modified_time":"2026-05-05T00:38:15+00:00","og_image":[{"width":1000,"height":600,"url":"https:\/\/zaloha.tekkiesstore.cz\/wp-content\/uploads\/2025\/06\/Pop-Mart-Labubu-The-Monsters-x-One-Piece-Series-Sealed-Case-12-Blind-Boxes.webp","type":"image\/webp"}],"twitter_card":"summary_large_image","twitter_misc":{"Predpokladan\u00fd \u010das \u010d\u00edtania":"1 min\u00fata"},"schema":{"@context":"https:\/\/schema.org","@graph":[{"@type":"WebPage","@id":"https:\/\/zaloha.tekkiesstore.cz\/sk\/produkt\/pop-mart-labubu-the-monsters-x-one-piece-series-sealed-case-12-blind-boxes\/","url":"https:\/\/zaloha.tekkiesstore.cz\/sk\/produkt\/pop-mart-labubu-the-monsters-x-one-piece-series-sealed-case-12-blind-boxes\/","name":"POP MART LABUBU THE MONSTERS X ONE PIECE SERIES SEALED CASE (12 BLIND BOXES) | Tekkies Store","isPartOf":{"@id":"https:\/\/zaloha.tekkiesstore.cz\/#website"},"primaryImageOfPage":{"@id":"https:\/\/zaloha.tekkiesstore.cz\/sk\/produkt\/pop-mart-labubu-the-monsters-x-one-piece-series-sealed-case-12-blind-boxes\/#primaryimage"},"image":{"@id":"https:\/\/zaloha.tekkiesstore.cz\/sk\/produkt\/pop-mart-labubu-the-monsters-x-one-piece-series-sealed-case-12-blind-boxes\/#primaryimage"},"thumbnailUrl":"https:\/\/zaloha.tekkiesstore.cz\/wp-content\/uploads\/2025\/06\/Pop-Mart-Labubu-The-Monsters-x-One-Piece-Series-Sealed-Case-12-Blind-Boxes.webp","datePublished":"2025-06-19T20:37:59+00:00","dateModified":"2026-05-05T00:38:15+00:00","breadcrumb":{"@id":"https:\/\/zaloha.tekkiesstore.cz\/sk\/produkt\/pop-mart-labubu-the-monsters-x-one-piece-series-sealed-case-12-blind-boxes\/#breadcrumb"},"inLanguage":"sk-SK","potentialAction":[{"@type":"ReadAction","target":["https:\/\/zaloha.tekkiesstore.cz\/sk\/produkt\/pop-mart-labubu-the-monsters-x-one-piece-series-sealed-case-12-blind-boxes\/"]}]},{"@type":"ImageObject","inLanguage":"sk-SK","@id":"https:\/\/zaloha.tekkiesstore.cz\/sk\/produkt\/pop-mart-labubu-the-monsters-x-one-piece-series-sealed-case-12-blind-boxes\/#primaryimage","url":"https:\/\/zaloha.tekkiesstore.cz\/wp-content\/uploads\/2025\/06\/Pop-Mart-Labubu-The-Monsters-x-One-Piece-Series-Sealed-Case-12-Blind-Boxes.webp","contentUrl":"https:\/\/zaloha.tekkiesstore.cz\/wp-content\/uploads\/2025\/06\/Pop-Mart-Labubu-The-Monsters-x-One-Piece-Series-Sealed-Case-12-Blind-Boxes.webp","width":1000,"height":600},{"@type":"BreadcrumbList","@id":"https:\/\/zaloha.tekkiesstore.cz\/sk\/produkt\/pop-mart-labubu-the-monsters-x-one-piece-series-sealed-case-12-blind-boxes\/#breadcrumb","itemListElement":[{"@type":"ListItem","position":1,"name":"Home","item":"https:\/\/zaloha.tekkiesstore.cz\/"},{"@type":"ListItem","position":2,"name":"Produkty","item":"https:\/\/zaloha.tekkiesstore.cz\/shop\/"},{"@type":"ListItem","position":3,"name":"POP MART LABUBU THE MONSTERS X ONE PIECE SERIES SEALED CASE (12 BLIND BOXES)"}]},{"@type":"WebSite","@id":"https:\/\/zaloha.tekkiesstore.cz\/#website","url":"https:\/\/zaloha.tekkiesstore.cz\/","name":"Tekkies Store","description":"Zna\u010dkov\u00e9 tenisky &amp; oble\u010den\u00ed","publisher":{"@id":"https:\/\/zaloha.tekkiesstore.cz\/#organization"},"potentialAction":[{"@type":"SearchAction","target":{"@type":"EntryPoint","urlTemplate":"https:\/\/zaloha.tekkiesstore.cz\/?s={search_term_string}"},"query-input":{"@type":"PropertyValueSpecification","valueRequired":true,"valueName":"search_term_string"}}],"inLanguage":"sk-SK"},{"@type":"Organization","@id":"https:\/\/zaloha.tekkiesstore.cz\/#organization","name":"Tekkies Store","url":"https:\/\/zaloha.tekkiesstore.cz\/","logo":{"@type":"ImageObject","inLanguage":"sk-SK","@id":"https:\/\/zaloha.tekkiesstore.cz\/#\/schema\/logo\/image\/","url":"https:\/\/www.tekkiesstore.cz\/wp-content\/uploads\/2023\/11\/logo.png","contentUrl":"https:\/\/www.tekkiesstore.cz\/wp-content\/uploads\/2023\/11\/logo.png","width":165,"height":58,"caption":"Tekkies Store"},"image":{"@id":"https:\/\/zaloha.tekkiesstore.cz\/#\/schema\/logo\/image\/"},"sameAs":["https:\/\/www.facebook.com\/profile.php?id=100090575808845"]}]}},"_links":{"self":[{"href":"https:\/\/zaloha.tekkiesstore.cz\/sk\/wp-json\/wp\/v2\/product\/78760","targetHints":{"allow":["GET"]}}],"collection":[{"href":"https:\/\/zaloha.tekkiesstore.cz\/sk\/wp-json\/wp\/v2\/product"}],"about":[{"href":"https:\/\/zaloha.tekkiesstore.cz\/sk\/wp-json\/wp\/v2\/types\/product"}],"wp:featuredmedia":[{"embeddable":true,"href":"https:\/\/zaloha.tekkiesstore.cz\/sk\/wp-json\/wp\/v2\/media\/77959"}],"wp:attachment":[{"href":"https:\/\/zaloha.tekkiesstore.cz\/sk\/wp-json\/wp\/v2\/media?parent=78760"}],"wp:term":[{"taxonomy":"product_brand","embeddable":true,"href":"https:\/\/zaloha.tekkiesstore.cz\/sk\/wp-json\/wp\/v2\/product_brand?post=78760"},{"taxonomy":"product_cat","embeddable":true,"href":"https:\/\/zaloha.tekkiesstore.cz\/sk\/wp-json\/wp\/v2\/product_cat?post=78760"},{"taxonomy":"product_tag","embeddable":true,"href":"https:\/\/zaloha.tekkiesstore.cz\/sk\/wp-json\/wp\/v2\/product_tag?post=78760"},{"taxonomy":"woo-feed-brand","embeddable":true,"href":"https:\/\/zaloha.tekkiesstore.cz\/sk\/wp-json\/wp\/v2\/woo-feed-brand?post=78760"}],"curies":[{"name":"wp","href":"https:\/\/api.w.org\/{rel}","templated":true}]}}