{"id":37724,"date":"2023-10-25T06:50:09","date_gmt":"2023-11-24T15:24:32","guid":{"rendered":"https:\/\/www.tekkiesstore.cz\/product\/air-jordan-1-high-court-purple-2-0\/"},"modified":"2023-11-24T15:24:33","modified_gmt":"2023-11-24T15:24:33","slug":"air-jordan-1-retro-high-court-purple-w","status":"publish","type":"product","link":"https:\/\/zaloha.tekkiesstore.cz\/sk\/produkt\/air-jordan-1-retro-high-court-purple-w\/","title":{"rendered":"AIR JORDAN 1 HIGH COURT PURPLE 2.0"},"content":{"rendered":"<p>Tieto tenisky s\u00fa nielen \u0161t\u00fdlov\u00e9, ale v\u010faka pou\u017eitiu prvotriednych materi\u00e1lov vynikaj\u00fa aj svojou kvalitou. Prv\u00fd model Air Jordan 1 High Bred bol vydan\u00fd v roku 1985. Objavte pohodlie a jedine\u010dn\u00fd \u0161t\u00fdl s modelom Air Jordan 1 High z Tekkiesstore. Odpor\u00fa\u010dame pou\u017ei\u0165 kvalitn\u00fa impregn\u00e1ciu na ochranu tenisiek pred vodou a in\u00fdmi vonkaj\u0161\u00edmi vplyvmi.<\/p>\n","protected":false},"excerpt":{"rendered":"<p>Tieto tenisky s\u00fa nielen \u0161t\u00fdlov\u00e9, ale v\u010faka pou\u017eitiu prvotriednych materi\u00e1lov vynikaj\u00fa aj svojou kvalitou. Prv\u00fd model Air Jordan 1 High Bred bol vydan\u00fd v roku 1985. Objavte pohodlie a jedine\u010dn\u00fd \u0161t\u00fdl s modelom Air Jordan 1 High z Tekkiesstore. Odpor\u00fa\u010dame pou\u017ei\u0165 kvalitn\u00fa impregn\u00e1ciu na ochranu tenisiek pred vodou a in\u00fdmi vonkaj\u0161\u00edmi vplyvmi.<\/p>\n","protected":false},"featured_media":376,"template":"","meta":{"_acf_changed":false},"product_brand":[],"product_cat":[59,57,320],"product_tag":[],"woo-feed-brand":[],"class_list":{"0":"post-37724","1":"product","2":"type-product","3":"status-publish","4":"has-post-thumbnail","6":"product_cat-tenisky","7":"product_cat-air-jordan","8":"product_cat-air-jordan-1-mid","10":"first","11":"onbackorder","12":"shipping-taxable","13":"purchasable","14":"product-type-variable"},"acf":[],"yoast_head":"<!-- This site is optimized with the Yoast SEO plugin v26.6 - https:\/\/yoast.com\/wordpress\/plugins\/seo\/ -->\n<title>AIR JORDAN 1 HIGH COURT PURPLE 2.0 | Tekkies Store<\/title>\n<meta name=\"robots\" content=\"noindex, follow, max-snippet:-1, max-image-preview:large, max-video-preview:-1\" \/>\n<meta property=\"og:locale\" content=\"sk_SK\" \/>\n<meta property=\"og:type\" content=\"article\" \/>\n<meta property=\"og:title\" content=\"AIR JORDAN 1 HIGH COURT PURPLE 2.0 | Tekkies Store\" \/>\n<meta property=\"og:description\" content=\"Tieto tenisky s\u00fa nielen \u0161t\u00fdlov\u00e9, ale v\u010faka pou\u017eitiu prvotriednych materi\u00e1lov vynikaj\u00fa aj svojou kvalitou. Prv\u00fd model Air Jordan 1 High Bred bol vydan\u00fd v roku 1985. Objavte pohodlie a jedine\u010dn\u00fd \u0161t\u00fdl s modelom Air Jordan 1 High z Tekkiesstore. Odpor\u00fa\u010dame pou\u017ei\u0165 kvalitn\u00fa impregn\u00e1ciu na ochranu tenisiek pred vodou a in\u00fdmi vonkaj\u0161\u00edmi vplyvmi.\" \/>\n<meta property=\"og:url\" content=\"https:\/\/zaloha.tekkiesstore.cz\/sk\/produkt\/air-jordan-1-retro-high-court-purple-w\/\" \/>\n<meta property=\"og:site_name\" content=\"Tekkies Store\" \/>\n<meta property=\"article:publisher\" content=\"https:\/\/www.facebook.com\/profile.php?id=100090575808845\" \/>\n<meta property=\"article:modified_time\" content=\"2023-11-24T15:24:33+00:00\" \/>\n<meta property=\"og:image\" content=\"https:\/\/zaloha.tekkiesstore.cz\/wp-content\/uploads\/2023\/10\/air-jordan-1-retro-high-court-purple-w-1-1000.png\" \/>\n\t<meta property=\"og:image:width\" content=\"1000\" \/>\n\t<meta property=\"og:image:height\" content=\"600\" \/>\n\t<meta property=\"og:image:type\" content=\"image\/png\" \/>\n<meta name=\"twitter:card\" content=\"summary_large_image\" \/>\n<script type=\"application\/ld+json\" class=\"yoast-schema-graph\">{\"@context\":\"https:\/\/schema.org\",\"@graph\":[{\"@type\":\"WebPage\",\"@id\":\"https:\/\/zaloha.tekkiesstore.cz\/sk\/produkt\/air-jordan-1-retro-high-court-purple-w\/\",\"url\":\"https:\/\/zaloha.tekkiesstore.cz\/sk\/produkt\/air-jordan-1-retro-high-court-purple-w\/\",\"name\":\"AIR JORDAN 1 HIGH COURT PURPLE 2.0 | Tekkies Store\",\"isPartOf\":{\"@id\":\"https:\/\/zaloha.tekkiesstore.cz\/#website\"},\"primaryImageOfPage\":{\"@id\":\"https:\/\/zaloha.tekkiesstore.cz\/sk\/produkt\/air-jordan-1-retro-high-court-purple-w\/#primaryimage\"},\"image\":{\"@id\":\"https:\/\/zaloha.tekkiesstore.cz\/sk\/produkt\/air-jordan-1-retro-high-court-purple-w\/#primaryimage\"},\"thumbnailUrl\":\"https:\/\/zaloha.tekkiesstore.cz\/wp-content\/uploads\/2023\/10\/air-jordan-1-retro-high-court-purple-w-1-1000.png\",\"datePublished\":\"2023-11-24T15:24:32+00:00\",\"dateModified\":\"2023-11-24T15:24:33+00:00\",\"breadcrumb\":{\"@id\":\"https:\/\/zaloha.tekkiesstore.cz\/sk\/produkt\/air-jordan-1-retro-high-court-purple-w\/#breadcrumb\"},\"inLanguage\":\"sk-SK\",\"potentialAction\":[{\"@type\":\"ReadAction\",\"target\":[\"https:\/\/zaloha.tekkiesstore.cz\/sk\/produkt\/air-jordan-1-retro-high-court-purple-w\/\"]}]},{\"@type\":\"ImageObject\",\"inLanguage\":\"sk-SK\",\"@id\":\"https:\/\/zaloha.tekkiesstore.cz\/sk\/produkt\/air-jordan-1-retro-high-court-purple-w\/#primaryimage\",\"url\":\"https:\/\/zaloha.tekkiesstore.cz\/wp-content\/uploads\/2023\/10\/air-jordan-1-retro-high-court-purple-w-1-1000.png\",\"contentUrl\":\"https:\/\/zaloha.tekkiesstore.cz\/wp-content\/uploads\/2023\/10\/air-jordan-1-retro-high-court-purple-w-1-1000.png\",\"width\":1000,\"height\":600},{\"@type\":\"BreadcrumbList\",\"@id\":\"https:\/\/zaloha.tekkiesstore.cz\/sk\/produkt\/air-jordan-1-retro-high-court-purple-w\/#breadcrumb\",\"itemListElement\":[{\"@type\":\"ListItem\",\"position\":1,\"name\":\"Home\",\"item\":\"https:\/\/zaloha.tekkiesstore.cz\/\"},{\"@type\":\"ListItem\",\"position\":2,\"name\":\"Produkty\",\"item\":\"https:\/\/zaloha.tekkiesstore.cz\/shop\/\"},{\"@type\":\"ListItem\",\"position\":3,\"name\":\"AIR JORDAN 1 HIGH COURT PURPLE 2.0\"}]},{\"@type\":\"WebSite\",\"@id\":\"https:\/\/zaloha.tekkiesstore.cz\/#website\",\"url\":\"https:\/\/zaloha.tekkiesstore.cz\/\",\"name\":\"Tekkies Store\",\"description\":\"Zna\u010dkov\u00e9 tenisky &amp; oble\u010den\u00ed\",\"publisher\":{\"@id\":\"https:\/\/zaloha.tekkiesstore.cz\/#organization\"},\"potentialAction\":[{\"@type\":\"SearchAction\",\"target\":{\"@type\":\"EntryPoint\",\"urlTemplate\":\"https:\/\/zaloha.tekkiesstore.cz\/?s={search_term_string}\"},\"query-input\":{\"@type\":\"PropertyValueSpecification\",\"valueRequired\":true,\"valueName\":\"search_term_string\"}}],\"inLanguage\":\"sk-SK\"},{\"@type\":\"Organization\",\"@id\":\"https:\/\/zaloha.tekkiesstore.cz\/#organization\",\"name\":\"Tekkies Store\",\"url\":\"https:\/\/zaloha.tekkiesstore.cz\/\",\"logo\":{\"@type\":\"ImageObject\",\"inLanguage\":\"sk-SK\",\"@id\":\"https:\/\/zaloha.tekkiesstore.cz\/#\/schema\/logo\/image\/\",\"url\":\"https:\/\/www.tekkiesstore.cz\/wp-content\/uploads\/2023\/11\/logo.png\",\"contentUrl\":\"https:\/\/www.tekkiesstore.cz\/wp-content\/uploads\/2023\/11\/logo.png\",\"width\":165,\"height\":58,\"caption\":\"Tekkies Store\"},\"image\":{\"@id\":\"https:\/\/zaloha.tekkiesstore.cz\/#\/schema\/logo\/image\/\"},\"sameAs\":[\"https:\/\/www.facebook.com\/profile.php?id=100090575808845\"]}]}<\/script>\n<!-- \/ Yoast SEO plugin. -->","yoast_head_json":{"title":"AIR JORDAN 1 HIGH COURT PURPLE 2.0 | Tekkies Store","robots":{"index":"noindex","follow":"follow","max-snippet":"max-snippet:-1","max-image-preview":"max-image-preview:large","max-video-preview":"max-video-preview:-1"},"og_locale":"sk_SK","og_type":"article","og_title":"AIR JORDAN 1 HIGH COURT PURPLE 2.0 | Tekkies Store","og_description":"Tieto tenisky s\u00fa nielen \u0161t\u00fdlov\u00e9, ale v\u010faka pou\u017eitiu prvotriednych materi\u00e1lov vynikaj\u00fa aj svojou kvalitou. Prv\u00fd model Air Jordan 1 High Bred bol vydan\u00fd v roku 1985. Objavte pohodlie a jedine\u010dn\u00fd \u0161t\u00fdl s modelom Air Jordan 1 High z Tekkiesstore. Odpor\u00fa\u010dame pou\u017ei\u0165 kvalitn\u00fa impregn\u00e1ciu na ochranu tenisiek pred vodou a in\u00fdmi vonkaj\u0161\u00edmi vplyvmi.","og_url":"https:\/\/zaloha.tekkiesstore.cz\/sk\/produkt\/air-jordan-1-retro-high-court-purple-w\/","og_site_name":"Tekkies Store","article_publisher":"https:\/\/www.facebook.com\/profile.php?id=100090575808845","article_modified_time":"2023-11-24T15:24:33+00:00","og_image":[{"width":1000,"height":600,"url":"https:\/\/zaloha.tekkiesstore.cz\/wp-content\/uploads\/2023\/10\/air-jordan-1-retro-high-court-purple-w-1-1000.png","type":"image\/png"}],"twitter_card":"summary_large_image","schema":{"@context":"https:\/\/schema.org","@graph":[{"@type":"WebPage","@id":"https:\/\/zaloha.tekkiesstore.cz\/sk\/produkt\/air-jordan-1-retro-high-court-purple-w\/","url":"https:\/\/zaloha.tekkiesstore.cz\/sk\/produkt\/air-jordan-1-retro-high-court-purple-w\/","name":"AIR JORDAN 1 HIGH COURT PURPLE 2.0 | Tekkies Store","isPartOf":{"@id":"https:\/\/zaloha.tekkiesstore.cz\/#website"},"primaryImageOfPage":{"@id":"https:\/\/zaloha.tekkiesstore.cz\/sk\/produkt\/air-jordan-1-retro-high-court-purple-w\/#primaryimage"},"image":{"@id":"https:\/\/zaloha.tekkiesstore.cz\/sk\/produkt\/air-jordan-1-retro-high-court-purple-w\/#primaryimage"},"thumbnailUrl":"https:\/\/zaloha.tekkiesstore.cz\/wp-content\/uploads\/2023\/10\/air-jordan-1-retro-high-court-purple-w-1-1000.png","datePublished":"2023-11-24T15:24:32+00:00","dateModified":"2023-11-24T15:24:33+00:00","breadcrumb":{"@id":"https:\/\/zaloha.tekkiesstore.cz\/sk\/produkt\/air-jordan-1-retro-high-court-purple-w\/#breadcrumb"},"inLanguage":"sk-SK","potentialAction":[{"@type":"ReadAction","target":["https:\/\/zaloha.tekkiesstore.cz\/sk\/produkt\/air-jordan-1-retro-high-court-purple-w\/"]}]},{"@type":"ImageObject","inLanguage":"sk-SK","@id":"https:\/\/zaloha.tekkiesstore.cz\/sk\/produkt\/air-jordan-1-retro-high-court-purple-w\/#primaryimage","url":"https:\/\/zaloha.tekkiesstore.cz\/wp-content\/uploads\/2023\/10\/air-jordan-1-retro-high-court-purple-w-1-1000.png","contentUrl":"https:\/\/zaloha.tekkiesstore.cz\/wp-content\/uploads\/2023\/10\/air-jordan-1-retro-high-court-purple-w-1-1000.png","width":1000,"height":600},{"@type":"BreadcrumbList","@id":"https:\/\/zaloha.tekkiesstore.cz\/sk\/produkt\/air-jordan-1-retro-high-court-purple-w\/#breadcrumb","itemListElement":[{"@type":"ListItem","position":1,"name":"Home","item":"https:\/\/zaloha.tekkiesstore.cz\/"},{"@type":"ListItem","position":2,"name":"Produkty","item":"https:\/\/zaloha.tekkiesstore.cz\/shop\/"},{"@type":"ListItem","position":3,"name":"AIR JORDAN 1 HIGH COURT PURPLE 2.0"}]},{"@type":"WebSite","@id":"https:\/\/zaloha.tekkiesstore.cz\/#website","url":"https:\/\/zaloha.tekkiesstore.cz\/","name":"Tekkies Store","description":"Zna\u010dkov\u00e9 tenisky &amp; oble\u010den\u00ed","publisher":{"@id":"https:\/\/zaloha.tekkiesstore.cz\/#organization"},"potentialAction":[{"@type":"SearchAction","target":{"@type":"EntryPoint","urlTemplate":"https:\/\/zaloha.tekkiesstore.cz\/?s={search_term_string}"},"query-input":{"@type":"PropertyValueSpecification","valueRequired":true,"valueName":"search_term_string"}}],"inLanguage":"sk-SK"},{"@type":"Organization","@id":"https:\/\/zaloha.tekkiesstore.cz\/#organization","name":"Tekkies Store","url":"https:\/\/zaloha.tekkiesstore.cz\/","logo":{"@type":"ImageObject","inLanguage":"sk-SK","@id":"https:\/\/zaloha.tekkiesstore.cz\/#\/schema\/logo\/image\/","url":"https:\/\/www.tekkiesstore.cz\/wp-content\/uploads\/2023\/11\/logo.png","contentUrl":"https:\/\/www.tekkiesstore.cz\/wp-content\/uploads\/2023\/11\/logo.png","width":165,"height":58,"caption":"Tekkies Store"},"image":{"@id":"https:\/\/zaloha.tekkiesstore.cz\/#\/schema\/logo\/image\/"},"sameAs":["https:\/\/www.facebook.com\/profile.php?id=100090575808845"]}]}},"_links":{"self":[{"href":"https:\/\/zaloha.tekkiesstore.cz\/sk\/wp-json\/wp\/v2\/product\/37724","targetHints":{"allow":["GET"]}}],"collection":[{"href":"https:\/\/zaloha.tekkiesstore.cz\/sk\/wp-json\/wp\/v2\/product"}],"about":[{"href":"https:\/\/zaloha.tekkiesstore.cz\/sk\/wp-json\/wp\/v2\/types\/product"}],"wp:featuredmedia":[{"embeddable":true,"href":"https:\/\/zaloha.tekkiesstore.cz\/sk\/wp-json\/wp\/v2\/media\/376"}],"wp:attachment":[{"href":"https:\/\/zaloha.tekkiesstore.cz\/sk\/wp-json\/wp\/v2\/media?parent=37724"}],"wp:term":[{"taxonomy":"product_brand","embeddable":true,"href":"https:\/\/zaloha.tekkiesstore.cz\/sk\/wp-json\/wp\/v2\/product_brand?post=37724"},{"taxonomy":"product_cat","embeddable":true,"href":"https:\/\/zaloha.tekkiesstore.cz\/sk\/wp-json\/wp\/v2\/product_cat?post=37724"},{"taxonomy":"product_tag","embeddable":true,"href":"https:\/\/zaloha.tekkiesstore.cz\/sk\/wp-json\/wp\/v2\/product_tag?post=37724"},{"taxonomy":"woo-feed-brand","embeddable":true,"href":"https:\/\/zaloha.tekkiesstore.cz\/sk\/wp-json\/wp\/v2\/woo-feed-brand?post=37724"}],"curies":[{"name":"wp","href":"https:\/\/api.w.org\/{rel}","templated":true}]}}