{"id":33537,"date":"2023-10-25T07:04:32","date_gmt":"2023-11-24T13:29:24","guid":{"rendered":"https:\/\/www.tekkiesstore.cz\/product\/nike-dunk-low-dark-marina-blue\/"},"modified":"2023-11-24T13:29:24","modified_gmt":"2023-11-24T13:29:24","slug":"nike-dunk-low-dark-marina-blue","status":"publish","type":"product","link":"https:\/\/zaloha.tekkiesstore.cz\/sk\/produkt\/nike-dunk-low-dark-marina-blue\/","title":{"rendered":"NIKE DUNK LOW DARK MARINA BLUE"},"content":{"rendered":"<p>Robustn\u00e1 kon\u0161trukcia a kvalitn\u00e9 materi\u00e1ly zaru\u010duj\u00fa dlh\u00fa \u017eivotnos\u0165 a pohodlie pri nosen\u00ed. Spolo\u010dnos\u0165 Nike bola zalo\u017een\u00e1 v roku 1964, vtedy v\u0161ak pod n\u00e1zvom Blue Ribbon Sports. In\u0161pirujte sa jedine\u010dn\u00fdm dizajnom Nike Dunk Low a objednajte si svoj vysn\u00edvan\u00fd p\u00e1r v Tekkiesstore. Pravidelne \u010distite povrch tenisiek m\u00e4kkou vlhkou handri\u010dkou, aby vyzerali ako nov\u00e9.<\/p>\n","protected":false},"excerpt":{"rendered":"<p>Robustn\u00e1 kon\u0161trukcia a kvalitn\u00e9 materi\u00e1ly zaru\u010duj\u00fa dlh\u00fa \u017eivotnos\u0165 a pohodlie pri nosen\u00ed. Spolo\u010dnos\u0165 Nike bola zalo\u017een\u00e1 v roku 1964, vtedy v\u0161ak pod n\u00e1zvom Blue Ribbon Sports. In\u0161pirujte sa jedine\u010dn\u00fdm dizajnom Nike Dunk Low a objednajte si svoj vysn\u00edvan\u00fd p\u00e1r v Tekkiesstore. Pravidelne \u010distite povrch tenisiek m\u00e4kkou vlhkou handri\u010dkou, aby vyzerali ako nov\u00e9.<\/p>\n","protected":false},"featured_media":2006,"template":"","meta":{"_acf_changed":false},"product_brand":[],"product_cat":[59,325,329],"product_tag":[],"woo-feed-brand":[],"class_list":{"0":"post-33537","1":"product","2":"type-product","3":"status-publish","4":"has-post-thumbnail","6":"product_cat-tenisky","7":"product_cat-nike","8":"product_cat-nike-dunk-low","10":"first","11":"onbackorder","12":"shipping-taxable","13":"purchasable","14":"product-type-variable"},"acf":[],"yoast_head":"<!-- This site is optimized with the Yoast SEO plugin v26.6 - https:\/\/yoast.com\/wordpress\/plugins\/seo\/ -->\n<title>NIKE DUNK LOW DARK MARINA BLUE | Tekkies Store<\/title>\n<meta name=\"robots\" content=\"noindex, follow, max-snippet:-1, max-image-preview:large, max-video-preview:-1\" \/>\n<meta property=\"og:locale\" content=\"sk_SK\" \/>\n<meta property=\"og:type\" content=\"article\" \/>\n<meta property=\"og:title\" content=\"NIKE DUNK LOW DARK MARINA BLUE | Tekkies Store\" \/>\n<meta property=\"og:description\" content=\"Robustn\u00e1 kon\u0161trukcia a kvalitn\u00e9 materi\u00e1ly zaru\u010duj\u00fa dlh\u00fa \u017eivotnos\u0165 a pohodlie pri nosen\u00ed. Spolo\u010dnos\u0165 Nike bola zalo\u017een\u00e1 v roku 1964, vtedy v\u0161ak pod n\u00e1zvom Blue Ribbon Sports. In\u0161pirujte sa jedine\u010dn\u00fdm dizajnom Nike Dunk Low a objednajte si svoj vysn\u00edvan\u00fd p\u00e1r v Tekkiesstore. Pravidelne \u010distite povrch tenisiek m\u00e4kkou vlhkou handri\u010dkou, aby vyzerali ako nov\u00e9.\" \/>\n<meta property=\"og:url\" content=\"https:\/\/zaloha.tekkiesstore.cz\/produkt\/nike-dunk-low-dark-marina-blue\/\" \/>\n<meta property=\"og:site_name\" content=\"Tekkies Store\" \/>\n<meta property=\"article:publisher\" content=\"https:\/\/www.facebook.com\/profile.php?id=100090575808845\" \/>\n<meta property=\"og:image\" content=\"https:\/\/zaloha.tekkiesstore.cz\/wp-content\/uploads\/2023\/10\/18070453_43079485_2048.webp\" \/>\n\t<meta property=\"og:image:width\" content=\"1100\" \/>\n\t<meta property=\"og:image:height\" content=\"660\" \/>\n\t<meta property=\"og:image:type\" content=\"image\/webp\" \/>\n<meta name=\"twitter:card\" content=\"summary_large_image\" \/>\n<script type=\"application\/ld+json\" class=\"yoast-schema-graph\">{\"@context\":\"https:\/\/schema.org\",\"@graph\":[{\"@type\":\"WebPage\",\"@id\":\"https:\/\/zaloha.tekkiesstore.cz\/produkt\/nike-dunk-low-dark-marina-blue\/\",\"url\":\"https:\/\/zaloha.tekkiesstore.cz\/produkt\/nike-dunk-low-dark-marina-blue\/\",\"name\":\"NIKE DUNK LOW DARK MARINA BLUE | Tekkies Store\",\"isPartOf\":{\"@id\":\"https:\/\/zaloha.tekkiesstore.cz\/#website\"},\"primaryImageOfPage\":{\"@id\":\"https:\/\/zaloha.tekkiesstore.cz\/produkt\/nike-dunk-low-dark-marina-blue\/#primaryimage\"},\"image\":{\"@id\":\"https:\/\/zaloha.tekkiesstore.cz\/produkt\/nike-dunk-low-dark-marina-blue\/#primaryimage\"},\"thumbnailUrl\":\"https:\/\/zaloha.tekkiesstore.cz\/wp-content\/uploads\/2023\/10\/18070453_43079485_2048.webp\",\"datePublished\":\"2023-11-24T13:29:24+00:00\",\"breadcrumb\":{\"@id\":\"https:\/\/zaloha.tekkiesstore.cz\/produkt\/nike-dunk-low-dark-marina-blue\/#breadcrumb\"},\"inLanguage\":\"sk-SK\",\"potentialAction\":[{\"@type\":\"ReadAction\",\"target\":[\"https:\/\/zaloha.tekkiesstore.cz\/produkt\/nike-dunk-low-dark-marina-blue\/\"]}]},{\"@type\":\"ImageObject\",\"inLanguage\":\"sk-SK\",\"@id\":\"https:\/\/zaloha.tekkiesstore.cz\/produkt\/nike-dunk-low-dark-marina-blue\/#primaryimage\",\"url\":\"https:\/\/zaloha.tekkiesstore.cz\/wp-content\/uploads\/2023\/10\/18070453_43079485_2048.webp\",\"contentUrl\":\"https:\/\/zaloha.tekkiesstore.cz\/wp-content\/uploads\/2023\/10\/18070453_43079485_2048.webp\",\"width\":1100,\"height\":660},{\"@type\":\"BreadcrumbList\",\"@id\":\"https:\/\/zaloha.tekkiesstore.cz\/produkt\/nike-dunk-low-dark-marina-blue\/#breadcrumb\",\"itemListElement\":[{\"@type\":\"ListItem\",\"position\":1,\"name\":\"Home\",\"item\":\"https:\/\/zaloha.tekkiesstore.cz\/\"},{\"@type\":\"ListItem\",\"position\":2,\"name\":\"Produkty\",\"item\":\"https:\/\/zaloha.tekkiesstore.cz\/shop\/\"},{\"@type\":\"ListItem\",\"position\":3,\"name\":\"NIKE DUNK LOW DARK MARINA BLUE\"}]},{\"@type\":\"WebSite\",\"@id\":\"https:\/\/zaloha.tekkiesstore.cz\/#website\",\"url\":\"https:\/\/zaloha.tekkiesstore.cz\/\",\"name\":\"Tekkies Store\",\"description\":\"Zna\u010dkov\u00e9 tenisky &amp; oble\u010den\u00ed\",\"publisher\":{\"@id\":\"https:\/\/zaloha.tekkiesstore.cz\/#organization\"},\"potentialAction\":[{\"@type\":\"SearchAction\",\"target\":{\"@type\":\"EntryPoint\",\"urlTemplate\":\"https:\/\/zaloha.tekkiesstore.cz\/?s={search_term_string}\"},\"query-input\":{\"@type\":\"PropertyValueSpecification\",\"valueRequired\":true,\"valueName\":\"search_term_string\"}}],\"inLanguage\":\"sk-SK\"},{\"@type\":\"Organization\",\"@id\":\"https:\/\/zaloha.tekkiesstore.cz\/#organization\",\"name\":\"Tekkies Store\",\"url\":\"https:\/\/zaloha.tekkiesstore.cz\/\",\"logo\":{\"@type\":\"ImageObject\",\"inLanguage\":\"sk-SK\",\"@id\":\"https:\/\/zaloha.tekkiesstore.cz\/#\/schema\/logo\/image\/\",\"url\":\"https:\/\/www.tekkiesstore.cz\/wp-content\/uploads\/2023\/11\/logo.png\",\"contentUrl\":\"https:\/\/www.tekkiesstore.cz\/wp-content\/uploads\/2023\/11\/logo.png\",\"width\":165,\"height\":58,\"caption\":\"Tekkies Store\"},\"image\":{\"@id\":\"https:\/\/zaloha.tekkiesstore.cz\/#\/schema\/logo\/image\/\"},\"sameAs\":[\"https:\/\/www.facebook.com\/profile.php?id=100090575808845\"]}]}<\/script>\n<!-- \/ Yoast SEO plugin. -->","yoast_head_json":{"title":"NIKE DUNK LOW DARK MARINA BLUE | Tekkies Store","robots":{"index":"noindex","follow":"follow","max-snippet":"max-snippet:-1","max-image-preview":"max-image-preview:large","max-video-preview":"max-video-preview:-1"},"og_locale":"sk_SK","og_type":"article","og_title":"NIKE DUNK LOW DARK MARINA BLUE | Tekkies Store","og_description":"Robustn\u00e1 kon\u0161trukcia a kvalitn\u00e9 materi\u00e1ly zaru\u010duj\u00fa dlh\u00fa \u017eivotnos\u0165 a pohodlie pri nosen\u00ed. Spolo\u010dnos\u0165 Nike bola zalo\u017een\u00e1 v roku 1964, vtedy v\u0161ak pod n\u00e1zvom Blue Ribbon Sports. In\u0161pirujte sa jedine\u010dn\u00fdm dizajnom Nike Dunk Low a objednajte si svoj vysn\u00edvan\u00fd p\u00e1r v Tekkiesstore. Pravidelne \u010distite povrch tenisiek m\u00e4kkou vlhkou handri\u010dkou, aby vyzerali ako nov\u00e9.","og_url":"https:\/\/zaloha.tekkiesstore.cz\/produkt\/nike-dunk-low-dark-marina-blue\/","og_site_name":"Tekkies Store","article_publisher":"https:\/\/www.facebook.com\/profile.php?id=100090575808845","og_image":[{"width":1100,"height":660,"url":"https:\/\/zaloha.tekkiesstore.cz\/wp-content\/uploads\/2023\/10\/18070453_43079485_2048.webp","type":"image\/webp"}],"twitter_card":"summary_large_image","schema":{"@context":"https:\/\/schema.org","@graph":[{"@type":"WebPage","@id":"https:\/\/zaloha.tekkiesstore.cz\/produkt\/nike-dunk-low-dark-marina-blue\/","url":"https:\/\/zaloha.tekkiesstore.cz\/produkt\/nike-dunk-low-dark-marina-blue\/","name":"NIKE DUNK LOW DARK MARINA BLUE | Tekkies Store","isPartOf":{"@id":"https:\/\/zaloha.tekkiesstore.cz\/#website"},"primaryImageOfPage":{"@id":"https:\/\/zaloha.tekkiesstore.cz\/produkt\/nike-dunk-low-dark-marina-blue\/#primaryimage"},"image":{"@id":"https:\/\/zaloha.tekkiesstore.cz\/produkt\/nike-dunk-low-dark-marina-blue\/#primaryimage"},"thumbnailUrl":"https:\/\/zaloha.tekkiesstore.cz\/wp-content\/uploads\/2023\/10\/18070453_43079485_2048.webp","datePublished":"2023-11-24T13:29:24+00:00","breadcrumb":{"@id":"https:\/\/zaloha.tekkiesstore.cz\/produkt\/nike-dunk-low-dark-marina-blue\/#breadcrumb"},"inLanguage":"sk-SK","potentialAction":[{"@type":"ReadAction","target":["https:\/\/zaloha.tekkiesstore.cz\/produkt\/nike-dunk-low-dark-marina-blue\/"]}]},{"@type":"ImageObject","inLanguage":"sk-SK","@id":"https:\/\/zaloha.tekkiesstore.cz\/produkt\/nike-dunk-low-dark-marina-blue\/#primaryimage","url":"https:\/\/zaloha.tekkiesstore.cz\/wp-content\/uploads\/2023\/10\/18070453_43079485_2048.webp","contentUrl":"https:\/\/zaloha.tekkiesstore.cz\/wp-content\/uploads\/2023\/10\/18070453_43079485_2048.webp","width":1100,"height":660},{"@type":"BreadcrumbList","@id":"https:\/\/zaloha.tekkiesstore.cz\/produkt\/nike-dunk-low-dark-marina-blue\/#breadcrumb","itemListElement":[{"@type":"ListItem","position":1,"name":"Home","item":"https:\/\/zaloha.tekkiesstore.cz\/"},{"@type":"ListItem","position":2,"name":"Produkty","item":"https:\/\/zaloha.tekkiesstore.cz\/shop\/"},{"@type":"ListItem","position":3,"name":"NIKE DUNK LOW DARK MARINA BLUE"}]},{"@type":"WebSite","@id":"https:\/\/zaloha.tekkiesstore.cz\/#website","url":"https:\/\/zaloha.tekkiesstore.cz\/","name":"Tekkies Store","description":"Zna\u010dkov\u00e9 tenisky &amp; oble\u010den\u00ed","publisher":{"@id":"https:\/\/zaloha.tekkiesstore.cz\/#organization"},"potentialAction":[{"@type":"SearchAction","target":{"@type":"EntryPoint","urlTemplate":"https:\/\/zaloha.tekkiesstore.cz\/?s={search_term_string}"},"query-input":{"@type":"PropertyValueSpecification","valueRequired":true,"valueName":"search_term_string"}}],"inLanguage":"sk-SK"},{"@type":"Organization","@id":"https:\/\/zaloha.tekkiesstore.cz\/#organization","name":"Tekkies Store","url":"https:\/\/zaloha.tekkiesstore.cz\/","logo":{"@type":"ImageObject","inLanguage":"sk-SK","@id":"https:\/\/zaloha.tekkiesstore.cz\/#\/schema\/logo\/image\/","url":"https:\/\/www.tekkiesstore.cz\/wp-content\/uploads\/2023\/11\/logo.png","contentUrl":"https:\/\/www.tekkiesstore.cz\/wp-content\/uploads\/2023\/11\/logo.png","width":165,"height":58,"caption":"Tekkies Store"},"image":{"@id":"https:\/\/zaloha.tekkiesstore.cz\/#\/schema\/logo\/image\/"},"sameAs":["https:\/\/www.facebook.com\/profile.php?id=100090575808845"]}]}},"_links":{"self":[{"href":"https:\/\/zaloha.tekkiesstore.cz\/sk\/wp-json\/wp\/v2\/product\/33537","targetHints":{"allow":["GET"]}}],"collection":[{"href":"https:\/\/zaloha.tekkiesstore.cz\/sk\/wp-json\/wp\/v2\/product"}],"about":[{"href":"https:\/\/zaloha.tekkiesstore.cz\/sk\/wp-json\/wp\/v2\/types\/product"}],"wp:featuredmedia":[{"embeddable":true,"href":"https:\/\/zaloha.tekkiesstore.cz\/sk\/wp-json\/wp\/v2\/media\/2006"}],"wp:attachment":[{"href":"https:\/\/zaloha.tekkiesstore.cz\/sk\/wp-json\/wp\/v2\/media?parent=33537"}],"wp:term":[{"taxonomy":"product_brand","embeddable":true,"href":"https:\/\/zaloha.tekkiesstore.cz\/sk\/wp-json\/wp\/v2\/product_brand?post=33537"},{"taxonomy":"product_cat","embeddable":true,"href":"https:\/\/zaloha.tekkiesstore.cz\/sk\/wp-json\/wp\/v2\/product_cat?post=33537"},{"taxonomy":"product_tag","embeddable":true,"href":"https:\/\/zaloha.tekkiesstore.cz\/sk\/wp-json\/wp\/v2\/product_tag?post=33537"},{"taxonomy":"woo-feed-brand","embeddable":true,"href":"https:\/\/zaloha.tekkiesstore.cz\/sk\/wp-json\/wp\/v2\/woo-feed-brand?post=33537"}],"curies":[{"name":"wp","href":"https:\/\/api.w.org\/{rel}","templated":true}]}}