{"id":24736,"date":"2023-11-23T11:28:59","date_gmt":"2023-11-23T11:28:59","guid":{"rendered":"https:\/\/www.tekkiesstore.cz\/product\/virtualni-darkovy-poukaz-164-eur\/"},"modified":"2026-05-04T19:01:49","modified_gmt":"2026-05-04T19:01:49","slug":"virtualni-darkovy-poukaz-4000","status":"publish","type":"product","link":"https:\/\/zaloha.tekkiesstore.cz\/sk\/produkt\/virtualni-darkovy-poukaz-4000\/","title":{"rendered":"VIRTU\u00c1LN\u00cd D\u00c1RKOV\u00dd POUKAZ 164 EUR"},"content":{"rendered":"<div class=\"woocommerce-product-details__short-description\">\n<div class=\"woocommerce-product-details__short-description\">\n<p>Virtu\u00e1lnu dar\u010dekov\u00fa pouk\u00e1\u017eku dostanete do 24 hod\u00edn odo d\u0148a zaplatenia objedn\u00e1vky na vami zvolen\u00fa e-mailov\u00fa adresu alebo v\u00e1m ju m\u00f4\u017eeme posla\u0165 na vami zvolen\u00fa adresu. <strong>Virtu\u00e1lny dar\u010dekov\u00fd poukaz je platn\u00fd 8 mesiacov<\/strong><\/p>\n<\/div>\n<\/div>\n","protected":false},"excerpt":{"rendered":"<p>Virtu\u00e1lnu dar\u010dekov\u00fa pouk\u00e1\u017eku dostanete do 24 hod\u00edn odo d\u0148a zaplatenia objedn\u00e1vky na vami zvolen\u00fa e-mailov\u00fa adresu alebo v\u00e1m ju m\u00f4\u017eeme posla\u0165 na vami zvolen\u00fa adresu. Virtu\u00e1lny dar\u010dekov\u00fd poukaz je platn\u00fd 8 mesiacov<\/p>\n","protected":false},"featured_media":24706,"template":"","meta":{"_acf_changed":false},"product_brand":[],"product_cat":[370],"product_tag":[],"woo-feed-brand":[],"class_list":{"0":"post-24736","1":"product","2":"type-product","3":"status-publish","4":"has-post-thumbnail","6":"product_cat-poukazky","8":"first","9":"instock","10":"virtual","11":"purchasable","12":"product-type-simple"},"acf":[],"yoast_head":"<!-- This site is optimized with the Yoast SEO plugin v26.6 - https:\/\/yoast.com\/wordpress\/plugins\/seo\/ -->\n<title>VIRTU\u00c1LN\u00cd D\u00c1RKOV\u00dd POUKAZ 164 EUR | Tekkies Store<\/title>\n<meta name=\"robots\" content=\"noindex, follow, max-snippet:-1, max-image-preview:large, max-video-preview:-1\" \/>\n<meta property=\"og:locale\" content=\"sk_SK\" \/>\n<meta property=\"og:type\" content=\"article\" \/>\n<meta property=\"og:title\" content=\"VIRTU\u00c1LN\u00cd D\u00c1RKOV\u00dd POUKAZ 164 EUR | Tekkies Store\" \/>\n<meta property=\"og:description\" content=\"Virtu\u00e1lnu dar\u010dekov\u00fa pouk\u00e1\u017eku dostanete do 24 hod\u00edn odo d\u0148a zaplatenia objedn\u00e1vky na vami zvolen\u00fa e-mailov\u00fa adresu alebo v\u00e1m ju m\u00f4\u017eeme posla\u0165 na vami zvolen\u00fa adresu. Virtu\u00e1lny dar\u010dekov\u00fd poukaz je platn\u00fd 8 mesiacov\" \/>\n<meta property=\"og:url\" content=\"https:\/\/zaloha.tekkiesstore.cz\/sk\/produkt\/virtualni-darkovy-poukaz-4000\/\" \/>\n<meta property=\"og:site_name\" content=\"Tekkies Store\" \/>\n<meta property=\"article:publisher\" content=\"https:\/\/www.facebook.com\/profile.php?id=100090575808845\" \/>\n<meta property=\"article:modified_time\" content=\"2026-05-04T19:01:49+00:00\" \/>\n<meta property=\"og:image\" content=\"https:\/\/zaloha.tekkiesstore.cz\/wp-content\/uploads\/2023\/11\/29DBDC92-88E2-4418-B705-731DCD04FD5B.jpeg\" \/>\n\t<meta property=\"og:image:width\" content=\"2100\" \/>\n\t<meta property=\"og:image:height\" content=\"1000\" \/>\n\t<meta property=\"og:image:type\" content=\"image\/jpeg\" \/>\n<meta name=\"twitter:card\" content=\"summary_large_image\" \/>\n<meta name=\"twitter:label1\" content=\"Predpokladan\u00fd \u010das \u010d\u00edtania\" \/>\n\t<meta name=\"twitter:data1\" content=\"1 min\u00fata\" \/>\n<script type=\"application\/ld+json\" class=\"yoast-schema-graph\">{\"@context\":\"https:\/\/schema.org\",\"@graph\":[{\"@type\":\"WebPage\",\"@id\":\"https:\/\/zaloha.tekkiesstore.cz\/sk\/produkt\/virtualni-darkovy-poukaz-4000\/\",\"url\":\"https:\/\/zaloha.tekkiesstore.cz\/sk\/produkt\/virtualni-darkovy-poukaz-4000\/\",\"name\":\"VIRTU\u00c1LN\u00cd D\u00c1RKOV\u00dd POUKAZ 164 EUR | Tekkies Store\",\"isPartOf\":{\"@id\":\"https:\/\/zaloha.tekkiesstore.cz\/#website\"},\"primaryImageOfPage\":{\"@id\":\"https:\/\/zaloha.tekkiesstore.cz\/sk\/produkt\/virtualni-darkovy-poukaz-4000\/#primaryimage\"},\"image\":{\"@id\":\"https:\/\/zaloha.tekkiesstore.cz\/sk\/produkt\/virtualni-darkovy-poukaz-4000\/#primaryimage\"},\"thumbnailUrl\":\"https:\/\/zaloha.tekkiesstore.cz\/wp-content\/uploads\/2023\/11\/29DBDC92-88E2-4418-B705-731DCD04FD5B.jpeg\",\"datePublished\":\"2023-11-23T11:28:59+00:00\",\"dateModified\":\"2026-05-04T19:01:49+00:00\",\"breadcrumb\":{\"@id\":\"https:\/\/zaloha.tekkiesstore.cz\/sk\/produkt\/virtualni-darkovy-poukaz-4000\/#breadcrumb\"},\"inLanguage\":\"sk-SK\",\"potentialAction\":[{\"@type\":\"ReadAction\",\"target\":[\"https:\/\/zaloha.tekkiesstore.cz\/sk\/produkt\/virtualni-darkovy-poukaz-4000\/\"]}]},{\"@type\":\"ImageObject\",\"inLanguage\":\"sk-SK\",\"@id\":\"https:\/\/zaloha.tekkiesstore.cz\/sk\/produkt\/virtualni-darkovy-poukaz-4000\/#primaryimage\",\"url\":\"https:\/\/zaloha.tekkiesstore.cz\/wp-content\/uploads\/2023\/11\/29DBDC92-88E2-4418-B705-731DCD04FD5B.jpeg\",\"contentUrl\":\"https:\/\/zaloha.tekkiesstore.cz\/wp-content\/uploads\/2023\/11\/29DBDC92-88E2-4418-B705-731DCD04FD5B.jpeg\",\"width\":2100,\"height\":1000},{\"@type\":\"BreadcrumbList\",\"@id\":\"https:\/\/zaloha.tekkiesstore.cz\/sk\/produkt\/virtualni-darkovy-poukaz-4000\/#breadcrumb\",\"itemListElement\":[{\"@type\":\"ListItem\",\"position\":1,\"name\":\"Home\",\"item\":\"https:\/\/zaloha.tekkiesstore.cz\/\"},{\"@type\":\"ListItem\",\"position\":2,\"name\":\"Produkty\",\"item\":\"https:\/\/zaloha.tekkiesstore.cz\/shop\/\"},{\"@type\":\"ListItem\",\"position\":3,\"name\":\"VIRTU\u00c1LN\u00cd D\u00c1RKOV\u00dd POUKAZ 164 EUR\"}]},{\"@type\":\"WebSite\",\"@id\":\"https:\/\/zaloha.tekkiesstore.cz\/#website\",\"url\":\"https:\/\/zaloha.tekkiesstore.cz\/\",\"name\":\"Tekkies Store\",\"description\":\"Zna\u010dkov\u00e9 tenisky &amp; oble\u010den\u00ed\",\"publisher\":{\"@id\":\"https:\/\/zaloha.tekkiesstore.cz\/#organization\"},\"potentialAction\":[{\"@type\":\"SearchAction\",\"target\":{\"@type\":\"EntryPoint\",\"urlTemplate\":\"https:\/\/zaloha.tekkiesstore.cz\/?s={search_term_string}\"},\"query-input\":{\"@type\":\"PropertyValueSpecification\",\"valueRequired\":true,\"valueName\":\"search_term_string\"}}],\"inLanguage\":\"sk-SK\"},{\"@type\":\"Organization\",\"@id\":\"https:\/\/zaloha.tekkiesstore.cz\/#organization\",\"name\":\"Tekkies Store\",\"url\":\"https:\/\/zaloha.tekkiesstore.cz\/\",\"logo\":{\"@type\":\"ImageObject\",\"inLanguage\":\"sk-SK\",\"@id\":\"https:\/\/zaloha.tekkiesstore.cz\/#\/schema\/logo\/image\/\",\"url\":\"https:\/\/www.tekkiesstore.cz\/wp-content\/uploads\/2023\/11\/logo.png\",\"contentUrl\":\"https:\/\/www.tekkiesstore.cz\/wp-content\/uploads\/2023\/11\/logo.png\",\"width\":165,\"height\":58,\"caption\":\"Tekkies Store\"},\"image\":{\"@id\":\"https:\/\/zaloha.tekkiesstore.cz\/#\/schema\/logo\/image\/\"},\"sameAs\":[\"https:\/\/www.facebook.com\/profile.php?id=100090575808845\"]}]}<\/script>\n<!-- \/ Yoast SEO plugin. -->","yoast_head_json":{"title":"VIRTU\u00c1LN\u00cd D\u00c1RKOV\u00dd POUKAZ 164 EUR | Tekkies Store","robots":{"index":"noindex","follow":"follow","max-snippet":"max-snippet:-1","max-image-preview":"max-image-preview:large","max-video-preview":"max-video-preview:-1"},"og_locale":"sk_SK","og_type":"article","og_title":"VIRTU\u00c1LN\u00cd D\u00c1RKOV\u00dd POUKAZ 164 EUR | Tekkies Store","og_description":"Virtu\u00e1lnu dar\u010dekov\u00fa pouk\u00e1\u017eku dostanete do 24 hod\u00edn odo d\u0148a zaplatenia objedn\u00e1vky na vami zvolen\u00fa e-mailov\u00fa adresu alebo v\u00e1m ju m\u00f4\u017eeme posla\u0165 na vami zvolen\u00fa adresu. Virtu\u00e1lny dar\u010dekov\u00fd poukaz je platn\u00fd 8 mesiacov","og_url":"https:\/\/zaloha.tekkiesstore.cz\/sk\/produkt\/virtualni-darkovy-poukaz-4000\/","og_site_name":"Tekkies Store","article_publisher":"https:\/\/www.facebook.com\/profile.php?id=100090575808845","article_modified_time":"2026-05-04T19:01:49+00:00","og_image":[{"width":2100,"height":1000,"url":"https:\/\/zaloha.tekkiesstore.cz\/wp-content\/uploads\/2023\/11\/29DBDC92-88E2-4418-B705-731DCD04FD5B.jpeg","type":"image\/jpeg"}],"twitter_card":"summary_large_image","twitter_misc":{"Predpokladan\u00fd \u010das \u010d\u00edtania":"1 min\u00fata"},"schema":{"@context":"https:\/\/schema.org","@graph":[{"@type":"WebPage","@id":"https:\/\/zaloha.tekkiesstore.cz\/sk\/produkt\/virtualni-darkovy-poukaz-4000\/","url":"https:\/\/zaloha.tekkiesstore.cz\/sk\/produkt\/virtualni-darkovy-poukaz-4000\/","name":"VIRTU\u00c1LN\u00cd D\u00c1RKOV\u00dd POUKAZ 164 EUR | Tekkies Store","isPartOf":{"@id":"https:\/\/zaloha.tekkiesstore.cz\/#website"},"primaryImageOfPage":{"@id":"https:\/\/zaloha.tekkiesstore.cz\/sk\/produkt\/virtualni-darkovy-poukaz-4000\/#primaryimage"},"image":{"@id":"https:\/\/zaloha.tekkiesstore.cz\/sk\/produkt\/virtualni-darkovy-poukaz-4000\/#primaryimage"},"thumbnailUrl":"https:\/\/zaloha.tekkiesstore.cz\/wp-content\/uploads\/2023\/11\/29DBDC92-88E2-4418-B705-731DCD04FD5B.jpeg","datePublished":"2023-11-23T11:28:59+00:00","dateModified":"2026-05-04T19:01:49+00:00","breadcrumb":{"@id":"https:\/\/zaloha.tekkiesstore.cz\/sk\/produkt\/virtualni-darkovy-poukaz-4000\/#breadcrumb"},"inLanguage":"sk-SK","potentialAction":[{"@type":"ReadAction","target":["https:\/\/zaloha.tekkiesstore.cz\/sk\/produkt\/virtualni-darkovy-poukaz-4000\/"]}]},{"@type":"ImageObject","inLanguage":"sk-SK","@id":"https:\/\/zaloha.tekkiesstore.cz\/sk\/produkt\/virtualni-darkovy-poukaz-4000\/#primaryimage","url":"https:\/\/zaloha.tekkiesstore.cz\/wp-content\/uploads\/2023\/11\/29DBDC92-88E2-4418-B705-731DCD04FD5B.jpeg","contentUrl":"https:\/\/zaloha.tekkiesstore.cz\/wp-content\/uploads\/2023\/11\/29DBDC92-88E2-4418-B705-731DCD04FD5B.jpeg","width":2100,"height":1000},{"@type":"BreadcrumbList","@id":"https:\/\/zaloha.tekkiesstore.cz\/sk\/produkt\/virtualni-darkovy-poukaz-4000\/#breadcrumb","itemListElement":[{"@type":"ListItem","position":1,"name":"Home","item":"https:\/\/zaloha.tekkiesstore.cz\/"},{"@type":"ListItem","position":2,"name":"Produkty","item":"https:\/\/zaloha.tekkiesstore.cz\/shop\/"},{"@type":"ListItem","position":3,"name":"VIRTU\u00c1LN\u00cd D\u00c1RKOV\u00dd POUKAZ 164 EUR"}]},{"@type":"WebSite","@id":"https:\/\/zaloha.tekkiesstore.cz\/#website","url":"https:\/\/zaloha.tekkiesstore.cz\/","name":"Tekkies Store","description":"Zna\u010dkov\u00e9 tenisky &amp; oble\u010den\u00ed","publisher":{"@id":"https:\/\/zaloha.tekkiesstore.cz\/#organization"},"potentialAction":[{"@type":"SearchAction","target":{"@type":"EntryPoint","urlTemplate":"https:\/\/zaloha.tekkiesstore.cz\/?s={search_term_string}"},"query-input":{"@type":"PropertyValueSpecification","valueRequired":true,"valueName":"search_term_string"}}],"inLanguage":"sk-SK"},{"@type":"Organization","@id":"https:\/\/zaloha.tekkiesstore.cz\/#organization","name":"Tekkies Store","url":"https:\/\/zaloha.tekkiesstore.cz\/","logo":{"@type":"ImageObject","inLanguage":"sk-SK","@id":"https:\/\/zaloha.tekkiesstore.cz\/#\/schema\/logo\/image\/","url":"https:\/\/www.tekkiesstore.cz\/wp-content\/uploads\/2023\/11\/logo.png","contentUrl":"https:\/\/www.tekkiesstore.cz\/wp-content\/uploads\/2023\/11\/logo.png","width":165,"height":58,"caption":"Tekkies Store"},"image":{"@id":"https:\/\/zaloha.tekkiesstore.cz\/#\/schema\/logo\/image\/"},"sameAs":["https:\/\/www.facebook.com\/profile.php?id=100090575808845"]}]}},"_links":{"self":[{"href":"https:\/\/zaloha.tekkiesstore.cz\/sk\/wp-json\/wp\/v2\/product\/24736","targetHints":{"allow":["GET"]}}],"collection":[{"href":"https:\/\/zaloha.tekkiesstore.cz\/sk\/wp-json\/wp\/v2\/product"}],"about":[{"href":"https:\/\/zaloha.tekkiesstore.cz\/sk\/wp-json\/wp\/v2\/types\/product"}],"wp:featuredmedia":[{"embeddable":true,"href":"https:\/\/zaloha.tekkiesstore.cz\/sk\/wp-json\/wp\/v2\/media\/24706"}],"wp:attachment":[{"href":"https:\/\/zaloha.tekkiesstore.cz\/sk\/wp-json\/wp\/v2\/media?parent=24736"}],"wp:term":[{"taxonomy":"product_brand","embeddable":true,"href":"https:\/\/zaloha.tekkiesstore.cz\/sk\/wp-json\/wp\/v2\/product_brand?post=24736"},{"taxonomy":"product_cat","embeddable":true,"href":"https:\/\/zaloha.tekkiesstore.cz\/sk\/wp-json\/wp\/v2\/product_cat?post=24736"},{"taxonomy":"product_tag","embeddable":true,"href":"https:\/\/zaloha.tekkiesstore.cz\/sk\/wp-json\/wp\/v2\/product_tag?post=24736"},{"taxonomy":"woo-feed-brand","embeddable":true,"href":"https:\/\/zaloha.tekkiesstore.cz\/sk\/wp-json\/wp\/v2\/woo-feed-brand?post=24736"}],"curies":[{"name":"wp","href":"https:\/\/api.w.org\/{rel}","templated":true}]}}