{"id":25971,"date":"2023-11-23T21:04:21","date_gmt":"2023-11-23T21:04:21","guid":{"rendered":"https:\/\/www.tekkiesstore.cz\/cookies\/"},"modified":"2023-11-23T22:14:32","modified_gmt":"2023-11-23T22:14:32","slug":"cookies","status":"publish","type":"page","link":"https:\/\/zaloha.tekkiesstore.cz\/sk\/cookies\/","title":{"rendered":"Cookies"},"content":{"rendered":"<h2>\u010co s\u00fa to s\u00fabory cookie?<\/h2>\n<p>S\u00fabory cookie a \u010fal\u0161ie technol\u00f3gie n\u00e1m pom\u00e1haj\u00fa zlep\u0161ova\u0165 na\u0161e slu\u017eby, analyzova\u0165 v\u00fdkonnos\u0165 str\u00e1nky a umo\u017e\u0148uj\u00fa n\u00e1m pom\u00e1ha\u0165 z\u00e1kazn\u00edkom pri v\u00fdbere spr\u00e1vnych produktov. V nastaveniach si m\u00f4\u017eete vybra\u0165, ktor\u00e9 s\u00fabory cookie m\u00f4\u017eeme pou\u017e\u00edva\u0165. Svoj s\u00fahlas m\u00f4\u017eete kedyko\u013evek odvola\u0165.<\/p>\n<p>Pre\u010d\u00edtajte si na\u0161e z\u00e1sady spracovania <a href=\"https:\/\/www.tekkiesstore.cz\/sk\/zasady-ochrany-osobnych-udajov\/\">\u00fadajov z\u00e1sady o zpracov\u00e1n\u00ed osobn\u00edch \u00fadaj\u016f<\/a><\/p>\n<p>&nbsp;<\/p>\n<h2>Ktor\u00e9 s\u00fabory cookie zhroma\u017e\u010fujeme:<\/h2>\n<ul>\n<li><strong>Technick\u00e9 (nutn\u00e9)<br \/>\n<\/strong>S\u00fabory cookie potrebn\u00e9 na spr\u00e1vne fungovanie na\u0161ej webovej str\u00e1nky.<br \/>\nPopis: Tieto s\u00fabory cookie s\u00fa nevyhnutn\u00e9 pre spr\u00e1vne fungovanie webovej str\u00e1nky &#8211; zabezpe\u010duj\u00fa spr\u00e1vne zobrazovanie, odosielanie formul\u00e1rov, prid\u00e1vanie tovaru do ko\u0161\u00edka at\u010f.<\/li>\n<\/ul>\n<ul>\n<li><strong>Preferen\u010dn\u00ed<br \/>\n<\/strong>S\u00fabory cookie s preferenciami umo\u017e\u0148uj\u00fa webovej lokalite zapam\u00e4ta\u0165 si inform\u00e1cie, ktor\u00e9 menia spr\u00e1vanie alebo vzh\u013ead webovej lokality. Napr\u00edklad v\u00e1\u0161 preferovan\u00fd jazyk alebo regi\u00f3n, v ktorom sa nach\u00e1dzate.<\/li>\n<\/ul>\n<ul>\n<li><strong>\u0160tatistick\u00e9<br \/>\n<\/strong>\u0160tatistick\u00e9 s\u00fabory cookie pom\u00e1haj\u00fa majite\u013eom webov\u00fdch str\u00e1nok pochopi\u0165, ako n\u00e1v\u0161tevn\u00edci pou\u017e\u00edvaj\u00fa webov\u00e9 str\u00e1nky. Zhroma\u017e\u010fuj\u00fa a oznamuj\u00fa inform\u00e1cie anonymne.<\/li>\n<\/ul>\n","protected":false},"excerpt":{"rendered":"<p>\u010co s\u00fa to s\u00fabory cookie? S\u00fabory cookie a \u010fal\u0161ie technol\u00f3gie n\u00e1m pom\u00e1haj\u00fa zlep\u0161ova\u0165 na\u0161e slu\u017eby, analyzova\u0165 v\u00fdkonnos\u0165 str\u00e1nky a umo\u017e\u0148uj\u00fa n\u00e1m pom\u00e1ha\u0165 z\u00e1kazn\u00edkom pri v\u00fdbere spr\u00e1vnych produktov. V nastaveniach si m\u00f4\u017eete vybra\u0165, ktor\u00e9 s\u00fabory cookie m\u00f4\u017eeme pou\u017e\u00edva\u0165. Svoj s\u00fahlas m\u00f4\u017eete kedyko\u013evek odvola\u0165. Pre\u010d\u00edtajte si na\u0161e z\u00e1sady spracovania \u00fadajov z\u00e1sady o zpracov\u00e1n\u00ed osobn\u00edch \u00fadaj\u016f &nbsp; Ktor\u00e9 [&hellip;]<\/p>\n","protected":false},"author":1,"featured_media":0,"parent":0,"menu_order":0,"comment_status":"closed","ping_status":"closed","template":"","meta":{"_acf_changed":false,"footnotes":""},"class_list":["post-25971","page","type-page","status-publish","hentry"],"acf":[],"yoast_head":"<!-- This site is optimized with the Yoast SEO plugin v26.6 - https:\/\/yoast.com\/wordpress\/plugins\/seo\/ -->\n<title>Cookies | Tekkies Store<\/title>\n<meta name=\"robots\" content=\"noindex, follow, max-snippet:-1, max-image-preview:large, max-video-preview:-1\" \/>\n<meta property=\"og:locale\" content=\"sk_SK\" \/>\n<meta property=\"og:type\" content=\"article\" \/>\n<meta property=\"og:title\" content=\"Cookies | Tekkies Store\" \/>\n<meta property=\"og:description\" content=\"\u010co s\u00fa to s\u00fabory cookie? S\u00fabory cookie a \u010fal\u0161ie technol\u00f3gie n\u00e1m pom\u00e1haj\u00fa zlep\u0161ova\u0165 na\u0161e slu\u017eby, analyzova\u0165 v\u00fdkonnos\u0165 str\u00e1nky a umo\u017e\u0148uj\u00fa n\u00e1m pom\u00e1ha\u0165 z\u00e1kazn\u00edkom pri v\u00fdbere spr\u00e1vnych produktov. V nastaveniach si m\u00f4\u017eete vybra\u0165, ktor\u00e9 s\u00fabory cookie m\u00f4\u017eeme pou\u017e\u00edva\u0165. Svoj s\u00fahlas m\u00f4\u017eete kedyko\u013evek odvola\u0165. Pre\u010d\u00edtajte si na\u0161e z\u00e1sady spracovania \u00fadajov z\u00e1sady o zpracov\u00e1n\u00ed osobn\u00edch \u00fadaj\u016f &nbsp; Ktor\u00e9 [&hellip;]\" \/>\n<meta property=\"og:url\" content=\"https:\/\/zaloha.tekkiesstore.cz\/cookies\/\" \/>\n<meta property=\"og:site_name\" content=\"Tekkies Store\" \/>\n<meta property=\"article:publisher\" content=\"https:\/\/www.facebook.com\/profile.php?id=100090575808845\" \/>\n<meta property=\"article:modified_time\" content=\"2023-11-23T22:14:32+00:00\" \/>\n<meta property=\"og:image\" content=\"https:\/\/zaloha.tekkiesstore.cz\/wp-content\/uploads\/2023\/11\/Thumbnail.png\" \/>\n\t<meta property=\"og:image:width\" content=\"1146\" \/>\n\t<meta property=\"og:image:height\" content=\"613\" \/>\n\t<meta property=\"og:image:type\" content=\"image\/png\" \/>\n<meta name=\"twitter:card\" content=\"summary_large_image\" \/>\n<meta name=\"twitter:label1\" content=\"Predpokladan\u00fd \u010das \u010d\u00edtania\" \/>\n\t<meta name=\"twitter:data1\" content=\"1 min\u00fata\" \/>\n<script type=\"application\/ld+json\" class=\"yoast-schema-graph\">{\"@context\":\"https:\/\/schema.org\",\"@graph\":[{\"@type\":\"WebPage\",\"@id\":\"https:\/\/zaloha.tekkiesstore.cz\/cookies\/\",\"url\":\"https:\/\/zaloha.tekkiesstore.cz\/cookies\/\",\"name\":\"Cookies | Tekkies Store\",\"isPartOf\":{\"@id\":\"https:\/\/zaloha.tekkiesstore.cz\/#website\"},\"datePublished\":\"2023-11-23T21:04:21+00:00\",\"dateModified\":\"2023-11-23T22:14:32+00:00\",\"breadcrumb\":{\"@id\":\"https:\/\/zaloha.tekkiesstore.cz\/cookies\/#breadcrumb\"},\"inLanguage\":\"sk-SK\",\"potentialAction\":[{\"@type\":\"ReadAction\",\"target\":[\"https:\/\/zaloha.tekkiesstore.cz\/cookies\/\"]}]},{\"@type\":\"BreadcrumbList\",\"@id\":\"https:\/\/zaloha.tekkiesstore.cz\/cookies\/#breadcrumb\",\"itemListElement\":[{\"@type\":\"ListItem\",\"position\":1,\"name\":\"Home\",\"item\":\"https:\/\/zaloha.tekkiesstore.cz\/\"},{\"@type\":\"ListItem\",\"position\":2,\"name\":\"Cookies\"}]},{\"@type\":\"WebSite\",\"@id\":\"https:\/\/zaloha.tekkiesstore.cz\/#website\",\"url\":\"https:\/\/zaloha.tekkiesstore.cz\/\",\"name\":\"Tekkies Store\",\"description\":\"Zna\u010dkov\u00e9 tenisky &amp; oble\u010den\u00ed\",\"publisher\":{\"@id\":\"https:\/\/zaloha.tekkiesstore.cz\/#organization\"},\"potentialAction\":[{\"@type\":\"SearchAction\",\"target\":{\"@type\":\"EntryPoint\",\"urlTemplate\":\"https:\/\/zaloha.tekkiesstore.cz\/?s={search_term_string}\"},\"query-input\":{\"@type\":\"PropertyValueSpecification\",\"valueRequired\":true,\"valueName\":\"search_term_string\"}}],\"inLanguage\":\"sk-SK\"},{\"@type\":\"Organization\",\"@id\":\"https:\/\/zaloha.tekkiesstore.cz\/#organization\",\"name\":\"Tekkies Store\",\"url\":\"https:\/\/zaloha.tekkiesstore.cz\/\",\"logo\":{\"@type\":\"ImageObject\",\"inLanguage\":\"sk-SK\",\"@id\":\"https:\/\/zaloha.tekkiesstore.cz\/#\/schema\/logo\/image\/\",\"url\":\"https:\/\/www.tekkiesstore.cz\/wp-content\/uploads\/2023\/11\/logo.png\",\"contentUrl\":\"https:\/\/www.tekkiesstore.cz\/wp-content\/uploads\/2023\/11\/logo.png\",\"width\":165,\"height\":58,\"caption\":\"Tekkies Store\"},\"image\":{\"@id\":\"https:\/\/zaloha.tekkiesstore.cz\/#\/schema\/logo\/image\/\"},\"sameAs\":[\"https:\/\/www.facebook.com\/profile.php?id=100090575808845\"]}]}<\/script>\n<!-- \/ Yoast SEO plugin. -->","yoast_head_json":{"title":"Cookies | Tekkies Store","robots":{"index":"noindex","follow":"follow","max-snippet":"max-snippet:-1","max-image-preview":"max-image-preview:large","max-video-preview":"max-video-preview:-1"},"og_locale":"sk_SK","og_type":"article","og_title":"Cookies | Tekkies Store","og_description":"\u010co s\u00fa to s\u00fabory cookie? S\u00fabory cookie a \u010fal\u0161ie technol\u00f3gie n\u00e1m pom\u00e1haj\u00fa zlep\u0161ova\u0165 na\u0161e slu\u017eby, analyzova\u0165 v\u00fdkonnos\u0165 str\u00e1nky a umo\u017e\u0148uj\u00fa n\u00e1m pom\u00e1ha\u0165 z\u00e1kazn\u00edkom pri v\u00fdbere spr\u00e1vnych produktov. V nastaveniach si m\u00f4\u017eete vybra\u0165, ktor\u00e9 s\u00fabory cookie m\u00f4\u017eeme pou\u017e\u00edva\u0165. Svoj s\u00fahlas m\u00f4\u017eete kedyko\u013evek odvola\u0165. Pre\u010d\u00edtajte si na\u0161e z\u00e1sady spracovania \u00fadajov z\u00e1sady o zpracov\u00e1n\u00ed osobn\u00edch \u00fadaj\u016f &nbsp; Ktor\u00e9 [&hellip;]","og_url":"https:\/\/zaloha.tekkiesstore.cz\/cookies\/","og_site_name":"Tekkies Store","article_publisher":"https:\/\/www.facebook.com\/profile.php?id=100090575808845","article_modified_time":"2023-11-23T22:14:32+00:00","og_image":[{"width":1146,"height":613,"url":"https:\/\/zaloha.tekkiesstore.cz\/wp-content\/uploads\/2023\/11\/Thumbnail.png","type":"image\/png"}],"twitter_card":"summary_large_image","twitter_misc":{"Predpokladan\u00fd \u010das \u010d\u00edtania":"1 min\u00fata"},"schema":{"@context":"https:\/\/schema.org","@graph":[{"@type":"WebPage","@id":"https:\/\/zaloha.tekkiesstore.cz\/cookies\/","url":"https:\/\/zaloha.tekkiesstore.cz\/cookies\/","name":"Cookies | Tekkies Store","isPartOf":{"@id":"https:\/\/zaloha.tekkiesstore.cz\/#website"},"datePublished":"2023-11-23T21:04:21+00:00","dateModified":"2023-11-23T22:14:32+00:00","breadcrumb":{"@id":"https:\/\/zaloha.tekkiesstore.cz\/cookies\/#breadcrumb"},"inLanguage":"sk-SK","potentialAction":[{"@type":"ReadAction","target":["https:\/\/zaloha.tekkiesstore.cz\/cookies\/"]}]},{"@type":"BreadcrumbList","@id":"https:\/\/zaloha.tekkiesstore.cz\/cookies\/#breadcrumb","itemListElement":[{"@type":"ListItem","position":1,"name":"Home","item":"https:\/\/zaloha.tekkiesstore.cz\/"},{"@type":"ListItem","position":2,"name":"Cookies"}]},{"@type":"WebSite","@id":"https:\/\/zaloha.tekkiesstore.cz\/#website","url":"https:\/\/zaloha.tekkiesstore.cz\/","name":"Tekkies Store","description":"Zna\u010dkov\u00e9 tenisky &amp; oble\u010den\u00ed","publisher":{"@id":"https:\/\/zaloha.tekkiesstore.cz\/#organization"},"potentialAction":[{"@type":"SearchAction","target":{"@type":"EntryPoint","urlTemplate":"https:\/\/zaloha.tekkiesstore.cz\/?s={search_term_string}"},"query-input":{"@type":"PropertyValueSpecification","valueRequired":true,"valueName":"search_term_string"}}],"inLanguage":"sk-SK"},{"@type":"Organization","@id":"https:\/\/zaloha.tekkiesstore.cz\/#organization","name":"Tekkies Store","url":"https:\/\/zaloha.tekkiesstore.cz\/","logo":{"@type":"ImageObject","inLanguage":"sk-SK","@id":"https:\/\/zaloha.tekkiesstore.cz\/#\/schema\/logo\/image\/","url":"https:\/\/www.tekkiesstore.cz\/wp-content\/uploads\/2023\/11\/logo.png","contentUrl":"https:\/\/www.tekkiesstore.cz\/wp-content\/uploads\/2023\/11\/logo.png","width":165,"height":58,"caption":"Tekkies Store"},"image":{"@id":"https:\/\/zaloha.tekkiesstore.cz\/#\/schema\/logo\/image\/"},"sameAs":["https:\/\/www.facebook.com\/profile.php?id=100090575808845"]}]}},"_links":{"self":[{"href":"https:\/\/zaloha.tekkiesstore.cz\/sk\/wp-json\/wp\/v2\/pages\/25971","targetHints":{"allow":["GET"]}}],"collection":[{"href":"https:\/\/zaloha.tekkiesstore.cz\/sk\/wp-json\/wp\/v2\/pages"}],"about":[{"href":"https:\/\/zaloha.tekkiesstore.cz\/sk\/wp-json\/wp\/v2\/types\/page"}],"author":[{"embeddable":true,"href":"https:\/\/zaloha.tekkiesstore.cz\/sk\/wp-json\/wp\/v2\/users\/1"}],"replies":[{"embeddable":true,"href":"https:\/\/zaloha.tekkiesstore.cz\/sk\/wp-json\/wp\/v2\/comments?post=25971"}],"version-history":[{"count":0,"href":"https:\/\/zaloha.tekkiesstore.cz\/sk\/wp-json\/wp\/v2\/pages\/25971\/revisions"}],"wp:attachment":[{"href":"https:\/\/zaloha.tekkiesstore.cz\/sk\/wp-json\/wp\/v2\/media?parent=25971"}],"curies":[{"name":"wp","href":"https:\/\/api.w.org\/{rel}","templated":true}]}}