{"id":77749,"date":"2025-06-13T11:04:17","date_gmt":"2025-06-13T11:04:17","guid":{"rendered":"https:\/\/www.tekkiesstore.cz\/product\/pop-mart-labubu-the-monsters-have-a-seat-vinyl-plush-blind-box\/"},"modified":"2026-05-05T00:33:55","modified_gmt":"2026-05-05T00:33:55","slug":"pop-mart-labubu-the-monsters-have-a-seat-vinyl-plush-blind-box","status":"publish","type":"product","link":"https:\/\/zaloha.tekkiesstore.cz\/en\/product\/pop-mart-labubu-the-monsters-have-a-seat-vinyl-plush-blind-box\/","title":{"rendered":"POP MART LABUBU THE MONSTERS HAVE A SEAT VINYL PLUSH BLIND BOX"},"content":{"rendered":"<p><strong>Labubu &#8211; original blind box full of surprises<\/strong><\/p>\n<p>Discover the world of magical Labubu figures from Pop Mart &#8211; 100% original, officially distributed and full of distinctive charm! We are specialists in collectible figurines and we bring you not only a selection of the most popular motifs, but also the opportunity to experience the thrill and joy of the unexpected &#8211; with an unopened blind box.<\/p>\n<p><strong>Blind box &#8211; hidden surprises inside<\/strong><\/p>\n<p>Each blind box contains one random figure from a specific series. The box is sealed, never opened &#8211; you&#8217;ll find out what&#8217;s inside! And that&#8217;s the magic &#8211; the pure joy of the surprise that&#8217;s waiting just for you. The size of one figure is 15cm.<\/p>\n<p>Please note: Blind box cannot be returned &#8211; the box is unwrapped and remains sealed until revealed.<\/p>\n","protected":false},"excerpt":{"rendered":"<p>Labubu &#8211; original blind box full of surprises Discover the world of magical Labubu figures from Pop Mart &#8211; 100% original, officially distributed and full of distinctive charm! We are specialists in collectible figurines and we bring you not only a selection of the most popular motifs, but also the opportunity to experience the thrill [&hellip;]<\/p>\n","protected":false},"featured_media":77743,"template":"","meta":{"_acf_changed":false},"product_brand":[],"product_cat":[448],"product_tag":[],"woo-feed-brand":[],"class_list":{"0":"post-77749","1":"product","2":"type-product","3":"status-publish","4":"has-post-thumbnail","6":"product_cat-labubu","8":"first","9":"instock","10":"shipping-taxable","11":"purchasable","12":"product-type-simple"},"acf":[],"yoast_head":"<!-- This site is optimized with the Yoast SEO plugin v26.6 - https:\/\/yoast.com\/wordpress\/plugins\/seo\/ -->\n<title>POP MART LABUBU THE MONSTERS HAVE A SEAT VINYL PLUSH BLIND BOX | Tekkies Store<\/title>\n<meta name=\"robots\" content=\"noindex, follow, max-snippet:-1, max-image-preview:large, max-video-preview:-1\" \/>\n<meta property=\"og:locale\" content=\"en_US\" \/>\n<meta property=\"og:type\" content=\"article\" \/>\n<meta property=\"og:title\" content=\"POP MART LABUBU THE MONSTERS HAVE A SEAT VINYL PLUSH BLIND BOX | Tekkies Store\" \/>\n<meta property=\"og:description\" content=\"Labubu &#8211; original blind box full of surprises Discover the world of magical Labubu figures from Pop Mart &#8211; 100% original, officially distributed and full of distinctive charm! We are specialists in collectible figurines and we bring you not only a selection of the most popular motifs, but also the opportunity to experience the thrill [&hellip;]\" \/>\n<meta property=\"og:url\" content=\"https:\/\/zaloha.tekkiesstore.cz\/en\/product\/pop-mart-labubu-the-monsters-have-a-seat-vinyl-plush-blind-box\/\" \/>\n<meta property=\"og:site_name\" content=\"Tekkies Store\" \/>\n<meta property=\"article:publisher\" content=\"https:\/\/www.facebook.com\/profile.php?id=100090575808845\" \/>\n<meta property=\"article:modified_time\" content=\"2026-05-05T00:33:55+00:00\" \/>\n<meta property=\"og:image\" content=\"https:\/\/zaloha.tekkiesstore.cz\/wp-content\/uploads\/2025\/06\/Pop-Mart-Labubu-The-Monsters-Have-a-Seat-Vinyl-Plush-Blind-Box.webp\" \/>\n\t<meta property=\"og:image:width\" content=\"1024\" \/>\n\t<meta property=\"og:image:height\" content=\"768\" \/>\n\t<meta property=\"og:image:type\" content=\"image\/webp\" \/>\n<meta name=\"twitter:card\" content=\"summary_large_image\" \/>\n<meta name=\"twitter:label1\" content=\"Est. reading time\" \/>\n\t<meta name=\"twitter:data1\" content=\"1 minute\" \/>\n<script type=\"application\/ld+json\" class=\"yoast-schema-graph\">{\"@context\":\"https:\/\/schema.org\",\"@graph\":[{\"@type\":\"WebPage\",\"@id\":\"https:\/\/zaloha.tekkiesstore.cz\/en\/product\/pop-mart-labubu-the-monsters-have-a-seat-vinyl-plush-blind-box\/\",\"url\":\"https:\/\/zaloha.tekkiesstore.cz\/en\/product\/pop-mart-labubu-the-monsters-have-a-seat-vinyl-plush-blind-box\/\",\"name\":\"POP MART LABUBU THE MONSTERS HAVE A SEAT VINYL PLUSH BLIND BOX | Tekkies Store\",\"isPartOf\":{\"@id\":\"https:\/\/zaloha.tekkiesstore.cz\/#website\"},\"primaryImageOfPage\":{\"@id\":\"https:\/\/zaloha.tekkiesstore.cz\/en\/product\/pop-mart-labubu-the-monsters-have-a-seat-vinyl-plush-blind-box\/#primaryimage\"},\"image\":{\"@id\":\"https:\/\/zaloha.tekkiesstore.cz\/en\/product\/pop-mart-labubu-the-monsters-have-a-seat-vinyl-plush-blind-box\/#primaryimage\"},\"thumbnailUrl\":\"https:\/\/zaloha.tekkiesstore.cz\/wp-content\/uploads\/2025\/06\/Pop-Mart-Labubu-The-Monsters-Have-a-Seat-Vinyl-Plush-Blind-Box.webp\",\"datePublished\":\"2025-06-13T11:04:17+00:00\",\"dateModified\":\"2026-05-05T00:33:55+00:00\",\"breadcrumb\":{\"@id\":\"https:\/\/zaloha.tekkiesstore.cz\/en\/product\/pop-mart-labubu-the-monsters-have-a-seat-vinyl-plush-blind-box\/#breadcrumb\"},\"inLanguage\":\"en-US\",\"potentialAction\":[{\"@type\":\"ReadAction\",\"target\":[\"https:\/\/zaloha.tekkiesstore.cz\/en\/product\/pop-mart-labubu-the-monsters-have-a-seat-vinyl-plush-blind-box\/\"]}]},{\"@type\":\"ImageObject\",\"inLanguage\":\"en-US\",\"@id\":\"https:\/\/zaloha.tekkiesstore.cz\/en\/product\/pop-mart-labubu-the-monsters-have-a-seat-vinyl-plush-blind-box\/#primaryimage\",\"url\":\"https:\/\/zaloha.tekkiesstore.cz\/wp-content\/uploads\/2025\/06\/Pop-Mart-Labubu-The-Monsters-Have-a-Seat-Vinyl-Plush-Blind-Box.webp\",\"contentUrl\":\"https:\/\/zaloha.tekkiesstore.cz\/wp-content\/uploads\/2025\/06\/Pop-Mart-Labubu-The-Monsters-Have-a-Seat-Vinyl-Plush-Blind-Box.webp\",\"width\":1024,\"height\":768},{\"@type\":\"BreadcrumbList\",\"@id\":\"https:\/\/zaloha.tekkiesstore.cz\/en\/product\/pop-mart-labubu-the-monsters-have-a-seat-vinyl-plush-blind-box\/#breadcrumb\",\"itemListElement\":[{\"@type\":\"ListItem\",\"position\":1,\"name\":\"Home\",\"item\":\"https:\/\/zaloha.tekkiesstore.cz\/\"},{\"@type\":\"ListItem\",\"position\":2,\"name\":\"Produkty\",\"item\":\"https:\/\/zaloha.tekkiesstore.cz\/shop\/\"},{\"@type\":\"ListItem\",\"position\":3,\"name\":\"POP MART LABUBU THE MONSTERS HAVE A SEAT VINYL PLUSH BLIND BOX\"}]},{\"@type\":\"WebSite\",\"@id\":\"https:\/\/zaloha.tekkiesstore.cz\/#website\",\"url\":\"https:\/\/zaloha.tekkiesstore.cz\/\",\"name\":\"Tekkies Store\",\"description\":\"Zna\u010dkov\u00e9 tenisky &amp; oble\u010den\u00ed\",\"publisher\":{\"@id\":\"https:\/\/zaloha.tekkiesstore.cz\/#organization\"},\"potentialAction\":[{\"@type\":\"SearchAction\",\"target\":{\"@type\":\"EntryPoint\",\"urlTemplate\":\"https:\/\/zaloha.tekkiesstore.cz\/?s={search_term_string}\"},\"query-input\":{\"@type\":\"PropertyValueSpecification\",\"valueRequired\":true,\"valueName\":\"search_term_string\"}}],\"inLanguage\":\"en-US\"},{\"@type\":\"Organization\",\"@id\":\"https:\/\/zaloha.tekkiesstore.cz\/#organization\",\"name\":\"Tekkies Store\",\"url\":\"https:\/\/zaloha.tekkiesstore.cz\/\",\"logo\":{\"@type\":\"ImageObject\",\"inLanguage\":\"en-US\",\"@id\":\"https:\/\/zaloha.tekkiesstore.cz\/#\/schema\/logo\/image\/\",\"url\":\"https:\/\/www.tekkiesstore.cz\/wp-content\/uploads\/2023\/11\/logo.png\",\"contentUrl\":\"https:\/\/www.tekkiesstore.cz\/wp-content\/uploads\/2023\/11\/logo.png\",\"width\":165,\"height\":58,\"caption\":\"Tekkies Store\"},\"image\":{\"@id\":\"https:\/\/zaloha.tekkiesstore.cz\/#\/schema\/logo\/image\/\"},\"sameAs\":[\"https:\/\/www.facebook.com\/profile.php?id=100090575808845\"]}]}<\/script>\n<!-- \/ Yoast SEO plugin. -->","yoast_head_json":{"title":"POP MART LABUBU THE MONSTERS HAVE A SEAT VINYL PLUSH BLIND BOX | Tekkies Store","robots":{"index":"noindex","follow":"follow","max-snippet":"max-snippet:-1","max-image-preview":"max-image-preview:large","max-video-preview":"max-video-preview:-1"},"og_locale":"en_US","og_type":"article","og_title":"POP MART LABUBU THE MONSTERS HAVE A SEAT VINYL PLUSH BLIND BOX | Tekkies Store","og_description":"Labubu &#8211; original blind box full of surprises Discover the world of magical Labubu figures from Pop Mart &#8211; 100% original, officially distributed and full of distinctive charm! We are specialists in collectible figurines and we bring you not only a selection of the most popular motifs, but also the opportunity to experience the thrill [&hellip;]","og_url":"https:\/\/zaloha.tekkiesstore.cz\/en\/product\/pop-mart-labubu-the-monsters-have-a-seat-vinyl-plush-blind-box\/","og_site_name":"Tekkies Store","article_publisher":"https:\/\/www.facebook.com\/profile.php?id=100090575808845","article_modified_time":"2026-05-05T00:33:55+00:00","og_image":[{"width":1024,"height":768,"url":"https:\/\/zaloha.tekkiesstore.cz\/wp-content\/uploads\/2025\/06\/Pop-Mart-Labubu-The-Monsters-Have-a-Seat-Vinyl-Plush-Blind-Box.webp","type":"image\/webp"}],"twitter_card":"summary_large_image","twitter_misc":{"Est. reading time":"1 minute"},"schema":{"@context":"https:\/\/schema.org","@graph":[{"@type":"WebPage","@id":"https:\/\/zaloha.tekkiesstore.cz\/en\/product\/pop-mart-labubu-the-monsters-have-a-seat-vinyl-plush-blind-box\/","url":"https:\/\/zaloha.tekkiesstore.cz\/en\/product\/pop-mart-labubu-the-monsters-have-a-seat-vinyl-plush-blind-box\/","name":"POP MART LABUBU THE MONSTERS HAVE A SEAT VINYL PLUSH BLIND BOX | Tekkies Store","isPartOf":{"@id":"https:\/\/zaloha.tekkiesstore.cz\/#website"},"primaryImageOfPage":{"@id":"https:\/\/zaloha.tekkiesstore.cz\/en\/product\/pop-mart-labubu-the-monsters-have-a-seat-vinyl-plush-blind-box\/#primaryimage"},"image":{"@id":"https:\/\/zaloha.tekkiesstore.cz\/en\/product\/pop-mart-labubu-the-monsters-have-a-seat-vinyl-plush-blind-box\/#primaryimage"},"thumbnailUrl":"https:\/\/zaloha.tekkiesstore.cz\/wp-content\/uploads\/2025\/06\/Pop-Mart-Labubu-The-Monsters-Have-a-Seat-Vinyl-Plush-Blind-Box.webp","datePublished":"2025-06-13T11:04:17+00:00","dateModified":"2026-05-05T00:33:55+00:00","breadcrumb":{"@id":"https:\/\/zaloha.tekkiesstore.cz\/en\/product\/pop-mart-labubu-the-monsters-have-a-seat-vinyl-plush-blind-box\/#breadcrumb"},"inLanguage":"en-US","potentialAction":[{"@type":"ReadAction","target":["https:\/\/zaloha.tekkiesstore.cz\/en\/product\/pop-mart-labubu-the-monsters-have-a-seat-vinyl-plush-blind-box\/"]}]},{"@type":"ImageObject","inLanguage":"en-US","@id":"https:\/\/zaloha.tekkiesstore.cz\/en\/product\/pop-mart-labubu-the-monsters-have-a-seat-vinyl-plush-blind-box\/#primaryimage","url":"https:\/\/zaloha.tekkiesstore.cz\/wp-content\/uploads\/2025\/06\/Pop-Mart-Labubu-The-Monsters-Have-a-Seat-Vinyl-Plush-Blind-Box.webp","contentUrl":"https:\/\/zaloha.tekkiesstore.cz\/wp-content\/uploads\/2025\/06\/Pop-Mart-Labubu-The-Monsters-Have-a-Seat-Vinyl-Plush-Blind-Box.webp","width":1024,"height":768},{"@type":"BreadcrumbList","@id":"https:\/\/zaloha.tekkiesstore.cz\/en\/product\/pop-mart-labubu-the-monsters-have-a-seat-vinyl-plush-blind-box\/#breadcrumb","itemListElement":[{"@type":"ListItem","position":1,"name":"Home","item":"https:\/\/zaloha.tekkiesstore.cz\/"},{"@type":"ListItem","position":2,"name":"Produkty","item":"https:\/\/zaloha.tekkiesstore.cz\/shop\/"},{"@type":"ListItem","position":3,"name":"POP MART LABUBU THE MONSTERS HAVE A SEAT VINYL PLUSH BLIND BOX"}]},{"@type":"WebSite","@id":"https:\/\/zaloha.tekkiesstore.cz\/#website","url":"https:\/\/zaloha.tekkiesstore.cz\/","name":"Tekkies Store","description":"Zna\u010dkov\u00e9 tenisky &amp; oble\u010den\u00ed","publisher":{"@id":"https:\/\/zaloha.tekkiesstore.cz\/#organization"},"potentialAction":[{"@type":"SearchAction","target":{"@type":"EntryPoint","urlTemplate":"https:\/\/zaloha.tekkiesstore.cz\/?s={search_term_string}"},"query-input":{"@type":"PropertyValueSpecification","valueRequired":true,"valueName":"search_term_string"}}],"inLanguage":"en-US"},{"@type":"Organization","@id":"https:\/\/zaloha.tekkiesstore.cz\/#organization","name":"Tekkies Store","url":"https:\/\/zaloha.tekkiesstore.cz\/","logo":{"@type":"ImageObject","inLanguage":"en-US","@id":"https:\/\/zaloha.tekkiesstore.cz\/#\/schema\/logo\/image\/","url":"https:\/\/www.tekkiesstore.cz\/wp-content\/uploads\/2023\/11\/logo.png","contentUrl":"https:\/\/www.tekkiesstore.cz\/wp-content\/uploads\/2023\/11\/logo.png","width":165,"height":58,"caption":"Tekkies Store"},"image":{"@id":"https:\/\/zaloha.tekkiesstore.cz\/#\/schema\/logo\/image\/"},"sameAs":["https:\/\/www.facebook.com\/profile.php?id=100090575808845"]}]}},"_links":{"self":[{"href":"https:\/\/zaloha.tekkiesstore.cz\/en\/wp-json\/wp\/v2\/product\/77749","targetHints":{"allow":["GET"]}}],"collection":[{"href":"https:\/\/zaloha.tekkiesstore.cz\/en\/wp-json\/wp\/v2\/product"}],"about":[{"href":"https:\/\/zaloha.tekkiesstore.cz\/en\/wp-json\/wp\/v2\/types\/product"}],"wp:featuredmedia":[{"embeddable":true,"href":"https:\/\/zaloha.tekkiesstore.cz\/en\/wp-json\/wp\/v2\/media\/77743"}],"wp:attachment":[{"href":"https:\/\/zaloha.tekkiesstore.cz\/en\/wp-json\/wp\/v2\/media?parent=77749"}],"wp:term":[{"taxonomy":"product_brand","embeddable":true,"href":"https:\/\/zaloha.tekkiesstore.cz\/en\/wp-json\/wp\/v2\/product_brand?post=77749"},{"taxonomy":"product_cat","embeddable":true,"href":"https:\/\/zaloha.tekkiesstore.cz\/en\/wp-json\/wp\/v2\/product_cat?post=77749"},{"taxonomy":"product_tag","embeddable":true,"href":"https:\/\/zaloha.tekkiesstore.cz\/en\/wp-json\/wp\/v2\/product_tag?post=77749"},{"taxonomy":"woo-feed-brand","embeddable":true,"href":"https:\/\/zaloha.tekkiesstore.cz\/en\/wp-json\/wp\/v2\/woo-feed-brand?post=77749"}],"curies":[{"name":"wp","href":"https:\/\/api.w.org\/{rel}","templated":true}]}}