{"id":37624,"date":"2023-10-25T06:59:22","date_gmt":"2023-11-24T15:23:37","guid":{"rendered":"https:\/\/www.tekkiesstore.cz\/product\/nike-dunk-low-black-white-red-swoosh\/"},"modified":"2023-11-24T15:23:37","modified_gmt":"2023-11-24T15:23:37","slug":"nike-dunk-low-retro-red-panda","status":"publish","type":"product","link":"https:\/\/zaloha.tekkiesstore.cz\/en\/product\/nike-dunk-low-retro-red-panda\/","title":{"rendered":"NIKE DUNK LOW BLACK WHITE RED SWOOSH"},"content":{"rendered":"<p>Sturdy construction and quality materials ensure long life and wearing comfort. Nike was founded by runner Phil Knight and his coach Bill Bowerman. Add to your collection with the iconic Nike Dunk Low, available at Tekkiesstore. Regularly clean the surface of the sneakers with a soft damp cloth to keep them looking like new.<\/p>\n","protected":false},"excerpt":{"rendered":"<p>Sturdy construction and quality materials ensure long life and wearing comfort. Nike was founded by runner Phil Knight and his coach Bill Bowerman. Add to your collection with the iconic Nike Dunk Low, available at Tekkiesstore. Regularly clean the surface of the sneakers with a soft damp cloth to keep them looking like new.<\/p>\n","protected":false},"featured_media":1368,"template":"","meta":{"_acf_changed":false},"product_brand":[],"product_cat":[51,322,328],"product_tag":[],"woo-feed-brand":[],"class_list":{"0":"post-37624","1":"product","2":"type-product","3":"status-publish","4":"has-post-thumbnail","6":"product_cat-sneakers","7":"product_cat-nike","8":"product_cat-nike-dunk-low","10":"first","11":"onbackorder","12":"shipping-taxable","13":"purchasable","14":"product-type-variable"},"acf":[],"yoast_head":"<!-- This site is optimized with the Yoast SEO plugin v26.6 - https:\/\/yoast.com\/wordpress\/plugins\/seo\/ -->\n<title>NIKE DUNK LOW BLACK WHITE RED SWOOSH | Tekkies Store<\/title>\n<meta name=\"robots\" content=\"noindex, follow, max-snippet:-1, max-image-preview:large, max-video-preview:-1\" \/>\n<meta property=\"og:locale\" content=\"en_US\" \/>\n<meta property=\"og:type\" content=\"article\" \/>\n<meta property=\"og:title\" content=\"NIKE DUNK LOW BLACK WHITE RED SWOOSH | Tekkies Store\" \/>\n<meta property=\"og:description\" content=\"Sturdy construction and quality materials ensure long life and wearing comfort. Nike was founded by runner Phil Knight and his coach Bill Bowerman. Add to your collection with the iconic Nike Dunk Low, available at Tekkiesstore. Regularly clean the surface of the sneakers with a soft damp cloth to keep them looking like new.\" \/>\n<meta property=\"og:url\" content=\"https:\/\/zaloha.tekkiesstore.cz\/en\/product\/nike-dunk-low-retro-red-panda\/\" \/>\n<meta property=\"og:site_name\" content=\"Tekkies Store\" \/>\n<meta property=\"article:publisher\" content=\"https:\/\/www.facebook.com\/profile.php?id=100090575808845\" \/>\n<meta property=\"og:image\" content=\"https:\/\/zaloha.tekkiesstore.cz\/wp-content\/uploads\/2023\/10\/dunk-low-black-white-red-1_1200x_a7ff48a7-2d97-4523-8a7b-b875e84b3a4e.webp\" \/>\n\t<meta property=\"og:image:width\" content=\"700\" \/>\n\t<meta property=\"og:image:height\" content=\"420\" \/>\n\t<meta property=\"og:image:type\" content=\"image\/webp\" \/>\n<meta name=\"twitter:card\" content=\"summary_large_image\" \/>\n<script type=\"application\/ld+json\" class=\"yoast-schema-graph\">{\"@context\":\"https:\/\/schema.org\",\"@graph\":[{\"@type\":\"WebPage\",\"@id\":\"https:\/\/zaloha.tekkiesstore.cz\/en\/product\/nike-dunk-low-retro-red-panda\/\",\"url\":\"https:\/\/zaloha.tekkiesstore.cz\/en\/product\/nike-dunk-low-retro-red-panda\/\",\"name\":\"NIKE DUNK LOW BLACK WHITE RED SWOOSH | Tekkies Store\",\"isPartOf\":{\"@id\":\"https:\/\/zaloha.tekkiesstore.cz\/#website\"},\"primaryImageOfPage\":{\"@id\":\"https:\/\/zaloha.tekkiesstore.cz\/en\/product\/nike-dunk-low-retro-red-panda\/#primaryimage\"},\"image\":{\"@id\":\"https:\/\/zaloha.tekkiesstore.cz\/en\/product\/nike-dunk-low-retro-red-panda\/#primaryimage\"},\"thumbnailUrl\":\"https:\/\/zaloha.tekkiesstore.cz\/wp-content\/uploads\/2023\/10\/dunk-low-black-white-red-1_1200x_a7ff48a7-2d97-4523-8a7b-b875e84b3a4e.webp\",\"datePublished\":\"2023-11-24T15:23:37+00:00\",\"breadcrumb\":{\"@id\":\"https:\/\/zaloha.tekkiesstore.cz\/en\/product\/nike-dunk-low-retro-red-panda\/#breadcrumb\"},\"inLanguage\":\"en-US\",\"potentialAction\":[{\"@type\":\"ReadAction\",\"target\":[\"https:\/\/zaloha.tekkiesstore.cz\/en\/product\/nike-dunk-low-retro-red-panda\/\"]}]},{\"@type\":\"ImageObject\",\"inLanguage\":\"en-US\",\"@id\":\"https:\/\/zaloha.tekkiesstore.cz\/en\/product\/nike-dunk-low-retro-red-panda\/#primaryimage\",\"url\":\"https:\/\/zaloha.tekkiesstore.cz\/wp-content\/uploads\/2023\/10\/dunk-low-black-white-red-1_1200x_a7ff48a7-2d97-4523-8a7b-b875e84b3a4e.webp\",\"contentUrl\":\"https:\/\/zaloha.tekkiesstore.cz\/wp-content\/uploads\/2023\/10\/dunk-low-black-white-red-1_1200x_a7ff48a7-2d97-4523-8a7b-b875e84b3a4e.webp\",\"width\":700,\"height\":420},{\"@type\":\"BreadcrumbList\",\"@id\":\"https:\/\/zaloha.tekkiesstore.cz\/en\/product\/nike-dunk-low-retro-red-panda\/#breadcrumb\",\"itemListElement\":[{\"@type\":\"ListItem\",\"position\":1,\"name\":\"Home\",\"item\":\"https:\/\/zaloha.tekkiesstore.cz\/\"},{\"@type\":\"ListItem\",\"position\":2,\"name\":\"Produkty\",\"item\":\"https:\/\/zaloha.tekkiesstore.cz\/shop\/\"},{\"@type\":\"ListItem\",\"position\":3,\"name\":\"NIKE DUNK LOW BLACK WHITE RED SWOOSH\"}]},{\"@type\":\"WebSite\",\"@id\":\"https:\/\/zaloha.tekkiesstore.cz\/#website\",\"url\":\"https:\/\/zaloha.tekkiesstore.cz\/\",\"name\":\"Tekkies Store\",\"description\":\"Zna\u010dkov\u00e9 tenisky &amp; oble\u010den\u00ed\",\"publisher\":{\"@id\":\"https:\/\/zaloha.tekkiesstore.cz\/#organization\"},\"potentialAction\":[{\"@type\":\"SearchAction\",\"target\":{\"@type\":\"EntryPoint\",\"urlTemplate\":\"https:\/\/zaloha.tekkiesstore.cz\/?s={search_term_string}\"},\"query-input\":{\"@type\":\"PropertyValueSpecification\",\"valueRequired\":true,\"valueName\":\"search_term_string\"}}],\"inLanguage\":\"en-US\"},{\"@type\":\"Organization\",\"@id\":\"https:\/\/zaloha.tekkiesstore.cz\/#organization\",\"name\":\"Tekkies Store\",\"url\":\"https:\/\/zaloha.tekkiesstore.cz\/\",\"logo\":{\"@type\":\"ImageObject\",\"inLanguage\":\"en-US\",\"@id\":\"https:\/\/zaloha.tekkiesstore.cz\/#\/schema\/logo\/image\/\",\"url\":\"https:\/\/www.tekkiesstore.cz\/wp-content\/uploads\/2023\/11\/logo.png\",\"contentUrl\":\"https:\/\/www.tekkiesstore.cz\/wp-content\/uploads\/2023\/11\/logo.png\",\"width\":165,\"height\":58,\"caption\":\"Tekkies Store\"},\"image\":{\"@id\":\"https:\/\/zaloha.tekkiesstore.cz\/#\/schema\/logo\/image\/\"},\"sameAs\":[\"https:\/\/www.facebook.com\/profile.php?id=100090575808845\"]}]}<\/script>\n<!-- \/ Yoast SEO plugin. -->","yoast_head_json":{"title":"NIKE DUNK LOW BLACK WHITE RED SWOOSH | Tekkies Store","robots":{"index":"noindex","follow":"follow","max-snippet":"max-snippet:-1","max-image-preview":"max-image-preview:large","max-video-preview":"max-video-preview:-1"},"og_locale":"en_US","og_type":"article","og_title":"NIKE DUNK LOW BLACK WHITE RED SWOOSH | Tekkies Store","og_description":"Sturdy construction and quality materials ensure long life and wearing comfort. Nike was founded by runner Phil Knight and his coach Bill Bowerman. Add to your collection with the iconic Nike Dunk Low, available at Tekkiesstore. Regularly clean the surface of the sneakers with a soft damp cloth to keep them looking like new.","og_url":"https:\/\/zaloha.tekkiesstore.cz\/en\/product\/nike-dunk-low-retro-red-panda\/","og_site_name":"Tekkies Store","article_publisher":"https:\/\/www.facebook.com\/profile.php?id=100090575808845","og_image":[{"width":700,"height":420,"url":"https:\/\/zaloha.tekkiesstore.cz\/wp-content\/uploads\/2023\/10\/dunk-low-black-white-red-1_1200x_a7ff48a7-2d97-4523-8a7b-b875e84b3a4e.webp","type":"image\/webp"}],"twitter_card":"summary_large_image","schema":{"@context":"https:\/\/schema.org","@graph":[{"@type":"WebPage","@id":"https:\/\/zaloha.tekkiesstore.cz\/en\/product\/nike-dunk-low-retro-red-panda\/","url":"https:\/\/zaloha.tekkiesstore.cz\/en\/product\/nike-dunk-low-retro-red-panda\/","name":"NIKE DUNK LOW BLACK WHITE RED SWOOSH | Tekkies Store","isPartOf":{"@id":"https:\/\/zaloha.tekkiesstore.cz\/#website"},"primaryImageOfPage":{"@id":"https:\/\/zaloha.tekkiesstore.cz\/en\/product\/nike-dunk-low-retro-red-panda\/#primaryimage"},"image":{"@id":"https:\/\/zaloha.tekkiesstore.cz\/en\/product\/nike-dunk-low-retro-red-panda\/#primaryimage"},"thumbnailUrl":"https:\/\/zaloha.tekkiesstore.cz\/wp-content\/uploads\/2023\/10\/dunk-low-black-white-red-1_1200x_a7ff48a7-2d97-4523-8a7b-b875e84b3a4e.webp","datePublished":"2023-11-24T15:23:37+00:00","breadcrumb":{"@id":"https:\/\/zaloha.tekkiesstore.cz\/en\/product\/nike-dunk-low-retro-red-panda\/#breadcrumb"},"inLanguage":"en-US","potentialAction":[{"@type":"ReadAction","target":["https:\/\/zaloha.tekkiesstore.cz\/en\/product\/nike-dunk-low-retro-red-panda\/"]}]},{"@type":"ImageObject","inLanguage":"en-US","@id":"https:\/\/zaloha.tekkiesstore.cz\/en\/product\/nike-dunk-low-retro-red-panda\/#primaryimage","url":"https:\/\/zaloha.tekkiesstore.cz\/wp-content\/uploads\/2023\/10\/dunk-low-black-white-red-1_1200x_a7ff48a7-2d97-4523-8a7b-b875e84b3a4e.webp","contentUrl":"https:\/\/zaloha.tekkiesstore.cz\/wp-content\/uploads\/2023\/10\/dunk-low-black-white-red-1_1200x_a7ff48a7-2d97-4523-8a7b-b875e84b3a4e.webp","width":700,"height":420},{"@type":"BreadcrumbList","@id":"https:\/\/zaloha.tekkiesstore.cz\/en\/product\/nike-dunk-low-retro-red-panda\/#breadcrumb","itemListElement":[{"@type":"ListItem","position":1,"name":"Home","item":"https:\/\/zaloha.tekkiesstore.cz\/"},{"@type":"ListItem","position":2,"name":"Produkty","item":"https:\/\/zaloha.tekkiesstore.cz\/shop\/"},{"@type":"ListItem","position":3,"name":"NIKE DUNK LOW BLACK WHITE RED SWOOSH"}]},{"@type":"WebSite","@id":"https:\/\/zaloha.tekkiesstore.cz\/#website","url":"https:\/\/zaloha.tekkiesstore.cz\/","name":"Tekkies Store","description":"Zna\u010dkov\u00e9 tenisky &amp; oble\u010den\u00ed","publisher":{"@id":"https:\/\/zaloha.tekkiesstore.cz\/#organization"},"potentialAction":[{"@type":"SearchAction","target":{"@type":"EntryPoint","urlTemplate":"https:\/\/zaloha.tekkiesstore.cz\/?s={search_term_string}"},"query-input":{"@type":"PropertyValueSpecification","valueRequired":true,"valueName":"search_term_string"}}],"inLanguage":"en-US"},{"@type":"Organization","@id":"https:\/\/zaloha.tekkiesstore.cz\/#organization","name":"Tekkies Store","url":"https:\/\/zaloha.tekkiesstore.cz\/","logo":{"@type":"ImageObject","inLanguage":"en-US","@id":"https:\/\/zaloha.tekkiesstore.cz\/#\/schema\/logo\/image\/","url":"https:\/\/www.tekkiesstore.cz\/wp-content\/uploads\/2023\/11\/logo.png","contentUrl":"https:\/\/www.tekkiesstore.cz\/wp-content\/uploads\/2023\/11\/logo.png","width":165,"height":58,"caption":"Tekkies Store"},"image":{"@id":"https:\/\/zaloha.tekkiesstore.cz\/#\/schema\/logo\/image\/"},"sameAs":["https:\/\/www.facebook.com\/profile.php?id=100090575808845"]}]}},"_links":{"self":[{"href":"https:\/\/zaloha.tekkiesstore.cz\/en\/wp-json\/wp\/v2\/product\/37624","targetHints":{"allow":["GET"]}}],"collection":[{"href":"https:\/\/zaloha.tekkiesstore.cz\/en\/wp-json\/wp\/v2\/product"}],"about":[{"href":"https:\/\/zaloha.tekkiesstore.cz\/en\/wp-json\/wp\/v2\/types\/product"}],"wp:featuredmedia":[{"embeddable":true,"href":"https:\/\/zaloha.tekkiesstore.cz\/en\/wp-json\/wp\/v2\/media\/1368"}],"wp:attachment":[{"href":"https:\/\/zaloha.tekkiesstore.cz\/en\/wp-json\/wp\/v2\/media?parent=37624"}],"wp:term":[{"taxonomy":"product_brand","embeddable":true,"href":"https:\/\/zaloha.tekkiesstore.cz\/en\/wp-json\/wp\/v2\/product_brand?post=37624"},{"taxonomy":"product_cat","embeddable":true,"href":"https:\/\/zaloha.tekkiesstore.cz\/en\/wp-json\/wp\/v2\/product_cat?post=37624"},{"taxonomy":"product_tag","embeddable":true,"href":"https:\/\/zaloha.tekkiesstore.cz\/en\/wp-json\/wp\/v2\/product_tag?post=37624"},{"taxonomy":"woo-feed-brand","embeddable":true,"href":"https:\/\/zaloha.tekkiesstore.cz\/en\/wp-json\/wp\/v2\/woo-feed-brand?post=37624"}],"curies":[{"name":"wp","href":"https:\/\/api.w.org\/{rel}","templated":true}]}}