{"id":31134,"date":"2023-10-25T07:08:52","date_gmt":"2023-11-24T10:58:47","guid":{"rendered":"https:\/\/www.tekkiesstore.cz\/product\/nike-dunk-high-1985-enamel-green-denim\/"},"modified":"2023-11-24T10:58:47","modified_gmt":"2023-11-24T10:58:47","slug":"nike-dunk-high-1985-enamel-green-denim","status":"publish","type":"product","link":"https:\/\/zaloha.tekkiesstore.cz\/en\/product\/nike-dunk-high-1985-enamel-green-denim\/","title":{"rendered":"NIKE DUNK HIGH 1985 ENAMEL GREEN DENIM"},"content":{"rendered":"<p>The Nike Dunk High brings a wide variety of designs, from bold color combinations to sleek minimalist and neutral tones. Nike was founded in 1964, but then under the name Blue Ribbon Sports. Choose quality and original sneakers, buy Nike Dunk High from Tekkiesstore. Regularly clean the surface of the sneakers with a soft damp cloth to keep them looking like new.<\/p>\n","protected":false},"excerpt":{"rendered":"<p>The Nike Dunk High brings a wide variety of designs, from bold color combinations to sleek minimalist and neutral tones. Nike was founded in 1964, but then under the name Blue Ribbon Sports. Choose quality and original sneakers, buy Nike Dunk High from Tekkiesstore. Regularly clean the surface of the sneakers with a soft damp [&hellip;]<\/p>\n","protected":false},"featured_media":2805,"template":"","meta":{"_acf_changed":false},"product_brand":[],"product_cat":[51,322,363],"product_tag":[],"woo-feed-brand":[],"class_list":{"0":"post-31134","1":"product","2":"type-product","3":"status-publish","4":"has-post-thumbnail","6":"product_cat-sneakers","7":"product_cat-nike","8":"product_cat-nike-dunk-high","10":"first","11":"onbackorder","12":"shipping-taxable","13":"purchasable","14":"product-type-variable"},"acf":[],"yoast_head":"<!-- This site is optimized with the Yoast SEO plugin v26.6 - https:\/\/yoast.com\/wordpress\/plugins\/seo\/ -->\n<title>NIKE DUNK HIGH 1985 ENAMEL GREEN DENIM | Tekkies Store<\/title>\n<meta name=\"robots\" content=\"noindex, follow, max-snippet:-1, max-image-preview:large, max-video-preview:-1\" \/>\n<meta property=\"og:locale\" content=\"en_US\" \/>\n<meta property=\"og:type\" content=\"article\" \/>\n<meta property=\"og:title\" content=\"NIKE DUNK HIGH 1985 ENAMEL GREEN DENIM | Tekkies Store\" \/>\n<meta property=\"og:description\" content=\"The Nike Dunk High brings a wide variety of designs, from bold color combinations to sleek minimalist and neutral tones. Nike was founded in 1964, but then under the name Blue Ribbon Sports. Choose quality and original sneakers, buy Nike Dunk High from Tekkiesstore. Regularly clean the surface of the sneakers with a soft damp [&hellip;]\" \/>\n<meta property=\"og:url\" content=\"https:\/\/zaloha.tekkiesstore.cz\/en\/product\/nike-dunk-high-1985-enamel-green-denim\/\" \/>\n<meta property=\"og:site_name\" content=\"Tekkies Store\" \/>\n<meta property=\"article:publisher\" content=\"https:\/\/www.facebook.com\/profile.php?id=100090575808845\" \/>\n<meta property=\"og:image\" content=\"https:\/\/zaloha.tekkiesstore.cz\/wp-content\/uploads\/2023\/10\/dunk-high-1985-green-denim-1_1200x_1d800144-d0c6-42cf-948a-64856bfef759.webp\" \/>\n\t<meta property=\"og:image:width\" content=\"700\" \/>\n\t<meta property=\"og:image:height\" content=\"420\" \/>\n\t<meta property=\"og:image:type\" content=\"image\/webp\" \/>\n<meta name=\"twitter:card\" content=\"summary_large_image\" \/>\n<script type=\"application\/ld+json\" class=\"yoast-schema-graph\">{\"@context\":\"https:\/\/schema.org\",\"@graph\":[{\"@type\":\"WebPage\",\"@id\":\"https:\/\/zaloha.tekkiesstore.cz\/en\/product\/nike-dunk-high-1985-enamel-green-denim\/\",\"url\":\"https:\/\/zaloha.tekkiesstore.cz\/en\/product\/nike-dunk-high-1985-enamel-green-denim\/\",\"name\":\"NIKE DUNK HIGH 1985 ENAMEL GREEN DENIM | Tekkies Store\",\"isPartOf\":{\"@id\":\"https:\/\/zaloha.tekkiesstore.cz\/#website\"},\"primaryImageOfPage\":{\"@id\":\"https:\/\/zaloha.tekkiesstore.cz\/en\/product\/nike-dunk-high-1985-enamel-green-denim\/#primaryimage\"},\"image\":{\"@id\":\"https:\/\/zaloha.tekkiesstore.cz\/en\/product\/nike-dunk-high-1985-enamel-green-denim\/#primaryimage\"},\"thumbnailUrl\":\"https:\/\/zaloha.tekkiesstore.cz\/wp-content\/uploads\/2023\/10\/dunk-high-1985-green-denim-1_1200x_1d800144-d0c6-42cf-948a-64856bfef759.webp\",\"datePublished\":\"2023-11-24T10:58:47+00:00\",\"breadcrumb\":{\"@id\":\"https:\/\/zaloha.tekkiesstore.cz\/en\/product\/nike-dunk-high-1985-enamel-green-denim\/#breadcrumb\"},\"inLanguage\":\"en-US\",\"potentialAction\":[{\"@type\":\"ReadAction\",\"target\":[\"https:\/\/zaloha.tekkiesstore.cz\/en\/product\/nike-dunk-high-1985-enamel-green-denim\/\"]}]},{\"@type\":\"ImageObject\",\"inLanguage\":\"en-US\",\"@id\":\"https:\/\/zaloha.tekkiesstore.cz\/en\/product\/nike-dunk-high-1985-enamel-green-denim\/#primaryimage\",\"url\":\"https:\/\/zaloha.tekkiesstore.cz\/wp-content\/uploads\/2023\/10\/dunk-high-1985-green-denim-1_1200x_1d800144-d0c6-42cf-948a-64856bfef759.webp\",\"contentUrl\":\"https:\/\/zaloha.tekkiesstore.cz\/wp-content\/uploads\/2023\/10\/dunk-high-1985-green-denim-1_1200x_1d800144-d0c6-42cf-948a-64856bfef759.webp\",\"width\":700,\"height\":420},{\"@type\":\"BreadcrumbList\",\"@id\":\"https:\/\/zaloha.tekkiesstore.cz\/en\/product\/nike-dunk-high-1985-enamel-green-denim\/#breadcrumb\",\"itemListElement\":[{\"@type\":\"ListItem\",\"position\":1,\"name\":\"Home\",\"item\":\"https:\/\/zaloha.tekkiesstore.cz\/\"},{\"@type\":\"ListItem\",\"position\":2,\"name\":\"Produkty\",\"item\":\"https:\/\/zaloha.tekkiesstore.cz\/shop\/\"},{\"@type\":\"ListItem\",\"position\":3,\"name\":\"NIKE DUNK HIGH 1985 ENAMEL GREEN DENIM\"}]},{\"@type\":\"WebSite\",\"@id\":\"https:\/\/zaloha.tekkiesstore.cz\/#website\",\"url\":\"https:\/\/zaloha.tekkiesstore.cz\/\",\"name\":\"Tekkies Store\",\"description\":\"Zna\u010dkov\u00e9 tenisky &amp; oble\u010den\u00ed\",\"publisher\":{\"@id\":\"https:\/\/zaloha.tekkiesstore.cz\/#organization\"},\"potentialAction\":[{\"@type\":\"SearchAction\",\"target\":{\"@type\":\"EntryPoint\",\"urlTemplate\":\"https:\/\/zaloha.tekkiesstore.cz\/?s={search_term_string}\"},\"query-input\":{\"@type\":\"PropertyValueSpecification\",\"valueRequired\":true,\"valueName\":\"search_term_string\"}}],\"inLanguage\":\"en-US\"},{\"@type\":\"Organization\",\"@id\":\"https:\/\/zaloha.tekkiesstore.cz\/#organization\",\"name\":\"Tekkies Store\",\"url\":\"https:\/\/zaloha.tekkiesstore.cz\/\",\"logo\":{\"@type\":\"ImageObject\",\"inLanguage\":\"en-US\",\"@id\":\"https:\/\/zaloha.tekkiesstore.cz\/#\/schema\/logo\/image\/\",\"url\":\"https:\/\/www.tekkiesstore.cz\/wp-content\/uploads\/2023\/11\/logo.png\",\"contentUrl\":\"https:\/\/www.tekkiesstore.cz\/wp-content\/uploads\/2023\/11\/logo.png\",\"width\":165,\"height\":58,\"caption\":\"Tekkies Store\"},\"image\":{\"@id\":\"https:\/\/zaloha.tekkiesstore.cz\/#\/schema\/logo\/image\/\"},\"sameAs\":[\"https:\/\/www.facebook.com\/profile.php?id=100090575808845\"]}]}<\/script>\n<!-- \/ Yoast SEO plugin. -->","yoast_head_json":{"title":"NIKE DUNK HIGH 1985 ENAMEL GREEN DENIM | Tekkies Store","robots":{"index":"noindex","follow":"follow","max-snippet":"max-snippet:-1","max-image-preview":"max-image-preview:large","max-video-preview":"max-video-preview:-1"},"og_locale":"en_US","og_type":"article","og_title":"NIKE DUNK HIGH 1985 ENAMEL GREEN DENIM | Tekkies Store","og_description":"The Nike Dunk High brings a wide variety of designs, from bold color combinations to sleek minimalist and neutral tones. Nike was founded in 1964, but then under the name Blue Ribbon Sports. Choose quality and original sneakers, buy Nike Dunk High from Tekkiesstore. Regularly clean the surface of the sneakers with a soft damp [&hellip;]","og_url":"https:\/\/zaloha.tekkiesstore.cz\/en\/product\/nike-dunk-high-1985-enamel-green-denim\/","og_site_name":"Tekkies Store","article_publisher":"https:\/\/www.facebook.com\/profile.php?id=100090575808845","og_image":[{"width":700,"height":420,"url":"https:\/\/zaloha.tekkiesstore.cz\/wp-content\/uploads\/2023\/10\/dunk-high-1985-green-denim-1_1200x_1d800144-d0c6-42cf-948a-64856bfef759.webp","type":"image\/webp"}],"twitter_card":"summary_large_image","schema":{"@context":"https:\/\/schema.org","@graph":[{"@type":"WebPage","@id":"https:\/\/zaloha.tekkiesstore.cz\/en\/product\/nike-dunk-high-1985-enamel-green-denim\/","url":"https:\/\/zaloha.tekkiesstore.cz\/en\/product\/nike-dunk-high-1985-enamel-green-denim\/","name":"NIKE DUNK HIGH 1985 ENAMEL GREEN DENIM | Tekkies Store","isPartOf":{"@id":"https:\/\/zaloha.tekkiesstore.cz\/#website"},"primaryImageOfPage":{"@id":"https:\/\/zaloha.tekkiesstore.cz\/en\/product\/nike-dunk-high-1985-enamel-green-denim\/#primaryimage"},"image":{"@id":"https:\/\/zaloha.tekkiesstore.cz\/en\/product\/nike-dunk-high-1985-enamel-green-denim\/#primaryimage"},"thumbnailUrl":"https:\/\/zaloha.tekkiesstore.cz\/wp-content\/uploads\/2023\/10\/dunk-high-1985-green-denim-1_1200x_1d800144-d0c6-42cf-948a-64856bfef759.webp","datePublished":"2023-11-24T10:58:47+00:00","breadcrumb":{"@id":"https:\/\/zaloha.tekkiesstore.cz\/en\/product\/nike-dunk-high-1985-enamel-green-denim\/#breadcrumb"},"inLanguage":"en-US","potentialAction":[{"@type":"ReadAction","target":["https:\/\/zaloha.tekkiesstore.cz\/en\/product\/nike-dunk-high-1985-enamel-green-denim\/"]}]},{"@type":"ImageObject","inLanguage":"en-US","@id":"https:\/\/zaloha.tekkiesstore.cz\/en\/product\/nike-dunk-high-1985-enamel-green-denim\/#primaryimage","url":"https:\/\/zaloha.tekkiesstore.cz\/wp-content\/uploads\/2023\/10\/dunk-high-1985-green-denim-1_1200x_1d800144-d0c6-42cf-948a-64856bfef759.webp","contentUrl":"https:\/\/zaloha.tekkiesstore.cz\/wp-content\/uploads\/2023\/10\/dunk-high-1985-green-denim-1_1200x_1d800144-d0c6-42cf-948a-64856bfef759.webp","width":700,"height":420},{"@type":"BreadcrumbList","@id":"https:\/\/zaloha.tekkiesstore.cz\/en\/product\/nike-dunk-high-1985-enamel-green-denim\/#breadcrumb","itemListElement":[{"@type":"ListItem","position":1,"name":"Home","item":"https:\/\/zaloha.tekkiesstore.cz\/"},{"@type":"ListItem","position":2,"name":"Produkty","item":"https:\/\/zaloha.tekkiesstore.cz\/shop\/"},{"@type":"ListItem","position":3,"name":"NIKE DUNK HIGH 1985 ENAMEL GREEN DENIM"}]},{"@type":"WebSite","@id":"https:\/\/zaloha.tekkiesstore.cz\/#website","url":"https:\/\/zaloha.tekkiesstore.cz\/","name":"Tekkies Store","description":"Zna\u010dkov\u00e9 tenisky &amp; oble\u010den\u00ed","publisher":{"@id":"https:\/\/zaloha.tekkiesstore.cz\/#organization"},"potentialAction":[{"@type":"SearchAction","target":{"@type":"EntryPoint","urlTemplate":"https:\/\/zaloha.tekkiesstore.cz\/?s={search_term_string}"},"query-input":{"@type":"PropertyValueSpecification","valueRequired":true,"valueName":"search_term_string"}}],"inLanguage":"en-US"},{"@type":"Organization","@id":"https:\/\/zaloha.tekkiesstore.cz\/#organization","name":"Tekkies Store","url":"https:\/\/zaloha.tekkiesstore.cz\/","logo":{"@type":"ImageObject","inLanguage":"en-US","@id":"https:\/\/zaloha.tekkiesstore.cz\/#\/schema\/logo\/image\/","url":"https:\/\/www.tekkiesstore.cz\/wp-content\/uploads\/2023\/11\/logo.png","contentUrl":"https:\/\/www.tekkiesstore.cz\/wp-content\/uploads\/2023\/11\/logo.png","width":165,"height":58,"caption":"Tekkies Store"},"image":{"@id":"https:\/\/zaloha.tekkiesstore.cz\/#\/schema\/logo\/image\/"},"sameAs":["https:\/\/www.facebook.com\/profile.php?id=100090575808845"]}]}},"_links":{"self":[{"href":"https:\/\/zaloha.tekkiesstore.cz\/en\/wp-json\/wp\/v2\/product\/31134","targetHints":{"allow":["GET"]}}],"collection":[{"href":"https:\/\/zaloha.tekkiesstore.cz\/en\/wp-json\/wp\/v2\/product"}],"about":[{"href":"https:\/\/zaloha.tekkiesstore.cz\/en\/wp-json\/wp\/v2\/types\/product"}],"wp:featuredmedia":[{"embeddable":true,"href":"https:\/\/zaloha.tekkiesstore.cz\/en\/wp-json\/wp\/v2\/media\/2805"}],"wp:attachment":[{"href":"https:\/\/zaloha.tekkiesstore.cz\/en\/wp-json\/wp\/v2\/media?parent=31134"}],"wp:term":[{"taxonomy":"product_brand","embeddable":true,"href":"https:\/\/zaloha.tekkiesstore.cz\/en\/wp-json\/wp\/v2\/product_brand?post=31134"},{"taxonomy":"product_cat","embeddable":true,"href":"https:\/\/zaloha.tekkiesstore.cz\/en\/wp-json\/wp\/v2\/product_cat?post=31134"},{"taxonomy":"product_tag","embeddable":true,"href":"https:\/\/zaloha.tekkiesstore.cz\/en\/wp-json\/wp\/v2\/product_tag?post=31134"},{"taxonomy":"woo-feed-brand","embeddable":true,"href":"https:\/\/zaloha.tekkiesstore.cz\/en\/wp-json\/wp\/v2\/woo-feed-brand?post=31134"}],"curies":[{"name":"wp","href":"https:\/\/api.w.org\/{rel}","templated":true}]}}