{"id":19472,"date":"2023-11-21T11:48:52","date_gmt":"2023-11-21T11:48:52","guid":{"rendered":"https:\/\/www.tekkiesstore.cz\/product\/supreme-ty-beanie-baby-flag\/"},"modified":"2026-05-04T18:27:42","modified_gmt":"2026-05-04T18:27:42","slug":"supreme-you-beanie-baby-flag","status":"publish","type":"product","link":"https:\/\/zaloha.tekkiesstore.cz\/en\/product\/supreme-you-beanie-baby-flag\/","title":{"rendered":"SUPREME TY BEANIE BABY FLAG"},"content":{"rendered":"<div class=\"flex-1 overflow-hidden\">\n<div class=\"react-scroll-to-bottom--css-gcsmq-79elbk h-full\">\n<div class=\"react-scroll-to-bottom--css-gcsmq-1n7m0yu\">\n<div class=\"flex flex-col pb-9 text-sm\">\n<div class=\"w-full text-token-text-primary\" data-testid=\"conversation-turn-16\">\n<div class=\"px-4 py-2 justify-center text-base md:gap-6 m-auto\">\n<div class=\"flex flex-1 text-base mx-auto gap-3 md:px-5 lg:px-1 xl:px-5 md:max-w-3xl lg:max-w-[40rem] xl:max-w-[48rem] } group final-completion\">\n<div class=\"relative flex w-full flex-col lg:w-[calc(100%-115px)] agent-turn\">\n<div class=\"flex-col gap-1 md:gap-3\">\n<div class=\"flex flex-grow flex-col max-w-full\">\n<div class=\"min-h-[20px] text-message flex flex-col items-start gap-3 whitespace-pre-wrap break-words [.text-message+&amp;]:mt-5 overflow-x-auto\" data-message-author-role=\"assistant\" data-message-id=\"4a351a56-ab00-40cf-85d0-8d450d844b47\">\n<div class=\"markdown prose w-full break-words dark:prose-invert light\">\n<p>SUPREME TY Beanie Baby Flag is an exclusive collectible plush toy combining the iconic streetwear brand Supreme with the iconic TY Beanie Babies. With a flying flag and signature Supreme logo, this edition adds streetwear flair to any collection, highlighting the fusion of fashion and fun.<\/p>\n<\/div>\n<\/div>\n<\/div>\n<\/div>\n<\/div>\n<\/div>\n<\/div>\n<\/div>\n<\/div>\n<\/div>\n<\/div>\n<\/div>\n","protected":false},"excerpt":{"rendered":"<p>SUPREME TY Beanie Baby Flag is an exclusive collectible plush toy combining the iconic streetwear brand Supreme with the iconic TY Beanie Babies. With a flying flag and signature Supreme logo, this edition adds streetwear flair to any collection, highlighting the fusion of fashion and fun.<\/p>\n","protected":false},"featured_media":19353,"template":"","meta":{"_acf_changed":false},"product_brand":[],"product_cat":[243],"product_tag":[],"woo-feed-brand":[],"class_list":{"0":"post-19472","1":"product","2":"type-product","3":"status-publish","4":"has-post-thumbnail","6":"product_cat-accessories","8":"first","9":"instock","10":"shipping-taxable","11":"purchasable","12":"product-type-simple"},"acf":[],"yoast_head":"<!-- This site is optimized with the Yoast SEO plugin v26.6 - https:\/\/yoast.com\/wordpress\/plugins\/seo\/ -->\n<title>SUPREME TY BEANIE BABY FLAG | Tekkies Store<\/title>\n<meta name=\"robots\" content=\"noindex, follow, max-snippet:-1, max-image-preview:large, max-video-preview:-1\" \/>\n<meta property=\"og:locale\" content=\"en_US\" \/>\n<meta property=\"og:type\" content=\"article\" \/>\n<meta property=\"og:title\" content=\"SUPREME TY BEANIE BABY FLAG | Tekkies Store\" \/>\n<meta property=\"og:description\" content=\"SUPREME TY Beanie Baby Flag is an exclusive collectible plush toy combining the iconic streetwear brand Supreme with the iconic TY Beanie Babies. With a flying flag and signature Supreme logo, this edition adds streetwear flair to any collection, highlighting the fusion of fashion and fun.\" \/>\n<meta property=\"og:url\" content=\"https:\/\/zaloha.tekkiesstore.cz\/en\/product\/supreme-you-beanie-baby-flag\/\" \/>\n<meta property=\"og:site_name\" content=\"Tekkies Store\" \/>\n<meta property=\"article:publisher\" content=\"https:\/\/www.facebook.com\/profile.php?id=100090575808845\" \/>\n<meta property=\"article:modified_time\" content=\"2026-05-04T18:27:42+00:00\" \/>\n<meta property=\"og:image\" content=\"https:\/\/zaloha.tekkiesstore.cz\/wp-content\/uploads\/2023\/11\/Supreme-ty-Beanie-Baby-Multicolor.webp\" \/>\n\t<meta property=\"og:image:width\" content=\"1400\" \/>\n\t<meta property=\"og:image:height\" content=\"1000\" \/>\n\t<meta property=\"og:image:type\" content=\"image\/webp\" \/>\n<meta name=\"twitter:card\" content=\"summary_large_image\" \/>\n<script type=\"application\/ld+json\" class=\"yoast-schema-graph\">{\"@context\":\"https:\/\/schema.org\",\"@graph\":[{\"@type\":\"WebPage\",\"@id\":\"https:\/\/zaloha.tekkiesstore.cz\/en\/product\/supreme-you-beanie-baby-flag\/\",\"url\":\"https:\/\/zaloha.tekkiesstore.cz\/en\/product\/supreme-you-beanie-baby-flag\/\",\"name\":\"SUPREME TY BEANIE BABY FLAG | Tekkies Store\",\"isPartOf\":{\"@id\":\"https:\/\/zaloha.tekkiesstore.cz\/#website\"},\"primaryImageOfPage\":{\"@id\":\"https:\/\/zaloha.tekkiesstore.cz\/en\/product\/supreme-you-beanie-baby-flag\/#primaryimage\"},\"image\":{\"@id\":\"https:\/\/zaloha.tekkiesstore.cz\/en\/product\/supreme-you-beanie-baby-flag\/#primaryimage\"},\"thumbnailUrl\":\"https:\/\/zaloha.tekkiesstore.cz\/wp-content\/uploads\/2023\/11\/Supreme-ty-Beanie-Baby-Multicolor.webp\",\"datePublished\":\"2023-11-21T11:48:52+00:00\",\"dateModified\":\"2026-05-04T18:27:42+00:00\",\"breadcrumb\":{\"@id\":\"https:\/\/zaloha.tekkiesstore.cz\/en\/product\/supreme-you-beanie-baby-flag\/#breadcrumb\"},\"inLanguage\":\"en-US\",\"potentialAction\":[{\"@type\":\"ReadAction\",\"target\":[\"https:\/\/zaloha.tekkiesstore.cz\/en\/product\/supreme-you-beanie-baby-flag\/\"]}]},{\"@type\":\"ImageObject\",\"inLanguage\":\"en-US\",\"@id\":\"https:\/\/zaloha.tekkiesstore.cz\/en\/product\/supreme-you-beanie-baby-flag\/#primaryimage\",\"url\":\"https:\/\/zaloha.tekkiesstore.cz\/wp-content\/uploads\/2023\/11\/Supreme-ty-Beanie-Baby-Multicolor.webp\",\"contentUrl\":\"https:\/\/zaloha.tekkiesstore.cz\/wp-content\/uploads\/2023\/11\/Supreme-ty-Beanie-Baby-Multicolor.webp\",\"width\":1400,\"height\":1000},{\"@type\":\"BreadcrumbList\",\"@id\":\"https:\/\/zaloha.tekkiesstore.cz\/en\/product\/supreme-you-beanie-baby-flag\/#breadcrumb\",\"itemListElement\":[{\"@type\":\"ListItem\",\"position\":1,\"name\":\"Home\",\"item\":\"https:\/\/zaloha.tekkiesstore.cz\/\"},{\"@type\":\"ListItem\",\"position\":2,\"name\":\"Produkty\",\"item\":\"https:\/\/zaloha.tekkiesstore.cz\/shop\/\"},{\"@type\":\"ListItem\",\"position\":3,\"name\":\"SUPREME TY BEANIE BABY FLAG\"}]},{\"@type\":\"WebSite\",\"@id\":\"https:\/\/zaloha.tekkiesstore.cz\/#website\",\"url\":\"https:\/\/zaloha.tekkiesstore.cz\/\",\"name\":\"Tekkies Store\",\"description\":\"Zna\u010dkov\u00e9 tenisky &amp; oble\u010den\u00ed\",\"publisher\":{\"@id\":\"https:\/\/zaloha.tekkiesstore.cz\/#organization\"},\"potentialAction\":[{\"@type\":\"SearchAction\",\"target\":{\"@type\":\"EntryPoint\",\"urlTemplate\":\"https:\/\/zaloha.tekkiesstore.cz\/?s={search_term_string}\"},\"query-input\":{\"@type\":\"PropertyValueSpecification\",\"valueRequired\":true,\"valueName\":\"search_term_string\"}}],\"inLanguage\":\"en-US\"},{\"@type\":\"Organization\",\"@id\":\"https:\/\/zaloha.tekkiesstore.cz\/#organization\",\"name\":\"Tekkies Store\",\"url\":\"https:\/\/zaloha.tekkiesstore.cz\/\",\"logo\":{\"@type\":\"ImageObject\",\"inLanguage\":\"en-US\",\"@id\":\"https:\/\/zaloha.tekkiesstore.cz\/#\/schema\/logo\/image\/\",\"url\":\"https:\/\/www.tekkiesstore.cz\/wp-content\/uploads\/2023\/11\/logo.png\",\"contentUrl\":\"https:\/\/www.tekkiesstore.cz\/wp-content\/uploads\/2023\/11\/logo.png\",\"width\":165,\"height\":58,\"caption\":\"Tekkies Store\"},\"image\":{\"@id\":\"https:\/\/zaloha.tekkiesstore.cz\/#\/schema\/logo\/image\/\"},\"sameAs\":[\"https:\/\/www.facebook.com\/profile.php?id=100090575808845\"]}]}<\/script>\n<!-- \/ Yoast SEO plugin. -->","yoast_head_json":{"title":"SUPREME TY BEANIE BABY FLAG | Tekkies Store","robots":{"index":"noindex","follow":"follow","max-snippet":"max-snippet:-1","max-image-preview":"max-image-preview:large","max-video-preview":"max-video-preview:-1"},"og_locale":"en_US","og_type":"article","og_title":"SUPREME TY BEANIE BABY FLAG | Tekkies Store","og_description":"SUPREME TY Beanie Baby Flag is an exclusive collectible plush toy combining the iconic streetwear brand Supreme with the iconic TY Beanie Babies. With a flying flag and signature Supreme logo, this edition adds streetwear flair to any collection, highlighting the fusion of fashion and fun.","og_url":"https:\/\/zaloha.tekkiesstore.cz\/en\/product\/supreme-you-beanie-baby-flag\/","og_site_name":"Tekkies Store","article_publisher":"https:\/\/www.facebook.com\/profile.php?id=100090575808845","article_modified_time":"2026-05-04T18:27:42+00:00","og_image":[{"width":1400,"height":1000,"url":"https:\/\/zaloha.tekkiesstore.cz\/wp-content\/uploads\/2023\/11\/Supreme-ty-Beanie-Baby-Multicolor.webp","type":"image\/webp"}],"twitter_card":"summary_large_image","schema":{"@context":"https:\/\/schema.org","@graph":[{"@type":"WebPage","@id":"https:\/\/zaloha.tekkiesstore.cz\/en\/product\/supreme-you-beanie-baby-flag\/","url":"https:\/\/zaloha.tekkiesstore.cz\/en\/product\/supreme-you-beanie-baby-flag\/","name":"SUPREME TY BEANIE BABY FLAG | Tekkies Store","isPartOf":{"@id":"https:\/\/zaloha.tekkiesstore.cz\/#website"},"primaryImageOfPage":{"@id":"https:\/\/zaloha.tekkiesstore.cz\/en\/product\/supreme-you-beanie-baby-flag\/#primaryimage"},"image":{"@id":"https:\/\/zaloha.tekkiesstore.cz\/en\/product\/supreme-you-beanie-baby-flag\/#primaryimage"},"thumbnailUrl":"https:\/\/zaloha.tekkiesstore.cz\/wp-content\/uploads\/2023\/11\/Supreme-ty-Beanie-Baby-Multicolor.webp","datePublished":"2023-11-21T11:48:52+00:00","dateModified":"2026-05-04T18:27:42+00:00","breadcrumb":{"@id":"https:\/\/zaloha.tekkiesstore.cz\/en\/product\/supreme-you-beanie-baby-flag\/#breadcrumb"},"inLanguage":"en-US","potentialAction":[{"@type":"ReadAction","target":["https:\/\/zaloha.tekkiesstore.cz\/en\/product\/supreme-you-beanie-baby-flag\/"]}]},{"@type":"ImageObject","inLanguage":"en-US","@id":"https:\/\/zaloha.tekkiesstore.cz\/en\/product\/supreme-you-beanie-baby-flag\/#primaryimage","url":"https:\/\/zaloha.tekkiesstore.cz\/wp-content\/uploads\/2023\/11\/Supreme-ty-Beanie-Baby-Multicolor.webp","contentUrl":"https:\/\/zaloha.tekkiesstore.cz\/wp-content\/uploads\/2023\/11\/Supreme-ty-Beanie-Baby-Multicolor.webp","width":1400,"height":1000},{"@type":"BreadcrumbList","@id":"https:\/\/zaloha.tekkiesstore.cz\/en\/product\/supreme-you-beanie-baby-flag\/#breadcrumb","itemListElement":[{"@type":"ListItem","position":1,"name":"Home","item":"https:\/\/zaloha.tekkiesstore.cz\/"},{"@type":"ListItem","position":2,"name":"Produkty","item":"https:\/\/zaloha.tekkiesstore.cz\/shop\/"},{"@type":"ListItem","position":3,"name":"SUPREME TY BEANIE BABY FLAG"}]},{"@type":"WebSite","@id":"https:\/\/zaloha.tekkiesstore.cz\/#website","url":"https:\/\/zaloha.tekkiesstore.cz\/","name":"Tekkies Store","description":"Zna\u010dkov\u00e9 tenisky &amp; oble\u010den\u00ed","publisher":{"@id":"https:\/\/zaloha.tekkiesstore.cz\/#organization"},"potentialAction":[{"@type":"SearchAction","target":{"@type":"EntryPoint","urlTemplate":"https:\/\/zaloha.tekkiesstore.cz\/?s={search_term_string}"},"query-input":{"@type":"PropertyValueSpecification","valueRequired":true,"valueName":"search_term_string"}}],"inLanguage":"en-US"},{"@type":"Organization","@id":"https:\/\/zaloha.tekkiesstore.cz\/#organization","name":"Tekkies Store","url":"https:\/\/zaloha.tekkiesstore.cz\/","logo":{"@type":"ImageObject","inLanguage":"en-US","@id":"https:\/\/zaloha.tekkiesstore.cz\/#\/schema\/logo\/image\/","url":"https:\/\/www.tekkiesstore.cz\/wp-content\/uploads\/2023\/11\/logo.png","contentUrl":"https:\/\/www.tekkiesstore.cz\/wp-content\/uploads\/2023\/11\/logo.png","width":165,"height":58,"caption":"Tekkies Store"},"image":{"@id":"https:\/\/zaloha.tekkiesstore.cz\/#\/schema\/logo\/image\/"},"sameAs":["https:\/\/www.facebook.com\/profile.php?id=100090575808845"]}]}},"_links":{"self":[{"href":"https:\/\/zaloha.tekkiesstore.cz\/en\/wp-json\/wp\/v2\/product\/19472","targetHints":{"allow":["GET"]}}],"collection":[{"href":"https:\/\/zaloha.tekkiesstore.cz\/en\/wp-json\/wp\/v2\/product"}],"about":[{"href":"https:\/\/zaloha.tekkiesstore.cz\/en\/wp-json\/wp\/v2\/types\/product"}],"wp:featuredmedia":[{"embeddable":true,"href":"https:\/\/zaloha.tekkiesstore.cz\/en\/wp-json\/wp\/v2\/media\/19353"}],"wp:attachment":[{"href":"https:\/\/zaloha.tekkiesstore.cz\/en\/wp-json\/wp\/v2\/media?parent=19472"}],"wp:term":[{"taxonomy":"product_brand","embeddable":true,"href":"https:\/\/zaloha.tekkiesstore.cz\/en\/wp-json\/wp\/v2\/product_brand?post=19472"},{"taxonomy":"product_cat","embeddable":true,"href":"https:\/\/zaloha.tekkiesstore.cz\/en\/wp-json\/wp\/v2\/product_cat?post=19472"},{"taxonomy":"product_tag","embeddable":true,"href":"https:\/\/zaloha.tekkiesstore.cz\/en\/wp-json\/wp\/v2\/product_tag?post=19472"},{"taxonomy":"woo-feed-brand","embeddable":true,"href":"https:\/\/zaloha.tekkiesstore.cz\/en\/wp-json\/wp\/v2\/woo-feed-brand?post=19472"}],"curies":[{"name":"wp","href":"https:\/\/api.w.org\/{rel}","templated":true}]}}