{"id":38911,"date":"2023-11-23T21:45:42","date_gmt":"2023-11-23T21:45:42","guid":{"rendered":"https:\/\/www.tekkiesstore.cz\/pravidla-ochrany-soukromi\/"},"modified":"2023-11-26T14:29:19","modified_gmt":"2023-11-26T14:29:19","slug":"privacy-policy","status":"publish","type":"page","link":"https:\/\/zaloha.tekkiesstore.cz\/en\/privacy-policy\/","title":{"rendered":"Privacy Policy"},"content":{"rendered":"<p class=\"\"><strong><span class=\"wsw-02\">Consent to the processing of personal data (GDPR)<\/span><\/strong><\/p>\n<p class=\"\"><strong><span class=\"wsw-02 wnd-font-size-80\">I. Basic Provisions<\/span><\/strong><\/p>\n<ul>\n<li><span class=\"wnd-font-size-80 wsw-02\">You hereby grant your consent to the company <strong>TEKKIESSTORE<\/strong>,\u00a0<strong>ID<\/strong>: 17896118, with registered office in Byst\u0159ice pod Host\u00fdnem, Vset\u00ednsk\u00e1 1482, (hereinafter referred to as: &#8220;<strong>Administrator<\/strong>&#8220;),to the processing of personal data pursuant to Regulation (EU) 2016\/679 of the European Parliament and of the Council on the protection of natural persons with regard to the processing of personal data and on the free movement of such data (hereinafter referred to as: &#8220;<strong>GDPR Regulation<\/strong>&#8220;), to process the following personal data.<\/span><\/li>\n<\/ul>\n<p class=\"\"><strong><span class=\"wsw-02 wnd-font-size-80\">II. Category and type of data processed<\/span><\/strong><\/p>\n<ul>\n<li>Name and surname, email address, company name, postal address, telephone number can be processed on the basis of consent and necessary processing for the purpose of the necessary performance of the contract.<\/li>\n<\/ul>\n<p class=\"\"><strong><span class=\"wnd-font-size-80 wsw-02\">III. Lawful reason and purpose for processing personal data<\/span><\/strong><\/p>\n<p class=\"\"><span class=\"wnd-font-size-80 wsw-02\">3. The lawful reason and purpose for processing personal data is:<\/span><\/p>\n<ul>\n<li>processing necessary for the performance of a contract to which the data subject is a party pursuant to Article 6(1)(b) of the GDPR;<br \/>\nthe processing is necessary for compliance with a legal obligation to which the controller is subject pursuant to Article 6(1)(c) of the GDPR;<br \/>\nthe data subject has given consent to the processing of his or her personal data for one or more specific purposes pursuant to Article 6(1)(a) of the GDPR;<br \/>\nthe processing is necessary for the purposes of the legitimate interests of the respective controller or a third party, for example the provision of marketing in the form of a newsletter or commercial communications pursuant to Article 6(1)(f) of the GDPR Regulation and pursuant to Section 7(2) of Act No. 480\/2004 Coll.<\/li>\n<\/ul>\n<p class=\"\"><span class=\"wnd-font-size-80 wsw-02\">3.1 The purpose of processing personal data is:<\/span><\/p>\n<ul>\n<li>Execution of an order resulting from a contractual relationship between the subject and the Administrator pursuant to Act No. 89\/2012 Coll., or pursuant to another contractual relationship;<br \/>\nStorage of your purchase preferences and subsequent customization of the offer on the Administrator&#8217;s website;<br \/>\nLaunching marketing and remarketing campaigns on advertising platforms such as Google, Seznam.cz, Microsoft, Facebook, as well as using RTB systems such as Adform, Criteo, Pubmatic and others, using the purchase of advertising through DSPs (Demand Side Platforms) and SSPs (Supply Side Platforms);<br \/>\nSending commercial messages (newsletters, push notifications, etc.) as part of marketing and remarketing campaigns using our own or third-party resources (email distribution platform, user notification software).<\/li>\n<\/ul>\n<p class=\"\"><span class=\"wnd-font-size-80 wsw-02\">3.2 Automated individual decision-making is carried out by the controller in accordance with Article 22 of the GPDR. You give your explicit consent to this processing. Consent can be withdrawn at any time, for example by sending an email or letter to the contact details of the company <strong>TEKKIESSTORE<\/strong><\/span><\/p>\n<p class=\"\"><strong><span class=\"wnd-font-size-80 wsw-02\">IV. The retention period of your data is<\/span><\/strong><\/p>\n<p class=\"\"><span class=\"wnd-font-size-80 wsw-02\">4. The retention period of your personal data depends on the purpose for which the personal data will be used, namely:<\/span><\/p>\n<ul>\n<li>For the purpose of fulfilling the contractual relationship between the subject and the Controller: for the period of performance<br \/>\nFor marketing purposes: 8 years<br \/>\nFor the purpose of keeping records of performance: 15 years<\/li>\n<\/ul>\n<p class=\"\"><span class=\"wnd-font-size-80 wsw-02\">4.1 After the expiry of the period defined for the storage of your personal data, these personal data are deleted by the Administrator.<\/span><\/p>\n<p class=\"\"><strong><span class=\"wnd-font-size-80 wsw-02\">V. Processing of personal data<\/span><\/strong><\/p>\n<p class=\"\"><span class=\"wnd-font-size-80 wsw-02\">5. The following processors may also process the subject&#8217;s personal data for the controller:<\/span><\/p>\n<ul>\n<li>The providers of the software solutions referred to in Article III, paragraph 3.1, points a), b), c) and d) of this Consent to the processing of personal data;<br \/>\nSoftware solution provider, applications, services and other processors that may not currently be used by the Controller;<br \/>\nThe Company: <strong>TEKKIESSTORE<\/strong>.<\/li>\n<\/ul>\n<p class=\"\"><span class=\"wnd-font-size-80 wsw-02\">5.2 The controller and the processor shall take measures to ensure that any natural person who acts on behalf of the controller or processor and has access to personal data processes those personal data only on the instructions of the controller, unless the processing is already required by Union or Member State law.<\/span><\/p>\n<p class=\"\"><strong><span class=\"wnd-font-size-80 wsw-02\">VI. Recipients of personal data of the controller<\/span><\/strong><\/p>\n<p class=\"\"><span class=\"wnd-font-size-80 wsw-02\">6. Recipients of personal data are companies or persons who:<\/span><\/p>\n<ul>\n<li>Ensuring the implementation of the contract between the administrator and the entity concerned (e.g. freight forwarding companies, payment processing, premium services, etc.);<br \/>\nProviding marketing services, see Article III, paragraph 3.1, points a), b), c) and d) of this Consent to the processing of personal data;<br \/>\nProviding the operation of the www.tekkiesstore.cz website (e.g. partner, marketplace entity, external suppliers, etc.);<br \/>\nEnsuring the administration of the company&#8217;s agenda: <strong>TEKKIESSTORE<\/strong>, operating the website www.tekkiesstore.cz, in terms of the law on (e.g. legal advice, accounting, etc.).<\/li>\n<\/ul>\n<p class=\"\"><span class=\"wnd-font-size-80 wsw-02\">6.1 The controller intends to use non-EU services and thus intends to transfer personal data to third countries. The recipients of personal data in third countries are the providers of the platforms listed in Article III, paragraph 3.1, points a), b), c) and d) of this Consent to the processing of personal data.<\/span><\/p>\n<p class=\"\"><strong><span class=\"wnd-font-size-80 wsw-02\">VII. Your rights<\/span><\/strong><\/p>\n<p class=\"\"><span class=\"wnd-font-size-80 wsw-02\">7. According to the provisions in the GDPR, you have the right to:<\/span><\/p>\n<ul>\n<li>The right of access to personal data pursuant to Article 15 of the GDPR and also Article 22 and Article 46 of the GDPR;<br \/>\nThe right to the prompt rectification of personal data pursuant to Article 16 of the GDPR;<br \/>\nThe right to erasure of personal data (&#8220;right to be forgotten&#8221;) under Article 17 of the GDPR;<br \/>\nThe right to restriction of processing of personal data pursuant to Article 18 of the GDPR;<br \/>\nThe right to data portability under Article 20 of the GDPR;<br \/>\nThe right to object to the processing of personal data concerning you on the basis of Article 6(1)(e) or (f), including profiling based on these provisions, pursuant to Article 20 of the GDPR Regulation;<br \/>\nThe right to withdraw consent to the processing of personal data;<br \/>\nThe right to lodge a complaint with a supervisory authority.<\/p>\n<p>7.1 The controller shall no longer process the personal data unless it demonstrates compelling legitimate grounds for the processing which override the interests or rights and freedoms of the data subject, or for the establishment, exercise or defence of legal claims.<\/p>\n<p>7.2 Only you, or where applicable your agent, can obtain information about your personal data. If the Data Controller is not sure of your identity, it may ask you for further information to verify your identity.<\/li>\n<\/ul>\n<p class=\"\"><strong><span class=\"wnd-font-size-80 wsw-02\">VIII. Security of personal data<\/span><\/strong><\/p>\n<p class=\"\"><span class=\"wnd-font-size-80 wsw-02\">8. <\/span>Taking into account the state of the art, the cost of implementation, the nature, scope, context and purposes of the processing, as well as the different likely and differently serious risks to the rights and freedoms of natural persons entailed by the processing, the controller shall put in place, both at the time of the determination of the means of processing and at the time of the processing itself, appropriate technical and organisational measures, such as pseudonymisation, designed to implement data protection principles, such as data minimisation, in an effective manner and to incorporate the necessary safeguards into the processing in order to meet the requirements of this Regulation and to protect the rights of data subjects.<\/p>\n<p>8.1 The controller shall put in place appropriate technical and organisational measures to ensure that only personal data necessary for each specific purpose of the processing are processed by default. This obligation relates to the amount of personal data collected, the scope of processing, the duration of storage and their availability. In particular, these measures shall ensure that personal data are not made available to an unlimited number of natural persons by default without human intervention.<\/p>\n<p>This consent to data processing takes effect on 1 November 2023.<\/p>\n","protected":false},"excerpt":{"rendered":"<p>Consent to the processing of personal data (GDPR) I. Basic Provisions You hereby grant your consent to the company TEKKIESSTORE,\u00a0ID: 17896118, with registered office in Byst\u0159ice pod Host\u00fdnem, Vset\u00ednsk\u00e1 1482, (hereinafter referred to as: &#8220;Administrator&#8220;),to the processing of personal data pursuant to Regulation (EU) 2016\/679 of the European Parliament and of the Council on the [&hellip;]<\/p>\n","protected":false},"author":3,"featured_media":0,"parent":0,"menu_order":0,"comment_status":"closed","ping_status":"closed","template":"","meta":{"_acf_changed":false,"footnotes":""},"class_list":["post-38911","page","type-page","status-publish","hentry"],"acf":[],"yoast_head":"<!-- This site is optimized with the Yoast SEO plugin v26.6 - https:\/\/yoast.com\/wordpress\/plugins\/seo\/ -->\n<title>Privacy Policy | Tekkies Store<\/title>\n<meta name=\"robots\" content=\"noindex, follow, max-snippet:-1, max-image-preview:large, max-video-preview:-1\" \/>\n<meta property=\"og:locale\" content=\"en_US\" \/>\n<meta property=\"og:type\" content=\"article\" \/>\n<meta property=\"og:title\" content=\"Privacy Policy | Tekkies Store\" \/>\n<meta property=\"og:description\" content=\"Consent to the processing of personal data (GDPR) I. Basic Provisions You hereby grant your consent to the company TEKKIESSTORE,\u00a0ID: 17896118, with registered office in Byst\u0159ice pod Host\u00fdnem, Vset\u00ednsk\u00e1 1482, (hereinafter referred to as: &#8220;Administrator&#8220;),to the processing of personal data pursuant to Regulation (EU) 2016\/679 of the European Parliament and of the Council on the [&hellip;]\" \/>\n<meta property=\"og:url\" content=\"https:\/\/zaloha.tekkiesstore.cz\/pravidla-ochrany-soukromi\/\" \/>\n<meta property=\"og:site_name\" content=\"Tekkies Store\" \/>\n<meta property=\"article:publisher\" content=\"https:\/\/www.facebook.com\/profile.php?id=100090575808845\" \/>\n<meta property=\"article:modified_time\" content=\"2023-11-26T14:29:19+00:00\" \/>\n<meta property=\"og:image\" content=\"https:\/\/zaloha.tekkiesstore.cz\/wp-content\/uploads\/2023\/11\/Thumbnail.png\" \/>\n\t<meta property=\"og:image:width\" content=\"1146\" \/>\n\t<meta property=\"og:image:height\" content=\"613\" \/>\n\t<meta property=\"og:image:type\" content=\"image\/png\" \/>\n<meta name=\"twitter:card\" content=\"summary_large_image\" \/>\n<meta name=\"twitter:label1\" content=\"Est. reading time\" \/>\n\t<meta name=\"twitter:data1\" content=\"7 minutes\" \/>\n<script type=\"application\/ld+json\" class=\"yoast-schema-graph\">{\"@context\":\"https:\/\/schema.org\",\"@graph\":[{\"@type\":\"WebPage\",\"@id\":\"https:\/\/zaloha.tekkiesstore.cz\/pravidla-ochrany-soukromi\/\",\"url\":\"https:\/\/zaloha.tekkiesstore.cz\/pravidla-ochrany-soukromi\/\",\"name\":\"Privacy Policy | Tekkies Store\",\"isPartOf\":{\"@id\":\"https:\/\/zaloha.tekkiesstore.cz\/#website\"},\"datePublished\":\"2023-11-23T21:45:42+00:00\",\"dateModified\":\"2023-11-26T14:29:19+00:00\",\"breadcrumb\":{\"@id\":\"https:\/\/zaloha.tekkiesstore.cz\/pravidla-ochrany-soukromi\/#breadcrumb\"},\"inLanguage\":\"en-US\",\"potentialAction\":[{\"@type\":\"ReadAction\",\"target\":[\"https:\/\/zaloha.tekkiesstore.cz\/pravidla-ochrany-soukromi\/\"]}]},{\"@type\":\"BreadcrumbList\",\"@id\":\"https:\/\/zaloha.tekkiesstore.cz\/pravidla-ochrany-soukromi\/#breadcrumb\",\"itemListElement\":[{\"@type\":\"ListItem\",\"position\":1,\"name\":\"Home\",\"item\":\"https:\/\/zaloha.tekkiesstore.cz\/\"},{\"@type\":\"ListItem\",\"position\":2,\"name\":\"Privacy Policy\"}]},{\"@type\":\"WebSite\",\"@id\":\"https:\/\/zaloha.tekkiesstore.cz\/#website\",\"url\":\"https:\/\/zaloha.tekkiesstore.cz\/\",\"name\":\"Tekkies Store\",\"description\":\"Zna\u010dkov\u00e9 tenisky &amp; oble\u010den\u00ed\",\"publisher\":{\"@id\":\"https:\/\/zaloha.tekkiesstore.cz\/#organization\"},\"potentialAction\":[{\"@type\":\"SearchAction\",\"target\":{\"@type\":\"EntryPoint\",\"urlTemplate\":\"https:\/\/zaloha.tekkiesstore.cz\/?s={search_term_string}\"},\"query-input\":{\"@type\":\"PropertyValueSpecification\",\"valueRequired\":true,\"valueName\":\"search_term_string\"}}],\"inLanguage\":\"en-US\"},{\"@type\":\"Organization\",\"@id\":\"https:\/\/zaloha.tekkiesstore.cz\/#organization\",\"name\":\"Tekkies Store\",\"url\":\"https:\/\/zaloha.tekkiesstore.cz\/\",\"logo\":{\"@type\":\"ImageObject\",\"inLanguage\":\"en-US\",\"@id\":\"https:\/\/zaloha.tekkiesstore.cz\/#\/schema\/logo\/image\/\",\"url\":\"https:\/\/www.tekkiesstore.cz\/wp-content\/uploads\/2023\/11\/logo.png\",\"contentUrl\":\"https:\/\/www.tekkiesstore.cz\/wp-content\/uploads\/2023\/11\/logo.png\",\"width\":165,\"height\":58,\"caption\":\"Tekkies Store\"},\"image\":{\"@id\":\"https:\/\/zaloha.tekkiesstore.cz\/#\/schema\/logo\/image\/\"},\"sameAs\":[\"https:\/\/www.facebook.com\/profile.php?id=100090575808845\"]}]}<\/script>\n<!-- \/ Yoast SEO plugin. -->","yoast_head_json":{"title":"Privacy Policy | Tekkies Store","robots":{"index":"noindex","follow":"follow","max-snippet":"max-snippet:-1","max-image-preview":"max-image-preview:large","max-video-preview":"max-video-preview:-1"},"og_locale":"en_US","og_type":"article","og_title":"Privacy Policy | Tekkies Store","og_description":"Consent to the processing of personal data (GDPR) I. Basic Provisions You hereby grant your consent to the company TEKKIESSTORE,\u00a0ID: 17896118, with registered office in Byst\u0159ice pod Host\u00fdnem, Vset\u00ednsk\u00e1 1482, (hereinafter referred to as: &#8220;Administrator&#8220;),to the processing of personal data pursuant to Regulation (EU) 2016\/679 of the European Parliament and of the Council on the [&hellip;]","og_url":"https:\/\/zaloha.tekkiesstore.cz\/pravidla-ochrany-soukromi\/","og_site_name":"Tekkies Store","article_publisher":"https:\/\/www.facebook.com\/profile.php?id=100090575808845","article_modified_time":"2023-11-26T14:29:19+00:00","og_image":[{"width":1146,"height":613,"url":"https:\/\/zaloha.tekkiesstore.cz\/wp-content\/uploads\/2023\/11\/Thumbnail.png","type":"image\/png"}],"twitter_card":"summary_large_image","twitter_misc":{"Est. reading time":"7 minutes"},"schema":{"@context":"https:\/\/schema.org","@graph":[{"@type":"WebPage","@id":"https:\/\/zaloha.tekkiesstore.cz\/pravidla-ochrany-soukromi\/","url":"https:\/\/zaloha.tekkiesstore.cz\/pravidla-ochrany-soukromi\/","name":"Privacy Policy | Tekkies Store","isPartOf":{"@id":"https:\/\/zaloha.tekkiesstore.cz\/#website"},"datePublished":"2023-11-23T21:45:42+00:00","dateModified":"2023-11-26T14:29:19+00:00","breadcrumb":{"@id":"https:\/\/zaloha.tekkiesstore.cz\/pravidla-ochrany-soukromi\/#breadcrumb"},"inLanguage":"en-US","potentialAction":[{"@type":"ReadAction","target":["https:\/\/zaloha.tekkiesstore.cz\/pravidla-ochrany-soukromi\/"]}]},{"@type":"BreadcrumbList","@id":"https:\/\/zaloha.tekkiesstore.cz\/pravidla-ochrany-soukromi\/#breadcrumb","itemListElement":[{"@type":"ListItem","position":1,"name":"Home","item":"https:\/\/zaloha.tekkiesstore.cz\/"},{"@type":"ListItem","position":2,"name":"Privacy Policy"}]},{"@type":"WebSite","@id":"https:\/\/zaloha.tekkiesstore.cz\/#website","url":"https:\/\/zaloha.tekkiesstore.cz\/","name":"Tekkies Store","description":"Zna\u010dkov\u00e9 tenisky &amp; oble\u010den\u00ed","publisher":{"@id":"https:\/\/zaloha.tekkiesstore.cz\/#organization"},"potentialAction":[{"@type":"SearchAction","target":{"@type":"EntryPoint","urlTemplate":"https:\/\/zaloha.tekkiesstore.cz\/?s={search_term_string}"},"query-input":{"@type":"PropertyValueSpecification","valueRequired":true,"valueName":"search_term_string"}}],"inLanguage":"en-US"},{"@type":"Organization","@id":"https:\/\/zaloha.tekkiesstore.cz\/#organization","name":"Tekkies Store","url":"https:\/\/zaloha.tekkiesstore.cz\/","logo":{"@type":"ImageObject","inLanguage":"en-US","@id":"https:\/\/zaloha.tekkiesstore.cz\/#\/schema\/logo\/image\/","url":"https:\/\/www.tekkiesstore.cz\/wp-content\/uploads\/2023\/11\/logo.png","contentUrl":"https:\/\/www.tekkiesstore.cz\/wp-content\/uploads\/2023\/11\/logo.png","width":165,"height":58,"caption":"Tekkies Store"},"image":{"@id":"https:\/\/zaloha.tekkiesstore.cz\/#\/schema\/logo\/image\/"},"sameAs":["https:\/\/www.facebook.com\/profile.php?id=100090575808845"]}]}},"_links":{"self":[{"href":"https:\/\/zaloha.tekkiesstore.cz\/en\/wp-json\/wp\/v2\/pages\/38911","targetHints":{"allow":["GET"]}}],"collection":[{"href":"https:\/\/zaloha.tekkiesstore.cz\/en\/wp-json\/wp\/v2\/pages"}],"about":[{"href":"https:\/\/zaloha.tekkiesstore.cz\/en\/wp-json\/wp\/v2\/types\/page"}],"author":[{"embeddable":true,"href":"https:\/\/zaloha.tekkiesstore.cz\/en\/wp-json\/wp\/v2\/users\/3"}],"replies":[{"embeddable":true,"href":"https:\/\/zaloha.tekkiesstore.cz\/en\/wp-json\/wp\/v2\/comments?post=38911"}],"version-history":[{"count":0,"href":"https:\/\/zaloha.tekkiesstore.cz\/en\/wp-json\/wp\/v2\/pages\/38911\/revisions"}],"wp:attachment":[{"href":"https:\/\/zaloha.tekkiesstore.cz\/en\/wp-json\/wp\/v2\/media?parent=38911"}],"curies":[{"name":"wp","href":"https:\/\/api.w.org\/{rel}","templated":true}]}}