{"id":38905,"date":"2023-11-23T21:33:01","date_gmt":"2023-11-23T21:33:01","guid":{"rendered":"https:\/\/www.tekkiesstore.cz\/velikostni-tabulka\/"},"modified":"2025-02-12T22:26:56","modified_gmt":"2025-02-12T22:26:56","slug":"size-chart","status":"publish","type":"page","link":"https:\/\/zaloha.tekkiesstore.cz\/en\/size-chart\/","title":{"rendered":"Size chart"},"content":{"rendered":"<p>&nbsp;<\/p>\n<p><img decoding=\"async\" class=\"alignnone wp-image-75539\" src=\"https:\/\/www.tekkiesstore.cz\/wp-content\/uploads\/2025\/02\/nike-jordan-1-panske-300x55.png\" alt=\"nike-jordan-1-panske\" width=\"1775\" height=\"328\" srcset=\"https:\/\/zaloha.tekkiesstore.cz\/wp-content\/uploads\/2025\/02\/nike-jordan-1-panske-300x55.png 300w, https:\/\/zaloha.tekkiesstore.cz\/wp-content\/uploads\/2025\/02\/nike-jordan-1-panske-1024x189.png 1024w, https:\/\/zaloha.tekkiesstore.cz\/wp-content\/uploads\/2025\/02\/nike-jordan-1-panske-768x142.png 768w, https:\/\/zaloha.tekkiesstore.cz\/wp-content\/uploads\/2025\/02\/nike-jordan-1-panske-60x11.png 60w, https:\/\/zaloha.tekkiesstore.cz\/wp-content\/uploads\/2025\/02\/nike-jordan-1-panske-1536x284.png 1536w, https:\/\/zaloha.tekkiesstore.cz\/wp-content\/uploads\/2025\/02\/nike-jordan-1-panske-96x18.png 96w, https:\/\/zaloha.tekkiesstore.cz\/wp-content\/uploads\/2025\/02\/nike-jordan-1-panske-42x8.png 42w, https:\/\/zaloha.tekkiesstore.cz\/wp-content\/uploads\/2025\/02\/nike-jordan-1-panske-64x12.png 64w, https:\/\/zaloha.tekkiesstore.cz\/wp-content\/uploads\/2025\/02\/nike-jordan-1-panske.png 1775w\" sizes=\"(max-width: 1775px) 100vw, 1775px\" \/><img decoding=\"async\" class=\"alignnone wp-image-75533\" src=\"https:\/\/www.tekkiesstore.cz\/wp-content\/uploads\/2025\/02\/nike-air-jordan-1-damske-w-1-300x64.png\" alt=\"nike-air-jordan-1-damske-w\" width=\"1588\" height=\"337\" srcset=\"https:\/\/zaloha.tekkiesstore.cz\/wp-content\/uploads\/2025\/02\/nike-air-jordan-1-damske-w-1-300x64.png 300w, https:\/\/zaloha.tekkiesstore.cz\/wp-content\/uploads\/2025\/02\/nike-air-jordan-1-damske-w-1-1024x217.png 1024w, https:\/\/zaloha.tekkiesstore.cz\/wp-content\/uploads\/2025\/02\/nike-air-jordan-1-damske-w-1-768x163.png 768w, https:\/\/zaloha.tekkiesstore.cz\/wp-content\/uploads\/2025\/02\/nike-air-jordan-1-damske-w-1-60x13.png 60w, https:\/\/zaloha.tekkiesstore.cz\/wp-content\/uploads\/2025\/02\/nike-air-jordan-1-damske-w-1-1536x326.png 1536w, https:\/\/zaloha.tekkiesstore.cz\/wp-content\/uploads\/2025\/02\/nike-air-jordan-1-damske-w-1-96x20.png 96w, https:\/\/zaloha.tekkiesstore.cz\/wp-content\/uploads\/2025\/02\/nike-air-jordan-1-damske-w-1-42x9.png 42w, https:\/\/zaloha.tekkiesstore.cz\/wp-content\/uploads\/2025\/02\/nike-air-jordan-1-damske-w-1-64x14.png 64w, https:\/\/zaloha.tekkiesstore.cz\/wp-content\/uploads\/2025\/02\/nike-air-jordan-1-damske-w-1.png 1588w\" sizes=\"(max-width: 1588px) 100vw, 1588px\" \/><img decoding=\"async\" class=\"alignnone wp-image-75536\" src=\"https:\/\/www.tekkiesstore.cz\/wp-content\/uploads\/2025\/02\/nike-air-jordan-1-juniorske-gs-velikosti-1-300x71.png\" alt=\"nike-air-jordan-1-juniorske-gs-velikosti\" width=\"1403\" height=\"332\" srcset=\"https:\/\/zaloha.tekkiesstore.cz\/wp-content\/uploads\/2025\/02\/nike-air-jordan-1-juniorske-gs-velikosti-1-300x71.png 300w, https:\/\/zaloha.tekkiesstore.cz\/wp-content\/uploads\/2025\/02\/nike-air-jordan-1-juniorske-gs-velikosti-1-1024x242.png 1024w, https:\/\/zaloha.tekkiesstore.cz\/wp-content\/uploads\/2025\/02\/nike-air-jordan-1-juniorske-gs-velikosti-1-768x182.png 768w, https:\/\/zaloha.tekkiesstore.cz\/wp-content\/uploads\/2025\/02\/nike-air-jordan-1-juniorske-gs-velikosti-1-60x14.png 60w, https:\/\/zaloha.tekkiesstore.cz\/wp-content\/uploads\/2025\/02\/nike-air-jordan-1-juniorske-gs-velikosti-1-96x23.png 96w, https:\/\/zaloha.tekkiesstore.cz\/wp-content\/uploads\/2025\/02\/nike-air-jordan-1-juniorske-gs-velikosti-1-42x10.png 42w, https:\/\/zaloha.tekkiesstore.cz\/wp-content\/uploads\/2025\/02\/nike-air-jordan-1-juniorske-gs-velikosti-1-64x15.png 64w, https:\/\/zaloha.tekkiesstore.cz\/wp-content\/uploads\/2025\/02\/nike-air-jordan-1-juniorske-gs-velikosti-1.png 1403w\" sizes=\"(max-width: 1403px) 100vw, 1403px\" \/><img decoding=\"async\" class=\"alignnone wp-image-75551\" src=\"https:\/\/www.tekkiesstore.cz\/wp-content\/uploads\/2025\/02\/yeezy-slide-foam-runner-velikosti-300x81.png\" alt=\"yeezy-slide-foam-runner-velikosti\" width=\"1215\" height=\"329\" srcset=\"https:\/\/zaloha.tekkiesstore.cz\/wp-content\/uploads\/2025\/02\/yeezy-slide-foam-runner-velikosti-300x81.png 300w, https:\/\/zaloha.tekkiesstore.cz\/wp-content\/uploads\/2025\/02\/yeezy-slide-foam-runner-velikosti-1024x277.png 1024w, https:\/\/zaloha.tekkiesstore.cz\/wp-content\/uploads\/2025\/02\/yeezy-slide-foam-runner-velikosti-768x208.png 768w, https:\/\/zaloha.tekkiesstore.cz\/wp-content\/uploads\/2025\/02\/yeezy-slide-foam-runner-velikosti-60x16.png 60w, https:\/\/zaloha.tekkiesstore.cz\/wp-content\/uploads\/2025\/02\/yeezy-slide-foam-runner-velikosti-96x26.png 96w, https:\/\/zaloha.tekkiesstore.cz\/wp-content\/uploads\/2025\/02\/yeezy-slide-foam-runner-velikosti-42x11.png 42w, https:\/\/zaloha.tekkiesstore.cz\/wp-content\/uploads\/2025\/02\/yeezy-slide-foam-runner-velikosti-64x17.png 64w, https:\/\/zaloha.tekkiesstore.cz\/wp-content\/uploads\/2025\/02\/yeezy-slide-foam-runner-velikosti.png 1215w\" sizes=\"(max-width: 1215px) 100vw, 1215px\" \/><img decoding=\"async\" class=\"alignnone wp-image-75527\" src=\"https:\/\/www.tekkiesstore.cz\/wp-content\/uploads\/2025\/02\/adidas-campus-yeezy-boost-350-velikosti-300x47.webp\" alt=\"adidas-campus-yeezy-boost-350-velikosti\" width=\"1500\" height=\"237\" srcset=\"https:\/\/zaloha.tekkiesstore.cz\/wp-content\/uploads\/2025\/02\/adidas-campus-yeezy-boost-350-velikosti-300x47.webp 300w, https:\/\/zaloha.tekkiesstore.cz\/wp-content\/uploads\/2025\/02\/adidas-campus-yeezy-boost-350-velikosti-1024x162.webp 1024w, https:\/\/zaloha.tekkiesstore.cz\/wp-content\/uploads\/2025\/02\/adidas-campus-yeezy-boost-350-velikosti-768x121.webp 768w, https:\/\/zaloha.tekkiesstore.cz\/wp-content\/uploads\/2025\/02\/adidas-campus-yeezy-boost-350-velikosti-60x9.webp 60w, https:\/\/zaloha.tekkiesstore.cz\/wp-content\/uploads\/2025\/02\/adidas-campus-yeezy-boost-350-velikosti-96x15.webp 96w, https:\/\/zaloha.tekkiesstore.cz\/wp-content\/uploads\/2025\/02\/adidas-campus-yeezy-boost-350-velikosti-42x7.webp 42w, https:\/\/zaloha.tekkiesstore.cz\/wp-content\/uploads\/2025\/02\/adidas-campus-yeezy-boost-350-velikosti-64x10.webp 64w, https:\/\/zaloha.tekkiesstore.cz\/wp-content\/uploads\/2025\/02\/adidas-campus-yeezy-boost-350-velikosti.webp 1500w\" sizes=\"(max-width: 1500px) 100vw, 1500px\" \/><img decoding=\"async\" class=\"alignnone wp-image-75548\" src=\"https:\/\/www.tekkiesstore.cz\/wp-content\/uploads\/2025\/02\/vans-velikosti-2-300x57.webp\" alt=\"vans-velikosti\" width=\"1500\" height=\"286\" srcset=\"https:\/\/zaloha.tekkiesstore.cz\/wp-content\/uploads\/2025\/02\/vans-velikosti-2-300x57.webp 300w, https:\/\/zaloha.tekkiesstore.cz\/wp-content\/uploads\/2025\/02\/vans-velikosti-2-1024x195.webp 1024w, https:\/\/zaloha.tekkiesstore.cz\/wp-content\/uploads\/2025\/02\/vans-velikosti-2-768x146.webp 768w, https:\/\/zaloha.tekkiesstore.cz\/wp-content\/uploads\/2025\/02\/vans-velikosti-2-60x11.webp 60w, https:\/\/zaloha.tekkiesstore.cz\/wp-content\/uploads\/2025\/02\/vans-velikosti-2-96x18.webp 96w, https:\/\/zaloha.tekkiesstore.cz\/wp-content\/uploads\/2025\/02\/vans-velikosti-2-42x8.webp 42w, https:\/\/zaloha.tekkiesstore.cz\/wp-content\/uploads\/2025\/02\/vans-velikosti-2-64x12.webp 64w, https:\/\/zaloha.tekkiesstore.cz\/wp-content\/uploads\/2025\/02\/vans-velikosti-2.webp 1500w\" sizes=\"(max-width: 1500px) 100vw, 1500px\" \/><img decoding=\"async\" class=\"alignnone wp-image-75545\" src=\"https:\/\/www.tekkiesstore.cz\/wp-content\/uploads\/2025\/02\/ugg-velikosti-1-300x59.webp\" alt=\"ugg-velikosti\" width=\"1500\" height=\"297\" srcset=\"https:\/\/zaloha.tekkiesstore.cz\/wp-content\/uploads\/2025\/02\/ugg-velikosti-1-300x59.webp 300w, https:\/\/zaloha.tekkiesstore.cz\/wp-content\/uploads\/2025\/02\/ugg-velikosti-1-1024x203.webp 1024w, https:\/\/zaloha.tekkiesstore.cz\/wp-content\/uploads\/2025\/02\/ugg-velikosti-1-768x152.webp 768w, https:\/\/zaloha.tekkiesstore.cz\/wp-content\/uploads\/2025\/02\/ugg-velikosti-1-60x12.webp 60w, https:\/\/zaloha.tekkiesstore.cz\/wp-content\/uploads\/2025\/02\/ugg-velikosti-1-96x19.webp 96w, https:\/\/zaloha.tekkiesstore.cz\/wp-content\/uploads\/2025\/02\/ugg-velikosti-1-42x8.webp 42w, https:\/\/zaloha.tekkiesstore.cz\/wp-content\/uploads\/2025\/02\/ugg-velikosti-1-64x13.webp 64w, https:\/\/zaloha.tekkiesstore.cz\/wp-content\/uploads\/2025\/02\/ugg-velikosti-1.webp 1500w\" sizes=\"(max-width: 1500px) 100vw, 1500px\" \/><img decoding=\"async\" class=\"alignnone wp-image-75542\" src=\"https:\/\/www.tekkiesstore.cz\/wp-content\/uploads\/2025\/02\/ugg-gs-velikosti-300x119.png\" alt=\"ugg-gs-velikosti\" width=\"1274\" height=\"507\" srcset=\"https:\/\/zaloha.tekkiesstore.cz\/wp-content\/uploads\/2025\/02\/ugg-gs-velikosti-300x119.png 300w, https:\/\/zaloha.tekkiesstore.cz\/wp-content\/uploads\/2025\/02\/ugg-gs-velikosti-1024x408.png 1024w, https:\/\/zaloha.tekkiesstore.cz\/wp-content\/uploads\/2025\/02\/ugg-gs-velikosti-768x306.png 768w, https:\/\/zaloha.tekkiesstore.cz\/wp-content\/uploads\/2025\/02\/ugg-gs-velikosti-60x24.png 60w, https:\/\/zaloha.tekkiesstore.cz\/wp-content\/uploads\/2025\/02\/ugg-gs-velikosti-96x38.png 96w, https:\/\/zaloha.tekkiesstore.cz\/wp-content\/uploads\/2025\/02\/ugg-gs-velikosti-42x17.png 42w, https:\/\/zaloha.tekkiesstore.cz\/wp-content\/uploads\/2025\/02\/ugg-gs-velikosti-64x25.png 64w, https:\/\/zaloha.tekkiesstore.cz\/wp-content\/uploads\/2025\/02\/ugg-gs-velikosti.png 1274w\" sizes=\"(max-width: 1274px) 100vw, 1274px\" \/><img decoding=\"async\" class=\"alignnone wp-image-75530\" src=\"https:\/\/www.tekkiesstore.cz\/wp-content\/uploads\/2025\/02\/new-balance-550-velikosti-300x50.webp\" alt=\"new-balance-550-velikosti\" width=\"1500\" height=\"248\" srcset=\"https:\/\/zaloha.tekkiesstore.cz\/wp-content\/uploads\/2025\/02\/new-balance-550-velikosti-300x50.webp 300w, https:\/\/zaloha.tekkiesstore.cz\/wp-content\/uploads\/2025\/02\/new-balance-550-velikosti-1024x169.webp 1024w, https:\/\/zaloha.tekkiesstore.cz\/wp-content\/uploads\/2025\/02\/new-balance-550-velikosti-768x127.webp 768w, https:\/\/zaloha.tekkiesstore.cz\/wp-content\/uploads\/2025\/02\/new-balance-550-velikosti-60x10.webp 60w, https:\/\/zaloha.tekkiesstore.cz\/wp-content\/uploads\/2025\/02\/new-balance-550-velikosti-96x16.webp 96w, https:\/\/zaloha.tekkiesstore.cz\/wp-content\/uploads\/2025\/02\/new-balance-550-velikosti-42x7.webp 42w, https:\/\/zaloha.tekkiesstore.cz\/wp-content\/uploads\/2025\/02\/new-balance-550-velikosti-64x11.webp 64w, https:\/\/zaloha.tekkiesstore.cz\/wp-content\/uploads\/2025\/02\/new-balance-550-velikosti.webp 1500w\" sizes=\"(max-width: 1500px) 100vw, 1500px\" \/><\/p>\n","protected":false},"excerpt":{"rendered":"<p>&nbsp;<\/p>\n","protected":false},"author":3,"featured_media":0,"parent":0,"menu_order":0,"comment_status":"closed","ping_status":"closed","template":"","meta":{"_acf_changed":false,"footnotes":""},"class_list":["post-38905","page","type-page","status-publish","hentry"],"acf":[],"yoast_head":"<!-- This site is optimized with the Yoast SEO plugin v26.6 - https:\/\/yoast.com\/wordpress\/plugins\/seo\/ -->\n<title>Size chart | Tekkies Store<\/title>\n<meta name=\"description\" content=\"Velikostn\u00ed tabulka: Najd\u011bte spr\u00e1vnou velikost pro va\u0161e n\u00e1kupy s velikostn\u00ed tabulkou. U\u017eijte si dokonal\u00fd n\u00e1kup bez obav o spr\u00e1vn\u00e9 rozm\u011bry.\" \/>\n<meta name=\"robots\" content=\"noindex, follow, max-snippet:-1, max-image-preview:large, max-video-preview:-1\" \/>\n<meta property=\"og:locale\" content=\"en_US\" \/>\n<meta property=\"og:type\" content=\"article\" \/>\n<meta property=\"og:title\" content=\"Size chart | Tekkies Store\" \/>\n<meta property=\"og:description\" content=\"Velikostn\u00ed tabulka: Najd\u011bte spr\u00e1vnou velikost pro va\u0161e n\u00e1kupy s velikostn\u00ed tabulkou. U\u017eijte si dokonal\u00fd n\u00e1kup bez obav o spr\u00e1vn\u00e9 rozm\u011bry.\" \/>\n<meta property=\"og:url\" content=\"https:\/\/zaloha.tekkiesstore.cz\/velikostni-tabulka\/\" \/>\n<meta property=\"og:site_name\" content=\"Tekkies Store\" \/>\n<meta property=\"article:publisher\" content=\"https:\/\/www.facebook.com\/profile.php?id=100090575808845\" \/>\n<meta property=\"article:modified_time\" content=\"2025-02-12T22:26:56+00:00\" \/>\n<meta property=\"og:image\" content=\"https:\/\/www.tekkiesstore.cz\/wp-content\/uploads\/2025\/02\/nike-jordan-1-panske-300x55.png\" \/>\n<meta name=\"twitter:card\" content=\"summary_large_image\" \/>\n<meta name=\"twitter:label1\" content=\"Est. reading time\" \/>\n\t<meta name=\"twitter:data1\" content=\"2 minutes\" \/>\n<script type=\"application\/ld+json\" class=\"yoast-schema-graph\">{\"@context\":\"https:\/\/schema.org\",\"@graph\":[{\"@type\":\"WebPage\",\"@id\":\"https:\/\/zaloha.tekkiesstore.cz\/velikostni-tabulka\/\",\"url\":\"https:\/\/zaloha.tekkiesstore.cz\/velikostni-tabulka\/\",\"name\":\"Size chart | Tekkies Store\",\"isPartOf\":{\"@id\":\"https:\/\/zaloha.tekkiesstore.cz\/#website\"},\"primaryImageOfPage\":{\"@id\":\"https:\/\/zaloha.tekkiesstore.cz\/velikostni-tabulka\/#primaryimage\"},\"image\":{\"@id\":\"https:\/\/zaloha.tekkiesstore.cz\/velikostni-tabulka\/#primaryimage\"},\"thumbnailUrl\":\"https:\/\/www.tekkiesstore.cz\/wp-content\/uploads\/2025\/02\/nike-jordan-1-panske-300x55.png\",\"datePublished\":\"2023-11-23T21:33:01+00:00\",\"dateModified\":\"2025-02-12T22:26:56+00:00\",\"description\":\"Velikostn\u00ed tabulka: Najd\u011bte spr\u00e1vnou velikost pro va\u0161e n\u00e1kupy s velikostn\u00ed tabulkou. U\u017eijte si dokonal\u00fd n\u00e1kup bez obav o spr\u00e1vn\u00e9 rozm\u011bry.\",\"breadcrumb\":{\"@id\":\"https:\/\/zaloha.tekkiesstore.cz\/velikostni-tabulka\/#breadcrumb\"},\"inLanguage\":\"en-US\",\"potentialAction\":[{\"@type\":\"ReadAction\",\"target\":[\"https:\/\/zaloha.tekkiesstore.cz\/velikostni-tabulka\/\"]}]},{\"@type\":\"ImageObject\",\"inLanguage\":\"en-US\",\"@id\":\"https:\/\/zaloha.tekkiesstore.cz\/velikostni-tabulka\/#primaryimage\",\"url\":\"https:\/\/www.tekkiesstore.cz\/wp-content\/uploads\/2025\/02\/nike-jordan-1-panske-300x55.png\",\"contentUrl\":\"https:\/\/www.tekkiesstore.cz\/wp-content\/uploads\/2025\/02\/nike-jordan-1-panske-300x55.png\"},{\"@type\":\"BreadcrumbList\",\"@id\":\"https:\/\/zaloha.tekkiesstore.cz\/velikostni-tabulka\/#breadcrumb\",\"itemListElement\":[{\"@type\":\"ListItem\",\"position\":1,\"name\":\"Home\",\"item\":\"https:\/\/zaloha.tekkiesstore.cz\/\"},{\"@type\":\"ListItem\",\"position\":2,\"name\":\"Size chart\"}]},{\"@type\":\"WebSite\",\"@id\":\"https:\/\/zaloha.tekkiesstore.cz\/#website\",\"url\":\"https:\/\/zaloha.tekkiesstore.cz\/\",\"name\":\"Tekkies Store\",\"description\":\"Zna\u010dkov\u00e9 tenisky &amp; oble\u010den\u00ed\",\"publisher\":{\"@id\":\"https:\/\/zaloha.tekkiesstore.cz\/#organization\"},\"potentialAction\":[{\"@type\":\"SearchAction\",\"target\":{\"@type\":\"EntryPoint\",\"urlTemplate\":\"https:\/\/zaloha.tekkiesstore.cz\/?s={search_term_string}\"},\"query-input\":{\"@type\":\"PropertyValueSpecification\",\"valueRequired\":true,\"valueName\":\"search_term_string\"}}],\"inLanguage\":\"en-US\"},{\"@type\":\"Organization\",\"@id\":\"https:\/\/zaloha.tekkiesstore.cz\/#organization\",\"name\":\"Tekkies Store\",\"url\":\"https:\/\/zaloha.tekkiesstore.cz\/\",\"logo\":{\"@type\":\"ImageObject\",\"inLanguage\":\"en-US\",\"@id\":\"https:\/\/zaloha.tekkiesstore.cz\/#\/schema\/logo\/image\/\",\"url\":\"https:\/\/www.tekkiesstore.cz\/wp-content\/uploads\/2023\/11\/logo.png\",\"contentUrl\":\"https:\/\/www.tekkiesstore.cz\/wp-content\/uploads\/2023\/11\/logo.png\",\"width\":165,\"height\":58,\"caption\":\"Tekkies Store\"},\"image\":{\"@id\":\"https:\/\/zaloha.tekkiesstore.cz\/#\/schema\/logo\/image\/\"},\"sameAs\":[\"https:\/\/www.facebook.com\/profile.php?id=100090575808845\"]}]}<\/script>\n<!-- \/ Yoast SEO plugin. -->","yoast_head_json":{"title":"Size chart | Tekkies Store","description":"Velikostn\u00ed tabulka: Najd\u011bte spr\u00e1vnou velikost pro va\u0161e n\u00e1kupy s velikostn\u00ed tabulkou. U\u017eijte si dokonal\u00fd n\u00e1kup bez obav o spr\u00e1vn\u00e9 rozm\u011bry.","robots":{"index":"noindex","follow":"follow","max-snippet":"max-snippet:-1","max-image-preview":"max-image-preview:large","max-video-preview":"max-video-preview:-1"},"og_locale":"en_US","og_type":"article","og_title":"Size chart | Tekkies Store","og_description":"Velikostn\u00ed tabulka: Najd\u011bte spr\u00e1vnou velikost pro va\u0161e n\u00e1kupy s velikostn\u00ed tabulkou. U\u017eijte si dokonal\u00fd n\u00e1kup bez obav o spr\u00e1vn\u00e9 rozm\u011bry.","og_url":"https:\/\/zaloha.tekkiesstore.cz\/velikostni-tabulka\/","og_site_name":"Tekkies Store","article_publisher":"https:\/\/www.facebook.com\/profile.php?id=100090575808845","article_modified_time":"2025-02-12T22:26:56+00:00","og_image":[{"url":"https:\/\/www.tekkiesstore.cz\/wp-content\/uploads\/2025\/02\/nike-jordan-1-panske-300x55.png","type":"","width":"","height":""}],"twitter_card":"summary_large_image","twitter_misc":{"Est. reading time":"2 minutes"},"schema":{"@context":"https:\/\/schema.org","@graph":[{"@type":"WebPage","@id":"https:\/\/zaloha.tekkiesstore.cz\/velikostni-tabulka\/","url":"https:\/\/zaloha.tekkiesstore.cz\/velikostni-tabulka\/","name":"Size chart | Tekkies Store","isPartOf":{"@id":"https:\/\/zaloha.tekkiesstore.cz\/#website"},"primaryImageOfPage":{"@id":"https:\/\/zaloha.tekkiesstore.cz\/velikostni-tabulka\/#primaryimage"},"image":{"@id":"https:\/\/zaloha.tekkiesstore.cz\/velikostni-tabulka\/#primaryimage"},"thumbnailUrl":"https:\/\/www.tekkiesstore.cz\/wp-content\/uploads\/2025\/02\/nike-jordan-1-panske-300x55.png","datePublished":"2023-11-23T21:33:01+00:00","dateModified":"2025-02-12T22:26:56+00:00","description":"Velikostn\u00ed tabulka: Najd\u011bte spr\u00e1vnou velikost pro va\u0161e n\u00e1kupy s velikostn\u00ed tabulkou. U\u017eijte si dokonal\u00fd n\u00e1kup bez obav o spr\u00e1vn\u00e9 rozm\u011bry.","breadcrumb":{"@id":"https:\/\/zaloha.tekkiesstore.cz\/velikostni-tabulka\/#breadcrumb"},"inLanguage":"en-US","potentialAction":[{"@type":"ReadAction","target":["https:\/\/zaloha.tekkiesstore.cz\/velikostni-tabulka\/"]}]},{"@type":"ImageObject","inLanguage":"en-US","@id":"https:\/\/zaloha.tekkiesstore.cz\/velikostni-tabulka\/#primaryimage","url":"https:\/\/www.tekkiesstore.cz\/wp-content\/uploads\/2025\/02\/nike-jordan-1-panske-300x55.png","contentUrl":"https:\/\/www.tekkiesstore.cz\/wp-content\/uploads\/2025\/02\/nike-jordan-1-panske-300x55.png"},{"@type":"BreadcrumbList","@id":"https:\/\/zaloha.tekkiesstore.cz\/velikostni-tabulka\/#breadcrumb","itemListElement":[{"@type":"ListItem","position":1,"name":"Home","item":"https:\/\/zaloha.tekkiesstore.cz\/"},{"@type":"ListItem","position":2,"name":"Size chart"}]},{"@type":"WebSite","@id":"https:\/\/zaloha.tekkiesstore.cz\/#website","url":"https:\/\/zaloha.tekkiesstore.cz\/","name":"Tekkies Store","description":"Zna\u010dkov\u00e9 tenisky &amp; oble\u010den\u00ed","publisher":{"@id":"https:\/\/zaloha.tekkiesstore.cz\/#organization"},"potentialAction":[{"@type":"SearchAction","target":{"@type":"EntryPoint","urlTemplate":"https:\/\/zaloha.tekkiesstore.cz\/?s={search_term_string}"},"query-input":{"@type":"PropertyValueSpecification","valueRequired":true,"valueName":"search_term_string"}}],"inLanguage":"en-US"},{"@type":"Organization","@id":"https:\/\/zaloha.tekkiesstore.cz\/#organization","name":"Tekkies Store","url":"https:\/\/zaloha.tekkiesstore.cz\/","logo":{"@type":"ImageObject","inLanguage":"en-US","@id":"https:\/\/zaloha.tekkiesstore.cz\/#\/schema\/logo\/image\/","url":"https:\/\/www.tekkiesstore.cz\/wp-content\/uploads\/2023\/11\/logo.png","contentUrl":"https:\/\/www.tekkiesstore.cz\/wp-content\/uploads\/2023\/11\/logo.png","width":165,"height":58,"caption":"Tekkies Store"},"image":{"@id":"https:\/\/zaloha.tekkiesstore.cz\/#\/schema\/logo\/image\/"},"sameAs":["https:\/\/www.facebook.com\/profile.php?id=100090575808845"]}]}},"_links":{"self":[{"href":"https:\/\/zaloha.tekkiesstore.cz\/en\/wp-json\/wp\/v2\/pages\/38905","targetHints":{"allow":["GET"]}}],"collection":[{"href":"https:\/\/zaloha.tekkiesstore.cz\/en\/wp-json\/wp\/v2\/pages"}],"about":[{"href":"https:\/\/zaloha.tekkiesstore.cz\/en\/wp-json\/wp\/v2\/types\/page"}],"author":[{"embeddable":true,"href":"https:\/\/zaloha.tekkiesstore.cz\/en\/wp-json\/wp\/v2\/users\/3"}],"replies":[{"embeddable":true,"href":"https:\/\/zaloha.tekkiesstore.cz\/en\/wp-json\/wp\/v2\/comments?post=38905"}],"version-history":[{"count":0,"href":"https:\/\/zaloha.tekkiesstore.cz\/en\/wp-json\/wp\/v2\/pages\/38905\/revisions"}],"wp:attachment":[{"href":"https:\/\/zaloha.tekkiesstore.cz\/en\/wp-json\/wp\/v2\/media?parent=38905"}],"curies":[{"name":"wp","href":"https:\/\/api.w.org\/{rel}","templated":true}]}}