{"id":38891,"date":"2023-11-26T14:02:09","date_gmt":"2023-11-26T14:02:09","guid":{"rendered":"https:\/\/www.tekkiesstore.cz\/?page_id=38891"},"modified":"2025-02-14T23:38:20","modified_gmt":"2025-02-14T23:38:20","slug":"returns-and-claims","status":"publish","type":"page","link":"https:\/\/zaloha.tekkiesstore.cz\/en\/returns-and-claims\/","title":{"rendered":"Returns and Claims"},"content":{"rendered":"<p>Purchased goods may be returned without giving any reason within the statutory 14-day period from the date of receipt.<\/p>\n<p>Goods can only be returned in their original condition, without any signs of use.<\/p>\n<p>Please return the goods to us clean, unworn and including all parts.<\/p>\n<p>Please send the sneakers doubleboxed, i.e. pack the box with the sneakers in a cardboard box to prevent damage to the original sneaker box during shipping.<\/p>\n<p>Money for returned goods will be paid into your account within 14 days of receipt and inspection of the returned goods.<\/p>\n<p>Orders can of course also be returned in person, however we will always refund the money to your bank account.<\/p>\n<p>Please follow the instructions on the following forms for free returns or complaints:<\/p>\n<h2 class=\"wnd-align-center\"><strong><span class=\"wsw-02\">Return and complaint forms<\/span><\/strong><\/h2>\n<p>Need to return an order or make a claim? Choose the right form to find all the information you need.<\/p>\n<p><span class=\"wsw-02\"><strong>Returned goods<\/strong><\/span><\/p>\n<p><a href=\"https:\/\/drive.google.com\/file\/d\/1_vzKekuqtxeSZLOJSXSs56YFixg8BjuL\/view\">Withdrawal form<\/a><\/p>\n<p>&#8211; wrong size\/cut<\/p>\n<p>&#8211; not to my liking<\/p>\n<p>&#8211; other reason<\/p>\n<p><strong><span class=\"wsw-02\">Complaints<\/span><\/strong><\/p>\n<p><a href=\"https:\/\/drive.google.com\/file\/d\/1sixhPNnipjsUYlp0_FZzTK1M6a3_1CLq\/view\">Claim form<\/a><\/p>\n<p>&#8211; manufacturing defects<\/p>\n<p>&#8211; the goods arrived damaged<\/p>\n<p>&#8211; the goods arrived different from the order<\/p>\n<p>&#8211; the wrong size is not a reason for complaint, in this case you must use the withdrawal form<\/p>\n","protected":false},"excerpt":{"rendered":"<p>Purchased goods may be returned without giving any reason within the statutory 14-day period from the date of receipt. Goods can only be returned in their original condition, without any signs of use. Please return the goods to us clean, unworn and including all parts. Please send the sneakers doubleboxed, i.e. pack the box with [&hellip;]<\/p>\n","protected":false},"author":3,"featured_media":0,"parent":0,"menu_order":0,"comment_status":"closed","ping_status":"closed","template":"","meta":{"_acf_changed":false,"footnotes":""},"class_list":["post-38891","page","type-page","status-publish","hentry"],"acf":[],"yoast_head":"<!-- This site is optimized with the Yoast SEO plugin v26.6 - https:\/\/yoast.com\/wordpress\/plugins\/seo\/ -->\n<title>Returns and Claims | Tekkies Store<\/title>\n<meta name=\"robots\" content=\"noindex, follow, max-snippet:-1, max-image-preview:large, max-video-preview:-1\" \/>\n<meta property=\"og:locale\" content=\"en_US\" \/>\n<meta property=\"og:type\" content=\"article\" \/>\n<meta property=\"og:title\" content=\"Returns and Claims | Tekkies Store\" \/>\n<meta property=\"og:description\" content=\"Purchased goods may be returned without giving any reason within the statutory 14-day period from the date of receipt. Goods can only be returned in their original condition, without any signs of use. Please return the goods to us clean, unworn and including all parts. Please send the sneakers doubleboxed, i.e. pack the box with [&hellip;]\" \/>\n<meta property=\"og:url\" content=\"https:\/\/zaloha.tekkiesstore.cz\/vraceni-zbozi-a-reklamace\/\" \/>\n<meta property=\"og:site_name\" content=\"Tekkies Store\" \/>\n<meta property=\"article:publisher\" content=\"https:\/\/www.facebook.com\/profile.php?id=100090575808845\" \/>\n<meta property=\"article:modified_time\" content=\"2025-02-14T23:38:20+00:00\" \/>\n<meta property=\"og:image\" content=\"https:\/\/zaloha.tekkiesstore.cz\/wp-content\/uploads\/2023\/11\/Thumbnail.png\" \/>\n\t<meta property=\"og:image:width\" content=\"1146\" \/>\n\t<meta property=\"og:image:height\" content=\"613\" \/>\n\t<meta property=\"og:image:type\" content=\"image\/png\" \/>\n<meta name=\"twitter:card\" content=\"summary_large_image\" \/>\n<meta name=\"twitter:label1\" content=\"Est. reading time\" \/>\n\t<meta name=\"twitter:data1\" content=\"2 minutes\" \/>\n<script type=\"application\/ld+json\" class=\"yoast-schema-graph\">{\"@context\":\"https:\/\/schema.org\",\"@graph\":[{\"@type\":\"WebPage\",\"@id\":\"https:\/\/zaloha.tekkiesstore.cz\/vraceni-zbozi-a-reklamace\/\",\"url\":\"https:\/\/zaloha.tekkiesstore.cz\/vraceni-zbozi-a-reklamace\/\",\"name\":\"Returns and Claims | Tekkies Store\",\"isPartOf\":{\"@id\":\"https:\/\/zaloha.tekkiesstore.cz\/#website\"},\"datePublished\":\"2023-11-26T14:02:09+00:00\",\"dateModified\":\"2025-02-14T23:38:20+00:00\",\"breadcrumb\":{\"@id\":\"https:\/\/zaloha.tekkiesstore.cz\/vraceni-zbozi-a-reklamace\/#breadcrumb\"},\"inLanguage\":\"en-US\",\"potentialAction\":[{\"@type\":\"ReadAction\",\"target\":[\"https:\/\/zaloha.tekkiesstore.cz\/vraceni-zbozi-a-reklamace\/\"]}]},{\"@type\":\"BreadcrumbList\",\"@id\":\"https:\/\/zaloha.tekkiesstore.cz\/vraceni-zbozi-a-reklamace\/#breadcrumb\",\"itemListElement\":[{\"@type\":\"ListItem\",\"position\":1,\"name\":\"Home\",\"item\":\"https:\/\/zaloha.tekkiesstore.cz\/\"},{\"@type\":\"ListItem\",\"position\":2,\"name\":\"Returns and Claims\"}]},{\"@type\":\"WebSite\",\"@id\":\"https:\/\/zaloha.tekkiesstore.cz\/#website\",\"url\":\"https:\/\/zaloha.tekkiesstore.cz\/\",\"name\":\"Tekkies Store\",\"description\":\"Zna\u010dkov\u00e9 tenisky &amp; oble\u010den\u00ed\",\"publisher\":{\"@id\":\"https:\/\/zaloha.tekkiesstore.cz\/#organization\"},\"potentialAction\":[{\"@type\":\"SearchAction\",\"target\":{\"@type\":\"EntryPoint\",\"urlTemplate\":\"https:\/\/zaloha.tekkiesstore.cz\/?s={search_term_string}\"},\"query-input\":{\"@type\":\"PropertyValueSpecification\",\"valueRequired\":true,\"valueName\":\"search_term_string\"}}],\"inLanguage\":\"en-US\"},{\"@type\":\"Organization\",\"@id\":\"https:\/\/zaloha.tekkiesstore.cz\/#organization\",\"name\":\"Tekkies Store\",\"url\":\"https:\/\/zaloha.tekkiesstore.cz\/\",\"logo\":{\"@type\":\"ImageObject\",\"inLanguage\":\"en-US\",\"@id\":\"https:\/\/zaloha.tekkiesstore.cz\/#\/schema\/logo\/image\/\",\"url\":\"https:\/\/www.tekkiesstore.cz\/wp-content\/uploads\/2023\/11\/logo.png\",\"contentUrl\":\"https:\/\/www.tekkiesstore.cz\/wp-content\/uploads\/2023\/11\/logo.png\",\"width\":165,\"height\":58,\"caption\":\"Tekkies Store\"},\"image\":{\"@id\":\"https:\/\/zaloha.tekkiesstore.cz\/#\/schema\/logo\/image\/\"},\"sameAs\":[\"https:\/\/www.facebook.com\/profile.php?id=100090575808845\"]}]}<\/script>\n<!-- \/ Yoast SEO plugin. -->","yoast_head_json":{"title":"Returns and Claims | Tekkies Store","robots":{"index":"noindex","follow":"follow","max-snippet":"max-snippet:-1","max-image-preview":"max-image-preview:large","max-video-preview":"max-video-preview:-1"},"og_locale":"en_US","og_type":"article","og_title":"Returns and Claims | Tekkies Store","og_description":"Purchased goods may be returned without giving any reason within the statutory 14-day period from the date of receipt. Goods can only be returned in their original condition, without any signs of use. Please return the goods to us clean, unworn and including all parts. Please send the sneakers doubleboxed, i.e. pack the box with [&hellip;]","og_url":"https:\/\/zaloha.tekkiesstore.cz\/vraceni-zbozi-a-reklamace\/","og_site_name":"Tekkies Store","article_publisher":"https:\/\/www.facebook.com\/profile.php?id=100090575808845","article_modified_time":"2025-02-14T23:38:20+00:00","og_image":[{"width":1146,"height":613,"url":"https:\/\/zaloha.tekkiesstore.cz\/wp-content\/uploads\/2023\/11\/Thumbnail.png","type":"image\/png"}],"twitter_card":"summary_large_image","twitter_misc":{"Est. reading time":"2 minutes"},"schema":{"@context":"https:\/\/schema.org","@graph":[{"@type":"WebPage","@id":"https:\/\/zaloha.tekkiesstore.cz\/vraceni-zbozi-a-reklamace\/","url":"https:\/\/zaloha.tekkiesstore.cz\/vraceni-zbozi-a-reklamace\/","name":"Returns and Claims | Tekkies Store","isPartOf":{"@id":"https:\/\/zaloha.tekkiesstore.cz\/#website"},"datePublished":"2023-11-26T14:02:09+00:00","dateModified":"2025-02-14T23:38:20+00:00","breadcrumb":{"@id":"https:\/\/zaloha.tekkiesstore.cz\/vraceni-zbozi-a-reklamace\/#breadcrumb"},"inLanguage":"en-US","potentialAction":[{"@type":"ReadAction","target":["https:\/\/zaloha.tekkiesstore.cz\/vraceni-zbozi-a-reklamace\/"]}]},{"@type":"BreadcrumbList","@id":"https:\/\/zaloha.tekkiesstore.cz\/vraceni-zbozi-a-reklamace\/#breadcrumb","itemListElement":[{"@type":"ListItem","position":1,"name":"Home","item":"https:\/\/zaloha.tekkiesstore.cz\/"},{"@type":"ListItem","position":2,"name":"Returns and Claims"}]},{"@type":"WebSite","@id":"https:\/\/zaloha.tekkiesstore.cz\/#website","url":"https:\/\/zaloha.tekkiesstore.cz\/","name":"Tekkies Store","description":"Zna\u010dkov\u00e9 tenisky &amp; oble\u010den\u00ed","publisher":{"@id":"https:\/\/zaloha.tekkiesstore.cz\/#organization"},"potentialAction":[{"@type":"SearchAction","target":{"@type":"EntryPoint","urlTemplate":"https:\/\/zaloha.tekkiesstore.cz\/?s={search_term_string}"},"query-input":{"@type":"PropertyValueSpecification","valueRequired":true,"valueName":"search_term_string"}}],"inLanguage":"en-US"},{"@type":"Organization","@id":"https:\/\/zaloha.tekkiesstore.cz\/#organization","name":"Tekkies Store","url":"https:\/\/zaloha.tekkiesstore.cz\/","logo":{"@type":"ImageObject","inLanguage":"en-US","@id":"https:\/\/zaloha.tekkiesstore.cz\/#\/schema\/logo\/image\/","url":"https:\/\/www.tekkiesstore.cz\/wp-content\/uploads\/2023\/11\/logo.png","contentUrl":"https:\/\/www.tekkiesstore.cz\/wp-content\/uploads\/2023\/11\/logo.png","width":165,"height":58,"caption":"Tekkies Store"},"image":{"@id":"https:\/\/zaloha.tekkiesstore.cz\/#\/schema\/logo\/image\/"},"sameAs":["https:\/\/www.facebook.com\/profile.php?id=100090575808845"]}]}},"_links":{"self":[{"href":"https:\/\/zaloha.tekkiesstore.cz\/en\/wp-json\/wp\/v2\/pages\/38891","targetHints":{"allow":["GET"]}}],"collection":[{"href":"https:\/\/zaloha.tekkiesstore.cz\/en\/wp-json\/wp\/v2\/pages"}],"about":[{"href":"https:\/\/zaloha.tekkiesstore.cz\/en\/wp-json\/wp\/v2\/types\/page"}],"author":[{"embeddable":true,"href":"https:\/\/zaloha.tekkiesstore.cz\/en\/wp-json\/wp\/v2\/users\/3"}],"replies":[{"embeddable":true,"href":"https:\/\/zaloha.tekkiesstore.cz\/en\/wp-json\/wp\/v2\/comments?post=38891"}],"version-history":[{"count":0,"href":"https:\/\/zaloha.tekkiesstore.cz\/en\/wp-json\/wp\/v2\/pages\/38891\/revisions"}],"wp:attachment":[{"href":"https:\/\/zaloha.tekkiesstore.cz\/en\/wp-json\/wp\/v2\/media?parent=38891"}],"curies":[{"name":"wp","href":"https:\/\/api.w.org\/{rel}","templated":true}]}}