{"id":25953,"date":"2023-11-23T21:04:21","date_gmt":"2023-11-23T21:04:21","guid":{"rendered":"https:\/\/www.tekkiesstore.cz\/cookies\/"},"modified":"2023-11-23T22:16:29","modified_gmt":"2023-11-23T22:16:29","slug":"cookies","status":"publish","type":"page","link":"https:\/\/zaloha.tekkiesstore.cz\/en\/cookies\/","title":{"rendered":"Cookies"},"content":{"rendered":"<h2>What are cookies?<\/h2>\n<p>Cookies and other technologies help us to improve our services, help us analyse the performance of the site and enable us to help customers choose the right products. You can choose which cookies we can use in the settings. You can withdraw your consent at any time.<\/p>\n<p>Read <a href=\"https:\/\/www.tekkiesstore.cz\/en\/privacy-policy\/\">our data processing policy\u00a0<\/a><\/p>\n<p>&nbsp;<\/p>\n<h2>Which cookies we collect:<\/h2>\n<ul>\n<li><strong>Technical (required)<br \/>\n<\/strong>Cookies necessary for the proper functioning of our website.<br \/>\nDescription These cookies are essential for the proper functioning of the website &#8211; they ensure proper display, submitting forms, adding items to your cart, etc.<\/li>\n<\/ul>\n<ul>\n<li><strong>Preferred<br \/>\n<\/strong>Preference cookies allow a website to remember information that changes the behaviour or appearance of a website. For example, your preferred language or the region you are in.<\/li>\n<\/ul>\n<ul>\n<li><strong>Statistical<br \/>\n<\/strong>Statistical cookies help website owners understand how visitors use the website. They collect and report information anonymously.<\/li>\n<\/ul>\n","protected":false},"excerpt":{"rendered":"<p>What are cookies? Cookies and other technologies help us to improve our services, help us analyse the performance of the site and enable us to help customers choose the right products. You can choose which cookies we can use in the settings. You can withdraw your consent at any time. Read our data processing policy\u00a0 [&hellip;]<\/p>\n","protected":false},"author":1,"featured_media":0,"parent":0,"menu_order":0,"comment_status":"closed","ping_status":"closed","template":"","meta":{"_acf_changed":false,"footnotes":""},"class_list":["post-25953","page","type-page","status-publish","hentry"],"acf":[],"yoast_head":"<!-- This site is optimized with the Yoast SEO plugin v26.6 - https:\/\/yoast.com\/wordpress\/plugins\/seo\/ -->\n<title>Cookies | Tekkies Store<\/title>\n<meta name=\"robots\" content=\"noindex, follow, max-snippet:-1, max-image-preview:large, max-video-preview:-1\" \/>\n<meta property=\"og:locale\" content=\"en_US\" \/>\n<meta property=\"og:type\" content=\"article\" \/>\n<meta property=\"og:title\" content=\"Cookies | Tekkies Store\" \/>\n<meta property=\"og:description\" content=\"What are cookies? Cookies and other technologies help us to improve our services, help us analyse the performance of the site and enable us to help customers choose the right products. You can choose which cookies we can use in the settings. You can withdraw your consent at any time. Read our data processing policy\u00a0 [&hellip;]\" \/>\n<meta property=\"og:url\" content=\"https:\/\/zaloha.tekkiesstore.cz\/cookies\/\" \/>\n<meta property=\"og:site_name\" content=\"Tekkies Store\" \/>\n<meta property=\"article:publisher\" content=\"https:\/\/www.facebook.com\/profile.php?id=100090575808845\" \/>\n<meta property=\"article:modified_time\" content=\"2023-11-23T22:16:29+00:00\" \/>\n<meta property=\"og:image\" content=\"https:\/\/zaloha.tekkiesstore.cz\/wp-content\/uploads\/2023\/11\/Thumbnail.png\" \/>\n\t<meta property=\"og:image:width\" content=\"1146\" \/>\n\t<meta property=\"og:image:height\" content=\"613\" \/>\n\t<meta property=\"og:image:type\" content=\"image\/png\" \/>\n<meta name=\"twitter:card\" content=\"summary_large_image\" \/>\n<meta name=\"twitter:label1\" content=\"Est. reading time\" \/>\n\t<meta name=\"twitter:data1\" content=\"1 minute\" \/>\n<script type=\"application\/ld+json\" class=\"yoast-schema-graph\">{\"@context\":\"https:\/\/schema.org\",\"@graph\":[{\"@type\":\"WebPage\",\"@id\":\"https:\/\/zaloha.tekkiesstore.cz\/cookies\/\",\"url\":\"https:\/\/zaloha.tekkiesstore.cz\/cookies\/\",\"name\":\"Cookies | Tekkies Store\",\"isPartOf\":{\"@id\":\"https:\/\/zaloha.tekkiesstore.cz\/#website\"},\"datePublished\":\"2023-11-23T21:04:21+00:00\",\"dateModified\":\"2023-11-23T22:16:29+00:00\",\"breadcrumb\":{\"@id\":\"https:\/\/zaloha.tekkiesstore.cz\/cookies\/#breadcrumb\"},\"inLanguage\":\"en-US\",\"potentialAction\":[{\"@type\":\"ReadAction\",\"target\":[\"https:\/\/zaloha.tekkiesstore.cz\/cookies\/\"]}]},{\"@type\":\"BreadcrumbList\",\"@id\":\"https:\/\/zaloha.tekkiesstore.cz\/cookies\/#breadcrumb\",\"itemListElement\":[{\"@type\":\"ListItem\",\"position\":1,\"name\":\"Home\",\"item\":\"https:\/\/zaloha.tekkiesstore.cz\/\"},{\"@type\":\"ListItem\",\"position\":2,\"name\":\"Cookies\"}]},{\"@type\":\"WebSite\",\"@id\":\"https:\/\/zaloha.tekkiesstore.cz\/#website\",\"url\":\"https:\/\/zaloha.tekkiesstore.cz\/\",\"name\":\"Tekkies Store\",\"description\":\"Zna\u010dkov\u00e9 tenisky &amp; oble\u010den\u00ed\",\"publisher\":{\"@id\":\"https:\/\/zaloha.tekkiesstore.cz\/#organization\"},\"potentialAction\":[{\"@type\":\"SearchAction\",\"target\":{\"@type\":\"EntryPoint\",\"urlTemplate\":\"https:\/\/zaloha.tekkiesstore.cz\/?s={search_term_string}\"},\"query-input\":{\"@type\":\"PropertyValueSpecification\",\"valueRequired\":true,\"valueName\":\"search_term_string\"}}],\"inLanguage\":\"en-US\"},{\"@type\":\"Organization\",\"@id\":\"https:\/\/zaloha.tekkiesstore.cz\/#organization\",\"name\":\"Tekkies Store\",\"url\":\"https:\/\/zaloha.tekkiesstore.cz\/\",\"logo\":{\"@type\":\"ImageObject\",\"inLanguage\":\"en-US\",\"@id\":\"https:\/\/zaloha.tekkiesstore.cz\/#\/schema\/logo\/image\/\",\"url\":\"https:\/\/www.tekkiesstore.cz\/wp-content\/uploads\/2023\/11\/logo.png\",\"contentUrl\":\"https:\/\/www.tekkiesstore.cz\/wp-content\/uploads\/2023\/11\/logo.png\",\"width\":165,\"height\":58,\"caption\":\"Tekkies Store\"},\"image\":{\"@id\":\"https:\/\/zaloha.tekkiesstore.cz\/#\/schema\/logo\/image\/\"},\"sameAs\":[\"https:\/\/www.facebook.com\/profile.php?id=100090575808845\"]}]}<\/script>\n<!-- \/ Yoast SEO plugin. -->","yoast_head_json":{"title":"Cookies | Tekkies Store","robots":{"index":"noindex","follow":"follow","max-snippet":"max-snippet:-1","max-image-preview":"max-image-preview:large","max-video-preview":"max-video-preview:-1"},"og_locale":"en_US","og_type":"article","og_title":"Cookies | Tekkies Store","og_description":"What are cookies? Cookies and other technologies help us to improve our services, help us analyse the performance of the site and enable us to help customers choose the right products. You can choose which cookies we can use in the settings. You can withdraw your consent at any time. Read our data processing policy\u00a0 [&hellip;]","og_url":"https:\/\/zaloha.tekkiesstore.cz\/cookies\/","og_site_name":"Tekkies Store","article_publisher":"https:\/\/www.facebook.com\/profile.php?id=100090575808845","article_modified_time":"2023-11-23T22:16:29+00:00","og_image":[{"width":1146,"height":613,"url":"https:\/\/zaloha.tekkiesstore.cz\/wp-content\/uploads\/2023\/11\/Thumbnail.png","type":"image\/png"}],"twitter_card":"summary_large_image","twitter_misc":{"Est. reading time":"1 minute"},"schema":{"@context":"https:\/\/schema.org","@graph":[{"@type":"WebPage","@id":"https:\/\/zaloha.tekkiesstore.cz\/cookies\/","url":"https:\/\/zaloha.tekkiesstore.cz\/cookies\/","name":"Cookies | Tekkies Store","isPartOf":{"@id":"https:\/\/zaloha.tekkiesstore.cz\/#website"},"datePublished":"2023-11-23T21:04:21+00:00","dateModified":"2023-11-23T22:16:29+00:00","breadcrumb":{"@id":"https:\/\/zaloha.tekkiesstore.cz\/cookies\/#breadcrumb"},"inLanguage":"en-US","potentialAction":[{"@type":"ReadAction","target":["https:\/\/zaloha.tekkiesstore.cz\/cookies\/"]}]},{"@type":"BreadcrumbList","@id":"https:\/\/zaloha.tekkiesstore.cz\/cookies\/#breadcrumb","itemListElement":[{"@type":"ListItem","position":1,"name":"Home","item":"https:\/\/zaloha.tekkiesstore.cz\/"},{"@type":"ListItem","position":2,"name":"Cookies"}]},{"@type":"WebSite","@id":"https:\/\/zaloha.tekkiesstore.cz\/#website","url":"https:\/\/zaloha.tekkiesstore.cz\/","name":"Tekkies Store","description":"Zna\u010dkov\u00e9 tenisky &amp; oble\u010den\u00ed","publisher":{"@id":"https:\/\/zaloha.tekkiesstore.cz\/#organization"},"potentialAction":[{"@type":"SearchAction","target":{"@type":"EntryPoint","urlTemplate":"https:\/\/zaloha.tekkiesstore.cz\/?s={search_term_string}"},"query-input":{"@type":"PropertyValueSpecification","valueRequired":true,"valueName":"search_term_string"}}],"inLanguage":"en-US"},{"@type":"Organization","@id":"https:\/\/zaloha.tekkiesstore.cz\/#organization","name":"Tekkies Store","url":"https:\/\/zaloha.tekkiesstore.cz\/","logo":{"@type":"ImageObject","inLanguage":"en-US","@id":"https:\/\/zaloha.tekkiesstore.cz\/#\/schema\/logo\/image\/","url":"https:\/\/www.tekkiesstore.cz\/wp-content\/uploads\/2023\/11\/logo.png","contentUrl":"https:\/\/www.tekkiesstore.cz\/wp-content\/uploads\/2023\/11\/logo.png","width":165,"height":58,"caption":"Tekkies Store"},"image":{"@id":"https:\/\/zaloha.tekkiesstore.cz\/#\/schema\/logo\/image\/"},"sameAs":["https:\/\/www.facebook.com\/profile.php?id=100090575808845"]}]}},"_links":{"self":[{"href":"https:\/\/zaloha.tekkiesstore.cz\/en\/wp-json\/wp\/v2\/pages\/25953","targetHints":{"allow":["GET"]}}],"collection":[{"href":"https:\/\/zaloha.tekkiesstore.cz\/en\/wp-json\/wp\/v2\/pages"}],"about":[{"href":"https:\/\/zaloha.tekkiesstore.cz\/en\/wp-json\/wp\/v2\/types\/page"}],"author":[{"embeddable":true,"href":"https:\/\/zaloha.tekkiesstore.cz\/en\/wp-json\/wp\/v2\/users\/1"}],"replies":[{"embeddable":true,"href":"https:\/\/zaloha.tekkiesstore.cz\/en\/wp-json\/wp\/v2\/comments?post=25953"}],"version-history":[{"count":0,"href":"https:\/\/zaloha.tekkiesstore.cz\/en\/wp-json\/wp\/v2\/pages\/25953\/revisions"}],"wp:attachment":[{"href":"https:\/\/zaloha.tekkiesstore.cz\/en\/wp-json\/wp\/v2\/media?parent=25953"}],"curies":[{"name":"wp","href":"https:\/\/api.w.org\/{rel}","templated":true}]}}